{"id":19095,"date":"2025-06-06T14:58:55","date_gmt":"2025-06-06T14:58:55","guid":{"rendered":"https:\/\/www.intekview.com\/product\/support-pc-portable-pliable-avec-rotation-a-360-lr150\/"},"modified":"2025-06-06T15:39:19","modified_gmt":"2025-06-06T15:39:19","slug":"support-pc-portable-pliable-avec-rotation-a-360-lr150","status":"publish","type":"product","link":"https:\/\/www.intekview.com\/fr\/product\/support-pc-portable-pliable-avec-rotation-a-360-lr150\/","title":{"rendered":"Support PC Portable, pliable avec rotation \u00e0 360\u00b0- LR150"},"content":{"rendered":"\t\t<div data-elementor-type=\"wp-post\" data-elementor-id=\"19095\" class=\"elementor elementor-19095\">\n\t\t\t\t\t\t<section class=\"elementor-section elementor-top-section elementor-element elementor-element-5fd63dd elementor-section-content-top elementor-section-boxed elementor-section-height-default elementor-section-height-default wd-section-disabled\" data-id=\"5fd63dd\" data-element_type=\"section\" data-e-type=\"section\">\n\t\t\t\t\t\t<div class=\"elementor-container elementor-column-gap-default\">\n\t\t\t\t\t<div class=\"elementor-column elementor-col-50 elementor-top-column elementor-element elementor-element-2f78948a\" data-id=\"2f78948a\" data-element_type=\"column\" data-e-type=\"column\">\n\t\t\t<div class=\"elementor-widget-wrap elementor-element-populated\">\n\t\t\t\t\t\t<div class=\"elementor-element elementor-element-16a6f9a elementor-widget elementor-widget-wd_text_block\" data-id=\"16a6f9a\" data-element_type=\"widget\" data-e-type=\"widget\" data-widget_type=\"wd_text_block.default\">\n\t\t\t\t<div class=\"elementor-widget-container\">\n\t\t\t\t\t\t\t<div class=\"wd-text-block reset-last-child text-left\">\n\t\t\t\n\t\t\t<p class=\"product-details-code\">Code produit: LR150<\/p><p class=\"product-details-code\"><strong>Caract\u00e9ristiques :<\/strong><\/p><div class=\"product-details-desc\"><ul><li><strong>Rotation 360\u00b0<\/strong>\u00a0: Changez l\u2019orientation de votre \u00e9cran sans d\u00e9placer votre appareil.<\/li><li><strong>Design ergonomique<\/strong>\u00a0: \u00c9l\u00e9vation de l\u2019\u00e9cran \u00e0 hauteur des yeux pour une posture am\u00e9lior\u00e9e.<\/li><li><strong>Ventilation efficace<\/strong>\u00a0: Structure ouverte favorisant la circulation de l\u2019air et r\u00e9duisant la surchauffe.<\/li><li><strong>Patins antid\u00e9rapants<\/strong>\u00a0: Prot\u00e8gent l\u2019ordinateur des rayures et assurent une bonne stabilit\u00e9.<\/li><li><strong>Inclinaison ajustable<\/strong>\u00a0: Adaptez facilement l\u2019angle de vue selon vos besoins.<\/li><li><strong>Conception pliable<\/strong>\u00a0: Se replie \u00e0 plat pour faciliter le rangement ou les d\u00e9placements.<\/li><li><strong>But\u00e9e de s\u00e9curit\u00e9<\/strong>\u00a0: Emp\u00eache votre appareil de glisser vers l\u2019avant.<\/li><\/ul><p><strong>Sp\u00e9cifications Techniques :\u00a0<\/strong><\/p><ul><li><strong>Cat\u00e9gorie<\/strong>\u00a0: Support pour ordinateur portable<\/li><li><strong>Compatibilit\u00e9<\/strong>\u00a0: Appareils de 11\u201d \u00e0 17\u201d<\/li><li><strong>Rotation<\/strong>\u00a0: Base rotative \u00e0 360\u00b0<\/li><li><strong>Charge maximale<\/strong>\u00a0: 5 kg (11 lbs)<\/li><li><strong>Mat\u00e9riaux<\/strong>\u00a0: Alliage d\u2019aluminium et silicone<\/li><li><strong>Finition<\/strong>\u00a0: Aluminium sabl\u00e9 et anodis\u00e9<\/li><li><strong>Dimensions<\/strong>\u00a0: 310 \u00d7 40 \u00d7 30 mm (12.2\u2033 \u00d7 1.6\u2033 \u00d7 1.2\u2033)<\/li><li><strong>Couleur<\/strong>\u00a0: Argent<\/li><li><strong>Alimentation<\/strong>\u00a0: Aucune (sans fil, sans batterie)<\/li><\/ul><p><em>Le LR150 est le compagnon id\u00e9al pour ceux qui veulent allier confort, mobilit\u00e9 et efficacit\u00e9 dans leur quotidien num\u00e9rique.<\/em><\/p><\/div>\n\t\t\t\t\t<\/div>\n\t\t\t\t\t\t<\/div>\n\t\t\t\t<\/div>\n\t\t\t\t\t<\/div>\n\t\t<\/div>\n\t\t\t\t<div class=\"elementor-column elementor-col-50 elementor-top-column elementor-element elementor-element-7aae7afc\" data-id=\"7aae7afc\" data-element_type=\"column\" data-e-type=\"column\">\n\t\t\t<div class=\"elementor-widget-wrap elementor-element-populated\">\n\t\t\t\t\t\t<section class=\"elementor-section elementor-inner-section elementor-element elementor-element-4435698 elementor-section-content-top elementor-section-boxed elementor-section-height-default elementor-section-height-default wd-section-disabled\" data-id=\"4435698\" data-element_type=\"section\" data-e-type=\"section\">\n\t\t\t\t\t\t<div class=\"elementor-container elementor-column-gap-default\">\n\t\t\t\t\t<div class=\"elementor-column elementor-col-50 elementor-inner-column elementor-element elementor-element-5fc5a8d7\" data-id=\"5fc5a8d7\" data-element_type=\"column\" data-e-type=\"column\">\n\t\t\t<div class=\"elementor-widget-wrap elementor-element-populated\">\n\t\t\t\t\t\t<div class=\"elementor-element elementor-element-155004f0 elementor-widget elementor-widget-wd_infobox\" data-id=\"155004f0\" data-element_type=\"widget\" data-e-type=\"widget\" data-widget_type=\"wd_infobox.default\">\n\t\t\t\t<div class=\"elementor-widget-container\">\n\t\t\t\t\t\t\t<div class=\"info-box-wrapper\">\n\t\t\t<div class=\"wd-info-box text-center box-icon-align-top box-style-base color-scheme- cursor-pointer\" onclick=\"window.location.href='#'\">\n\t\t\t\t\t\t\t\t\t<div class=\"box-icon-wrapper  box-with-icon box-icon-simple\">\n\t\t\t\t\t\t<div class=\"info-box-icon\">\n\t\t\t\t\t\t\t\t\t\t\t\t\t\t\t<img decoding=\"async\" src=\"https:\/\/www.intekview.com\/wp-content\/uploads\/elementor\/thumbs\/icone_angle-ajustable-q5tq9wzypkebm8rf5jcdu8f2nf251iwmaxl6svxjzo.png\" title=\"icone_angle ajustable\" alt=\"icone_angle ajustable\" loading=\"lazy\" \/>\t\t\t\t\t\t\t\t\t\t\t\t\t<\/div>\n\t\t\t\t\t<\/div>\n\t\t\t\t\n\t\t\t\t<div class=\"info-box-content\">\n\t\t\t\t\t\n\t\t\t\t\t\t\t\t\t\t\t<h4\t\t\t\t\t\tclass=\"info-box-title title box-title-style-default wd-fontsize-s\" data-elementor-setting-key=\"title\">\n\t\t\t\t\t\t\t\tAngle Ajustable\t\t\t\t\t\t<\/h4>\n\t\t\t\t\t\n\t\t\t\t\t<div class=\"info-box-inner set-cont-mb-s reset-last-child\"\n\t\t\t\t\t\t data-elementor-setting-key=\"content\">\n\t\t\t\t\t\t\t\t\t\t\t<\/div>\n\t\n\t\t\t\t\t\t\t\t\t<\/div>\n\t\t\t<\/div>\n\t\t<\/div>\n\t\t\t\t\t\t<\/div>\n\t\t\t\t<\/div>\n\t\t\t\t<div class=\"elementor-element elementor-element-7dee4d2 elementor-widget elementor-widget-wd_infobox\" data-id=\"7dee4d2\" data-element_type=\"widget\" data-e-type=\"widget\" data-widget_type=\"wd_infobox.default\">\n\t\t\t\t<div class=\"elementor-widget-container\">\n\t\t\t\t\t\t\t<div class=\"info-box-wrapper\">\n\t\t\t<div class=\"wd-info-box text-center box-icon-align-top box-style-base color-scheme- cursor-pointer\" onclick=\"window.location.href='#'\">\n\t\t\t\t\t\t\t\t\t<div class=\"box-icon-wrapper  box-with-icon box-icon-simple\">\n\t\t\t\t\t\t<div class=\"info-box-icon\">\n\t\t\t\t\t\t\t\t\t\t\t\t\t\t\t<img decoding=\"async\" src=\"https:\/\/www.intekview.com\/wp-content\/uploads\/elementor\/thumbs\/icone_chaleur-q5tq9t8ly896bswvrhpvk9d89vko6qhoyez8vs34ok.png\" title=\"icone_chaleur\" alt=\"icone_chaleur\" loading=\"lazy\" \/>\t\t\t\t\t\t\t\t\t\t\t\t\t<\/div>\n\t\t\t\t\t<\/div>\n\t\t\t\t\n\t\t\t\t<div class=\"info-box-content\">\n\t\t\t\t\t\n\t\t\t\t\t\t\t\t\t\t\t<h4\t\t\t\t\t\tclass=\"info-box-title title box-title-style-default wd-fontsize-s\" data-elementor-setting-key=\"title\">\n\t\t\t\t\t\t\t\tDissipation de la chaleur\t\t\t\t\t\t<\/h4>\n\t\t\t\t\t\n\t\t\t\t\t<div class=\"info-box-inner set-cont-mb-s reset-last-child\"\n\t\t\t\t\t\t data-elementor-setting-key=\"content\">\n\t\t\t\t\t\t\t\t\t\t\t<\/div>\n\t\n\t\t\t\t\t\t\t\t\t<\/div>\n\t\t\t<\/div>\n\t\t<\/div>\n\t\t\t\t\t\t<\/div>\n\t\t\t\t<\/div>\n\t\t\t\t<div class=\"elementor-element elementor-element-577b30f elementor-widget elementor-widget-wd_infobox\" data-id=\"577b30f\" data-element_type=\"widget\" data-e-type=\"widget\" data-widget_type=\"wd_infobox.default\">\n\t\t\t\t<div class=\"elementor-widget-container\">\n\t\t\t\t\t\t\t<div class=\"info-box-wrapper\">\n\t\t\t<div class=\"wd-info-box text-center box-icon-align-top box-style-base color-scheme- cursor-pointer\" onclick=\"window.location.href='#'\">\n\t\t\t\t\t\t\t\t\t<div class=\"box-icon-wrapper  box-with-icon box-icon-simple\">\n\t\t\t\t\t\t<div class=\"info-box-icon\">\n\t\t\t\t\t\t\t\t\t\t\t\t\t\t\t<img decoding=\"async\" src=\"https:\/\/www.intekview.com\/wp-content\/uploads\/elementor\/thumbs\/icone_transportable-q5tq9v4abwbqz0u5gij4p8w5gnbem4p5moa7uc0cc4.png\" title=\"icone_transportable\" alt=\"icone_transportable\" loading=\"lazy\" \/>\t\t\t\t\t\t\t\t\t\t\t\t\t<\/div>\n\t\t\t\t\t<\/div>\n\t\t\t\t\n\t\t\t\t<div class=\"info-box-content\">\n\t\t\t\t\t\n\t\t\t\t\t\t\t\t\t\t\t<h4\t\t\t\t\t\tclass=\"info-box-title title box-title-style-default wd-fontsize-s\" data-elementor-setting-key=\"title\">\n\t\t\t\t\t\t\t\tPortable\t\t\t\t\t\t<\/h4>\n\t\t\t\t\t\n\t\t\t\t\t<div class=\"info-box-inner set-cont-mb-s reset-last-child\"\n\t\t\t\t\t\t data-elementor-setting-key=\"content\">\n\t\t\t\t\t\t\t\t\t\t\t<\/div>\n\t\n\t\t\t\t\t\t\t\t\t<\/div>\n\t\t\t<\/div>\n\t\t<\/div>\n\t\t\t\t\t\t<\/div>\n\t\t\t\t<\/div>\n\t\t\t\t<div class=\"elementor-element elementor-element-4cec8b9 elementor-widget elementor-widget-wd_infobox\" data-id=\"4cec8b9\" data-element_type=\"widget\" data-e-type=\"widget\" data-widget_type=\"wd_infobox.default\">\n\t\t\t\t<div class=\"elementor-widget-container\">\n\t\t\t\t\t\t\t<div class=\"info-box-wrapper\">\n\t\t\t<div class=\"wd-info-box text-center box-icon-align-top box-style-base color-scheme- cursor-pointer\" onclick=\"window.location.href='#'\">\n\t\t\t\t\t\t\t\t\t<div class=\"box-icon-wrapper  box-with-icon box-icon-simple\">\n\t\t\t\t\t\t<div class=\"info-box-icon\">\n\t\t\t\t\t\t\t\t\t\t\t\t\t\t\t<img decoding=\"async\" src=\"https:\/\/www.intekview.com\/wp-content\/uploads\/elementor\/thumbs\/icone_dimension-clavier-1-1-q5oz8lg1p3hmn8m3l01xh0fzrvpkv8rof0v3udgbck.png\" title=\"icone_dimension-clavier-1.png\" alt=\"icone_dimension-clavier-1.png\" loading=\"lazy\" \/>\t\t\t\t\t\t\t\t\t\t\t\t\t<\/div>\n\t\t\t\t\t<\/div>\n\t\t\t\t\n\t\t\t\t<div class=\"info-box-content\">\n\t\t\t\t\t\n\t\t\t\t\t\t\t\t\t\t\t<h4\t\t\t\t\t\tclass=\"info-box-title title box-title-style-default wd-fontsize-s\" data-elementor-setting-key=\"title\">\n\t\t\t\t\t\t\t\tDimensions\t\t\t\t\t\t<\/h4>\n\t\t\t\t\t\n\t\t\t\t\t<div class=\"info-box-inner set-cont-mb-s reset-last-child\"\n\t\t\t\t\t\t data-elementor-setting-key=\"content\">\n\t\t\t\t\t\t<p>310 \u00d7 40 \u00d7 30 mm (12.2\u2033 \u00d7 1.6\u2033 \u00d7 1.2\u2033)<\/p>\n\t\t\t\t\t<\/div>\n\t\n\t\t\t\t\t\t\t\t\t<\/div>\n\t\t\t<\/div>\n\t\t<\/div>\n\t\t\t\t\t\t<\/div>\n\t\t\t\t<\/div>\n\t\t\t\t\t<\/div>\n\t\t<\/div>\n\t\t\t\t<div class=\"elementor-column elementor-col-50 elementor-inner-column elementor-element elementor-element-736e614a\" data-id=\"736e614a\" data-element_type=\"column\" data-e-type=\"column\">\n\t\t\t<div class=\"elementor-widget-wrap elementor-element-populated\">\n\t\t\t\t\t\t<div class=\"elementor-element elementor-element-4166c0f elementor-widget elementor-widget-wd_infobox\" data-id=\"4166c0f\" data-element_type=\"widget\" data-e-type=\"widget\" data-widget_type=\"wd_infobox.default\">\n\t\t\t\t<div class=\"elementor-widget-container\">\n\t\t\t\t\t\t\t<div class=\"info-box-wrapper\">\n\t\t\t<div class=\"wd-info-box text-center box-icon-align-top box-style-base color-scheme- cursor-pointer\" onclick=\"window.location.href='#'\">\n\t\t\t\t\t\t\t\t\t<div class=\"box-icon-wrapper  box-with-icon box-icon-simple\">\n\t\t\t\t\t\t<div class=\"info-box-icon\">\n\t\t\t\t\t\t\t\t\t\t\t\t\t\t\t<img decoding=\"async\" src=\"https:\/\/www.intekview.com\/wp-content\/uploads\/elementor\/thumbs\/icone_hauteur-ajustable-q5tq9yvn38gw9goouk5mz7xzu6svgx42z6w5rfurn8.png\" title=\"icone_hauteur ajustable\" alt=\"icone_hauteur ajustable\" loading=\"lazy\" \/>\t\t\t\t\t\t\t\t\t\t\t\t\t<\/div>\n\t\t\t\t\t<\/div>\n\t\t\t\t\n\t\t\t\t<div class=\"info-box-content\">\n\t\t\t\t\t\n\t\t\t\t\t\t\t\t\t\t\t<h4\t\t\t\t\t\tclass=\"info-box-title title box-title-style-default wd-fontsize-s\" data-elementor-setting-key=\"title\">\n\t\t\t\t\t\t\t\tHauteur Ajustable\t\t\t\t\t\t<\/h4>\n\t\t\t\t\t\n\t\t\t\t\t<div class=\"info-box-inner set-cont-mb-s reset-last-child\"\n\t\t\t\t\t\t data-elementor-setting-key=\"content\">\n\t\t\t\t\t\t\t\t\t\t\t<\/div>\n\t\n\t\t\t\t\t\t\t\t\t<\/div>\n\t\t\t<\/div>\n\t\t<\/div>\n\t\t\t\t\t\t<\/div>\n\t\t\t\t<\/div>\n\t\t\t\t<div class=\"elementor-element elementor-element-451276e elementor-widget elementor-widget-wd_infobox\" data-id=\"451276e\" data-element_type=\"widget\" data-e-type=\"widget\" data-widget_type=\"wd_infobox.default\">\n\t\t\t\t<div class=\"elementor-widget-container\">\n\t\t\t\t\t\t\t<div class=\"info-box-wrapper\">\n\t\t\t<div class=\"wd-info-box text-center box-icon-align-top box-style-base color-scheme- cursor-pointer\" onclick=\"window.location.href='#'\">\n\t\t\t\t\t\t\t\t\t<div class=\"box-icon-wrapper  box-with-icon box-icon-simple\">\n\t\t\t\t\t\t<div class=\"info-box-icon\">\n\t\t\t\t\t\t\t\t\t\t\t\t\t\t\t<img decoding=\"async\" src=\"https:\/\/www.intekview.com\/wp-content\/uploads\/elementor\/thumbs\/icone_pliable-q5tq9t8ly896bswvrhpvk9d89vko6qhoyez8vs34ok.png\" title=\"icone_pliable\" alt=\"icone_pliable\" loading=\"lazy\" \/>\t\t\t\t\t\t\t\t\t\t\t\t\t<\/div>\n\t\t\t\t\t<\/div>\n\t\t\t\t\n\t\t\t\t<div class=\"info-box-content\">\n\t\t\t\t\t\n\t\t\t\t\t\t\t\t\t\t\t<h4\t\t\t\t\t\tclass=\"info-box-title title box-title-style-default wd-fontsize-s\" data-elementor-setting-key=\"title\">\n\t\t\t\t\t\t\t\tPliable\t\t\t\t\t\t<\/h4>\n\t\t\t\t\t\n\t\t\t\t\t<div class=\"info-box-inner set-cont-mb-s reset-last-child\"\n\t\t\t\t\t\t data-elementor-setting-key=\"content\">\n\t\t\t\t\t\t\t\t\t\t\t<\/div>\n\t\n\t\t\t\t\t\t\t\t\t<\/div>\n\t\t\t<\/div>\n\t\t<\/div>\n\t\t\t\t\t\t<\/div>\n\t\t\t\t<\/div>\n\t\t\t\t<div class=\"elementor-element elementor-element-70d1d374 elementor-widget elementor-widget-wd_infobox\" data-id=\"70d1d374\" data-element_type=\"widget\" data-e-type=\"widget\" data-widget_type=\"wd_infobox.default\">\n\t\t\t\t<div class=\"elementor-widget-container\">\n\t\t\t\t\t\t\t<div class=\"info-box-wrapper\">\n\t\t\t<div class=\"wd-info-box text-center box-icon-align-top box-style-base color-scheme- cursor-pointer\" onclick=\"window.location.href='#'\">\n\t\t\t\t\t\t\t\t\t<div class=\"box-icon-wrapper  box-with-icon box-icon-simple\">\n\t\t\t\t\t\t<div class=\"info-box-icon\">\n\t\t\t\t\t\t\t\t\t\t\t\t\t\t\t<img decoding=\"async\" src=\"https:\/\/www.intekview.com\/wp-content\/uploads\/elementor\/thumbs\/icone_dimension-q364q35xlccjqad5rvtbjwxf3dtunb1y7il7apifzo.png\" title=\"icone_dimension\" alt=\"icone_dimension\" loading=\"lazy\" \/>\t\t\t\t\t\t\t\t\t\t\t\t\t<\/div>\n\t\t\t\t\t<\/div>\n\t\t\t\t\n\t\t\t\t<div class=\"info-box-content\">\n\t\t\t\t\t\n\t\t\t\t\t\t\t\t\t\t\t<h4\t\t\t\t\t\tclass=\"info-box-title title box-title-style-default wd-fontsize-s\" data-elementor-setting-key=\"title\">\n\t\t\t\t\t\t\t\tTaille du portable\t\t\t\t\t\t<\/h4>\n\t\t\t\t\t\n\t\t\t\t\t<div class=\"info-box-inner set-cont-mb-s reset-last-child\"\n\t\t\t\t\t\t data-elementor-setting-key=\"content\">\n\t\t\t\t\t\t<p style=\"text-align: center;\">11 - 17 inch laptop\\tablet<\/p>\n\t\t\t\t\t<\/div>\n\t\n\t\t\t\t\t\t\t\t\t<\/div>\n\t\t\t<\/div>\n\t\t<\/div>\n\t\t\t\t\t\t<\/div>\n\t\t\t\t<\/div>\n\t\t\t\t<div class=\"elementor-element elementor-element-54a9597 elementor-widget elementor-widget-wd_infobox\" data-id=\"54a9597\" data-element_type=\"widget\" data-e-type=\"widget\" data-widget_type=\"wd_infobox.default\">\n\t\t\t\t<div class=\"elementor-widget-container\">\n\t\t\t\t\t\t\t<div class=\"info-box-wrapper\">\n\t\t\t<div class=\"wd-info-box text-center box-icon-align-top box-style-base color-scheme- cursor-pointer\" onclick=\"window.location.href='#'\">\n\t\t\t\t\t\t\t\t\t<div class=\"box-icon-wrapper  box-with-icon box-icon-simple\">\n\t\t\t\t\t\t<div class=\"info-box-icon\">\n\t\t\t\t\t\t\t\t\t\t\t\t\t\t\t<img decoding=\"async\" src=\"https:\/\/www.intekview.com\/wp-content\/uploads\/elementor\/thumbs\/icone_poids-1-q5oz9dn7e4k8bjh50c8qjtbtlfula5vmiwfo8oai5w.png\" title=\"icone_poids.png\" alt=\"icone_poids.png\" loading=\"lazy\" \/>\t\t\t\t\t\t\t\t\t\t\t\t\t<\/div>\n\t\t\t\t\t<\/div>\n\t\t\t\t\n\t\t\t\t<div class=\"info-box-content\">\n\t\t\t\t\t\n\t\t\t\t\t\t\t\t\t\t\t<h4\t\t\t\t\t\tclass=\"info-box-title title box-title-style-default wd-fontsize-s\" data-elementor-setting-key=\"title\">\n\t\t\t\t\t\t\t\tCapacit\u00e9 de poids\t\t\t\t\t\t<\/h4>\n\t\t\t\t\t\n\t\t\t\t\t<div class=\"info-box-inner set-cont-mb-s reset-last-child\"\n\t\t\t\t\t\t data-elementor-setting-key=\"content\">\n\t\t\t\t\t\t<p>5kg\/11lbs<\/p>\n\t\t\t\t\t<\/div>\n\t\n\t\t\t\t\t\t\t\t\t<\/div>\n\t\t\t<\/div>\n\t\t<\/div>\n\t\t\t\t\t\t<\/div>\n\t\t\t\t<\/div>\n\t\t\t\t\t<\/div>\n\t\t<\/div>\n\t\t\t\t\t<\/div>\n\t\t<\/section>\n\t\t\t\t<div class=\"elementor-element elementor-element-f13b266 elementor-widget elementor-widget-wd_button\" data-id=\"f13b266\" data-element_type=\"widget\" data-e-type=\"widget\" data-widget_type=\"wd_button.default\">\n\t\t\t\t<div class=\"elementor-widget-container\">\n\t\t\t\t\t\t\t<div class=\"wd-button-wrapper text-center\" >\n\t\t\t<a class=\"btn btn-style-default btn-style-rectangle btn-size-default btn-color-default btn-icon-pos-right\"  href=\"https:\/\/www.intekview.com\/wp-content\/uploads\/2025\/06\/Manual-LR150.pdf\">\n\t\t\t\t<span class=\"wd-btn-text\" data-elementor-setting-key=\"text\">\n\t\t\t\t\tT\u00e9l\u00e9charger le manuel\t\t\t\t<\/span>\n\n\t\t\t\t\t\t\t<\/a>\n\t\t<\/div>\n\t\t\t\t\t\t<\/div>\n\t\t\t\t<\/div>\n\t\t\t\t\t<\/div>\n\t\t<\/div>\n\t\t\t\t\t<\/div>\n\t\t<\/section>\n\t\t\t\t<section class=\"elementor-section elementor-top-section elementor-element elementor-element-273cdbc elementor-section-content-top elementor-section-boxed elementor-section-height-default elementor-section-height-default wd-section-disabled\" data-id=\"273cdbc\" data-element_type=\"section\" data-e-type=\"section\">\n\t\t\t\t\t\t<div class=\"elementor-container elementor-column-gap-default\">\n\t\t\t\t\t<div class=\"elementor-column elementor-col-100 elementor-top-column elementor-element elementor-element-ae4251d\" data-id=\"ae4251d\" data-element_type=\"column\" data-e-type=\"column\">\n\t\t\t<div class=\"elementor-widget-wrap elementor-element-populated\">\n\t\t\t\t\t\t<div class=\"elementor-element elementor-element-bbd4906 elementor-widget elementor-widget-wd_text_block\" data-id=\"bbd4906\" data-element_type=\"widget\" data-e-type=\"widget\" data-widget_type=\"wd_text_block.default\">\n\t\t\t\t<div class=\"elementor-widget-container\">\n\t\t\t\t\t\t\t<div class=\"wd-text-block reset-last-child text-center\">\n\t\t\t\n\t\t\t<p>\u00a0 <img fetchpriority=\"high\" decoding=\"async\" class=\"alignnone size-full wp-image-19098\" src=\"https:\/\/www.intekview.com\/wp-content\/uploads\/2025\/06\/1-A_LR150-FR.jpg\" alt=\"\" width=\"970\" height=\"600\" srcset=\"https:\/\/www.intekview.com\/wp-content\/uploads\/2025\/06\/1-A_LR150-FR.jpg 970w, https:\/\/www.intekview.com\/wp-content\/uploads\/2025\/06\/1-A_LR150-FR-400x247.jpg 400w, https:\/\/www.intekview.com\/wp-content\/uploads\/2025\/06\/1-A_LR150-FR-768x475.jpg 768w, https:\/\/www.intekview.com\/wp-content\/uploads\/2025\/06\/1-A_LR150-FR-860x532.jpg 860w, https:\/\/www.intekview.com\/wp-content\/uploads\/2025\/06\/1-A_LR150-FR-430x266.jpg 430w, https:\/\/www.intekview.com\/wp-content\/uploads\/2025\/06\/1-A_LR150-FR-700x433.jpg 700w, https:\/\/www.intekview.com\/wp-content\/uploads\/2025\/06\/1-A_LR150-FR-150x93.jpg 150w\" sizes=\"(max-width: 970px) 100vw, 970px\" \/> <img decoding=\"async\" class=\"alignnone size-full wp-image-19100\" src=\"https:\/\/www.intekview.com\/wp-content\/uploads\/2025\/06\/2-A_LR150-FR.jpg\" alt=\"\" width=\"970\" height=\"300\" srcset=\"https:\/\/www.intekview.com\/wp-content\/uploads\/2025\/06\/2-A_LR150-FR.jpg 970w, https:\/\/www.intekview.com\/wp-content\/uploads\/2025\/06\/2-A_LR150-FR-400x124.jpg 400w, https:\/\/www.intekview.com\/wp-content\/uploads\/2025\/06\/2-A_LR150-FR-768x238.jpg 768w, https:\/\/www.intekview.com\/wp-content\/uploads\/2025\/06\/2-A_LR150-FR-860x266.jpg 860w, https:\/\/www.intekview.com\/wp-content\/uploads\/2025\/06\/2-A_LR150-FR-430x133.jpg 430w, https:\/\/www.intekview.com\/wp-content\/uploads\/2025\/06\/2-A_LR150-FR-700x216.jpg 700w, https:\/\/www.intekview.com\/wp-content\/uploads\/2025\/06\/2-A_LR150-FR-150x46.jpg 150w\" sizes=\"(max-width: 970px) 100vw, 970px\" \/> <img decoding=\"async\" class=\"alignnone size-full wp-image-19102\" src=\"https:\/\/www.intekview.com\/wp-content\/uploads\/2025\/06\/3-A_LR150-FR.jpg\" alt=\"\" width=\"970\" height=\"599\" srcset=\"https:\/\/www.intekview.com\/wp-content\/uploads\/2025\/06\/3-A_LR150-FR.jpg 970w, https:\/\/www.intekview.com\/wp-content\/uploads\/2025\/06\/3-A_LR150-FR-400x247.jpg 400w, https:\/\/www.intekview.com\/wp-content\/uploads\/2025\/06\/3-A_LR150-FR-768x474.jpg 768w, https:\/\/www.intekview.com\/wp-content\/uploads\/2025\/06\/3-A_LR150-FR-860x531.jpg 860w, https:\/\/www.intekview.com\/wp-content\/uploads\/2025\/06\/3-A_LR150-FR-430x266.jpg 430w, https:\/\/www.intekview.com\/wp-content\/uploads\/2025\/06\/3-A_LR150-FR-700x432.jpg 700w, https:\/\/www.intekview.com\/wp-content\/uploads\/2025\/06\/3-A_LR150-FR-150x93.jpg 150w\" sizes=\"(max-width: 970px) 100vw, 970px\" \/> <img loading=\"lazy\" decoding=\"async\" class=\"alignnone size-full wp-image-19104\" src=\"https:\/\/www.intekview.com\/wp-content\/uploads\/2025\/06\/4-A_LR150-FR.jpg\" alt=\"\" width=\"970\" height=\"300\" srcset=\"https:\/\/www.intekview.com\/wp-content\/uploads\/2025\/06\/4-A_LR150-FR.jpg 970w, https:\/\/www.intekview.com\/wp-content\/uploads\/2025\/06\/4-A_LR150-FR-400x124.jpg 400w, https:\/\/www.intekview.com\/wp-content\/uploads\/2025\/06\/4-A_LR150-FR-768x238.jpg 768w, https:\/\/www.intekview.com\/wp-content\/uploads\/2025\/06\/4-A_LR150-FR-860x266.jpg 860w, https:\/\/www.intekview.com\/wp-content\/uploads\/2025\/06\/4-A_LR150-FR-430x133.jpg 430w, https:\/\/www.intekview.com\/wp-content\/uploads\/2025\/06\/4-A_LR150-FR-700x216.jpg 700w, https:\/\/www.intekview.com\/wp-content\/uploads\/2025\/06\/4-A_LR150-FR-150x46.jpg 150w\" sizes=\"(max-width: 970px) 100vw, 970px\" \/> <img loading=\"lazy\" decoding=\"async\" class=\"alignnone size-full wp-image-19106\" src=\"https:\/\/www.intekview.com\/wp-content\/uploads\/2025\/06\/6-A_LR150-FR.jpg\" alt=\"\" width=\"970\" height=\"300\" srcset=\"https:\/\/www.intekview.com\/wp-content\/uploads\/2025\/06\/6-A_LR150-FR.jpg 970w, https:\/\/www.intekview.com\/wp-content\/uploads\/2025\/06\/6-A_LR150-FR-400x124.jpg 400w, https:\/\/www.intekview.com\/wp-content\/uploads\/2025\/06\/6-A_LR150-FR-768x238.jpg 768w, https:\/\/www.intekview.com\/wp-content\/uploads\/2025\/06\/6-A_LR150-FR-860x266.jpg 860w, https:\/\/www.intekview.com\/wp-content\/uploads\/2025\/06\/6-A_LR150-FR-430x133.jpg 430w, https:\/\/www.intekview.com\/wp-content\/uploads\/2025\/06\/6-A_LR150-FR-700x216.jpg 700w, https:\/\/www.intekview.com\/wp-content\/uploads\/2025\/06\/6-A_LR150-FR-150x46.jpg 150w\" sizes=\"(max-width: 970px) 100vw, 970px\" \/><\/p>\n\t\t\t\t\t<\/div>\n\t\t\t\t\t\t<\/div>\n\t\t\t\t<\/div>\n\t\t\t\t\t<\/div>\n\t\t<\/div>\n\t\t\t\t\t<\/div>\n\t\t<\/section>\n\t\t\t\t<\/div>\n\t\t","protected":false},"excerpt":{"rendered":"<p>Le support pour ordinateur portable d&rsquo;<strong> IntekView<\/strong> <strong>LR150<\/strong>\u00a0a \u00e9t\u00e9 con\u00e7u pour offrir un confort ergonomique optimal tout en facilitant la collaboration. Gr\u00e2ce \u00e0 sa base rotative \u00e0 360\u00b0, il permet de partager l\u2019\u00e9cran ais\u00e9ment lors de r\u00e9unions ou de changer d\u2019angle de vue en un geste. Sa conception pliable en fait un accessoire pratique \u00e0 transporter et \u00e0 ranger.<\/p>\n","protected":false},"featured_media":19062,"template":"","meta":[],"product_brand":[],"product_cat":[119,122],"product_tag":[],"class_list":{"0":"post-19095","1":"product","2":"type-product","3":"status-publish","4":"has-post-thumbnail","6":"product_cat-support-peripherique","7":"product_cat-support-pour-ordinateur-portable-fr","9":"first","10":"instock","11":"shipping-taxable","12":"purchasable","13":"product-type-variable"},"_links":{"self":[{"href":"https:\/\/www.intekview.com\/fr\/wp-json\/wp\/v2\/product\/19095","targetHints":{"allow":["GET"]}}],"collection":[{"href":"https:\/\/www.intekview.com\/fr\/wp-json\/wp\/v2\/product"}],"about":[{"href":"https:\/\/www.intekview.com\/fr\/wp-json\/wp\/v2\/types\/product"}],"version-history":[{"count":4,"href":"https:\/\/www.intekview.com\/fr\/wp-json\/wp\/v2\/product\/19095\/revisions"}],"predecessor-version":[{"id":19111,"href":"https:\/\/www.intekview.com\/fr\/wp-json\/wp\/v2\/product\/19095\/revisions\/19111"}],"wp:featuredmedia":[{"embeddable":true,"href":"https:\/\/www.intekview.com\/fr\/wp-json\/wp\/v2\/media\/19062"}],"wp:attachment":[{"href":"https:\/\/www.intekview.com\/fr\/wp-json\/wp\/v2\/media?parent=19095"}],"wp:term":[{"taxonomy":"product_brand","embeddable":true,"href":"https:\/\/www.intekview.com\/fr\/wp-json\/wp\/v2\/product_brand?post=19095"},{"taxonomy":"product_cat","embeddable":true,"href":"https:\/\/www.intekview.com\/fr\/wp-json\/wp\/v2\/product_cat?post=19095"},{"taxonomy":"product_tag","embeddable":true,"href":"https:\/\/www.intekview.com\/fr\/wp-json\/wp\/v2\/product_tag?post=19095"}],"curies":[{"name":"wp","href":"https:\/\/api.w.org\/{rel}","templated":true}]}}