{"id":17310,"date":"2024-07-03T20:29:55","date_gmt":"2024-07-03T20:29:55","guid":{"rendered":"https:\/\/www.intekview.com\/?post_type=product&#038;p=17310"},"modified":"2024-07-22T17:37:49","modified_gmt":"2024-07-22T17:37:49","slug":"k95cfw","status":"publish","type":"product","link":"https:\/\/www.intekview.com\/fr\/product\/k95cfw\/","title":{"rendered":"Mini Clavier IntekView Canadian Fran\u00e7ais Avec Fil 11\u00a0\u00bb &#8211; K95CFW"},"content":{"rendered":"\t\t<div data-elementor-type=\"wp-post\" data-elementor-id=\"17310\" class=\"elementor elementor-17310\">\n\t\t\t\t\t\t<section class=\"elementor-section elementor-top-section elementor-element elementor-element-1a8b375e elementor-section-boxed elementor-section-height-default elementor-section-height-default wd-section-disabled\" data-id=\"1a8b375e\" data-element_type=\"section\" data-e-type=\"section\">\n\t\t\t\t\t\t<div class=\"elementor-container elementor-column-gap-default\">\n\t\t\t\t\t<div class=\"elementor-column elementor-col-100 elementor-top-column elementor-element elementor-element-4b8d293b\" data-id=\"4b8d293b\" data-element_type=\"column\" data-e-type=\"column\">\n\t\t\t<div class=\"elementor-widget-wrap elementor-element-populated\">\n\t\t\t\t\t\t<div class=\"elementor-element elementor-element-49f2e5ea color-scheme-inherit text-left elementor-widget elementor-widget-text-editor\" data-id=\"49f2e5ea\" data-element_type=\"widget\" data-e-type=\"widget\" data-widget_type=\"text-editor.default\">\n\t\t\t\t<div class=\"elementor-widget-container\">\n\t\t\t\t\t\t\t\t\tVoici notre nouveau mini-clavier Intekview avec\u00a0 disposition des touches en Canadien Fran\u00e7ais. Mini Clavier canadien fran\u00e7ais sans pav\u00e9 num\u00e9rique de 78 touches plus des touches Multim\u00e9dia accessible par la touche Fonction (FN).\r\n\r\nLe clavier est l\u00e9ger avec une \u00e9l\u00e9vation d\u2019environ 1 demi pouce pour une utilisation naturelle et normale. Ce mini-clavier incorpore des clefs de fonction pour en diminuer et limiter l\u2019amplitude des mouvements des mains lors de d&rsquo;utilisation de la souris. Pens\u00e9 et con\u00e7u par l&rsquo;\u00e9quipe IntekView. De plus, vous avez 7 touches multim\u00e9dias pour vous simplifier la vie. Ce clavier a tout ce que vous avez besoin pour un maximum de confort.\r\n\r\nSp\u00e9cifications:\r\n<ul>\r\n \t<li>Dimension: 11.02\u2033 \u00d7 3.94\u2033 \u00d7 0.39\u2033 (28,4 cm \u00d7 10,3 cm \u00d7 1,80 cm)<\/li>\r\n \t<li>Poids : 0,33 kg (0.7 lbs)<\/li>\r\n \t<li>Couleur : Noir<\/li>\r\n \t<li>Touches de taille standard<\/li>\r\n \t<li>Pieds r\u00e9glables et robustes<\/li>\r\n \t<li>Langue : Canadien Fran\u00e7ais<\/li>\r\n \t<li>Longueur du fil : 59\u2033 (150 cm)<\/li>\r\n \t<li>Aucun pilote n\u00e9cessaire<\/li>\r\n \t<li>Connexion USB, pr\u00eate \u00e0 l\u2019emploi<\/li>\r\n \t<li>Connexion sans fil 2,4 GHz stable<\/li>\r\n \t<li>Compatibilit\u00e9 : Windows 98\/2000\/2003\/XP\/Vista\/7\/8\/10<\/li>\r\n<\/ul>\t\t\t\t\t\t\t\t<\/div>\n\t\t\t\t<\/div>\n\t\t\t\t\t<\/div>\n\t\t<\/div>\n\t\t\t\t\t<\/div>\n\t\t<\/section>\n\t\t\t\t<section class=\"elementor-section elementor-top-section elementor-element elementor-element-4b18e84 elementor-section-boxed elementor-section-height-default elementor-section-height-default wd-section-disabled\" data-id=\"4b18e84\" data-element_type=\"section\" data-e-type=\"section\">\n\t\t\t\t\t\t<div class=\"elementor-container elementor-column-gap-default\">\n\t\t\t\t\t<div class=\"elementor-column elementor-col-100 elementor-top-column elementor-element elementor-element-d6b3779\" data-id=\"d6b3779\" data-element_type=\"column\" data-e-type=\"column\">\n\t\t\t<div class=\"elementor-widget-wrap elementor-element-populated\">\n\t\t\t\t\t\t<div class=\"elementor-element elementor-element-7765fbd text-center color-scheme-inherit elementor-widget elementor-widget-text-editor\" data-id=\"7765fbd\" data-element_type=\"widget\" data-e-type=\"widget\" data-widget_type=\"text-editor.default\">\n\t\t\t\t<div class=\"elementor-widget-container\">\n\t\t\t\t\t\t\t\t\t<p><img fetchpriority=\"high\" decoding=\"async\" class=\"alignnone wp-image-17891 size-full\" src=\"https:\/\/www.intekview.com\/wp-content\/uploads\/2024\/07\/K95CFW-1-FR.jpg\" alt=\"\" width=\"970\" height=\"600\" srcset=\"https:\/\/www.intekview.com\/wp-content\/uploads\/2024\/07\/K95CFW-1-FR.jpg 970w, https:\/\/www.intekview.com\/wp-content\/uploads\/2024\/07\/K95CFW-1-FR-400x247.jpg 400w, https:\/\/www.intekview.com\/wp-content\/uploads\/2024\/07\/K95CFW-1-FR-768x475.jpg 768w, https:\/\/www.intekview.com\/wp-content\/uploads\/2024\/07\/K95CFW-1-FR-860x532.jpg 860w, https:\/\/www.intekview.com\/wp-content\/uploads\/2024\/07\/K95CFW-1-FR-430x266.jpg 430w, https:\/\/www.intekview.com\/wp-content\/uploads\/2024\/07\/K95CFW-1-FR-700x433.jpg 700w, https:\/\/www.intekview.com\/wp-content\/uploads\/2024\/07\/K95CFW-1-FR-150x93.jpg 150w\" sizes=\"(max-width: 970px) 100vw, 970px\" \/> <br \/><img decoding=\"async\" class=\"alignnone wp-image-17897 size-full\" src=\"https:\/\/www.intekview.com\/wp-content\/uploads\/2024\/07\/K95CFW-2-FR.jpg\" alt=\"\" width=\"970\" height=\"300\" srcset=\"https:\/\/www.intekview.com\/wp-content\/uploads\/2024\/07\/K95CFW-2-FR.jpg 970w, https:\/\/www.intekview.com\/wp-content\/uploads\/2024\/07\/K95CFW-2-FR-400x124.jpg 400w, https:\/\/www.intekview.com\/wp-content\/uploads\/2024\/07\/K95CFW-2-FR-768x238.jpg 768w, https:\/\/www.intekview.com\/wp-content\/uploads\/2024\/07\/K95CFW-2-FR-860x266.jpg 860w, https:\/\/www.intekview.com\/wp-content\/uploads\/2024\/07\/K95CFW-2-FR-430x133.jpg 430w, https:\/\/www.intekview.com\/wp-content\/uploads\/2024\/07\/K95CFW-2-FR-700x216.jpg 700w, https:\/\/www.intekview.com\/wp-content\/uploads\/2024\/07\/K95CFW-2-FR-150x46.jpg 150w\" sizes=\"(max-width: 970px) 100vw, 970px\" \/><br \/><img decoding=\"async\" class=\"alignnone wp-image-17895 size-full\" src=\"https:\/\/www.intekview.com\/wp-content\/uploads\/2024\/07\/K95CFW-3-FR.jpg\" alt=\"\" width=\"970\" height=\"599\" srcset=\"https:\/\/www.intekview.com\/wp-content\/uploads\/2024\/07\/K95CFW-3-FR.jpg 970w, https:\/\/www.intekview.com\/wp-content\/uploads\/2024\/07\/K95CFW-3-FR-400x247.jpg 400w, https:\/\/www.intekview.com\/wp-content\/uploads\/2024\/07\/K95CFW-3-FR-768x474.jpg 768w, https:\/\/www.intekview.com\/wp-content\/uploads\/2024\/07\/K95CFW-3-FR-860x531.jpg 860w, https:\/\/www.intekview.com\/wp-content\/uploads\/2024\/07\/K95CFW-3-FR-430x266.jpg 430w, https:\/\/www.intekview.com\/wp-content\/uploads\/2024\/07\/K95CFW-3-FR-700x432.jpg 700w, https:\/\/www.intekview.com\/wp-content\/uploads\/2024\/07\/K95CFW-3-FR-150x93.jpg 150w\" sizes=\"(max-width: 970px) 100vw, 970px\" \/><br \/><img loading=\"lazy\" decoding=\"async\" class=\"alignnone wp-image-17893 size-full\" src=\"https:\/\/www.intekview.com\/wp-content\/uploads\/2024\/07\/K95CFW-4-FR.jpg\" alt=\"\" width=\"970\" height=\"599\" srcset=\"https:\/\/www.intekview.com\/wp-content\/uploads\/2024\/07\/K95CFW-4-FR.jpg 970w, https:\/\/www.intekview.com\/wp-content\/uploads\/2024\/07\/K95CFW-4-FR-400x247.jpg 400w, https:\/\/www.intekview.com\/wp-content\/uploads\/2024\/07\/K95CFW-4-FR-768x474.jpg 768w, https:\/\/www.intekview.com\/wp-content\/uploads\/2024\/07\/K95CFW-4-FR-860x531.jpg 860w, https:\/\/www.intekview.com\/wp-content\/uploads\/2024\/07\/K95CFW-4-FR-430x266.jpg 430w, https:\/\/www.intekview.com\/wp-content\/uploads\/2024\/07\/K95CFW-4-FR-700x432.jpg 700w, https:\/\/www.intekview.com\/wp-content\/uploads\/2024\/07\/K95CFW-4-FR-150x93.jpg 150w\" sizes=\"(max-width: 970px) 100vw, 970px\" \/><\/p>\t\t\t\t\t\t\t\t<\/div>\n\t\t\t\t<\/div>\n\t\t\t\t\t<\/div>\n\t\t<\/div>\n\t\t\t\t\t<\/div>\n\t\t<\/section>\n\t\t\t\t<\/div>\n\t\t","protected":false},"excerpt":{"rendered":"<p>Voici notre nouveau mini-clavier Intekview avec\u00a0 disposition des touches en Canadien Fran\u00e7ais. Mini Clavier canadien fran\u00e7ais sans pav\u00e9 num\u00e9rique de<\/p>\n","protected":false},"featured_media":17223,"template":"","meta":[],"product_brand":[],"product_cat":[103,106,104],"product_tag":[],"class_list":{"0":"post-17310","1":"product","2":"type-product","3":"status-publish","4":"has-post-thumbnail","6":"product_cat-accessoires-informatiques","7":"product_cat-canadien-francais","8":"product_cat-claviers","10":"first","11":"instock","12":"shipping-taxable","13":"product-type-simple"},"_links":{"self":[{"href":"https:\/\/www.intekview.com\/fr\/wp-json\/wp\/v2\/product\/17310","targetHints":{"allow":["GET"]}}],"collection":[{"href":"https:\/\/www.intekview.com\/fr\/wp-json\/wp\/v2\/product"}],"about":[{"href":"https:\/\/www.intekview.com\/fr\/wp-json\/wp\/v2\/types\/product"}],"version-history":[{"count":8,"href":"https:\/\/www.intekview.com\/fr\/wp-json\/wp\/v2\/product\/17310\/revisions"}],"predecessor-version":[{"id":18625,"href":"https:\/\/www.intekview.com\/fr\/wp-json\/wp\/v2\/product\/17310\/revisions\/18625"}],"wp:featuredmedia":[{"embeddable":true,"href":"https:\/\/www.intekview.com\/fr\/wp-json\/wp\/v2\/media\/17223"}],"wp:attachment":[{"href":"https:\/\/www.intekview.com\/fr\/wp-json\/wp\/v2\/media?parent=17310"}],"wp:term":[{"taxonomy":"product_brand","embeddable":true,"href":"https:\/\/www.intekview.com\/fr\/wp-json\/wp\/v2\/product_brand?post=17310"},{"taxonomy":"product_cat","embeddable":true,"href":"https:\/\/www.intekview.com\/fr\/wp-json\/wp\/v2\/product_cat?post=17310"},{"taxonomy":"product_tag","embeddable":true,"href":"https:\/\/www.intekview.com\/fr\/wp-json\/wp\/v2\/product_tag?post=17310"}],"curies":[{"name":"wp","href":"https:\/\/api.w.org\/{rel}","templated":true}]}}