{"id":17304,"date":"2024-07-03T20:25:25","date_gmt":"2024-07-03T20:25:25","guid":{"rendered":"https:\/\/www.intekview.com\/?post_type=product&#038;p=17304"},"modified":"2024-07-10T15:21:35","modified_gmt":"2024-07-10T15:21:35","slug":"repose-poignet-ultra-mince-adhesif-antiderapant-noir-ws100","status":"publish","type":"product","link":"https:\/\/www.intekview.com\/fr\/product\/repose-poignet-ultra-mince-adhesif-antiderapant-noir-ws100\/","title":{"rendered":"Repose-Poignet Ultra Mince, Adh\u00e9sif, Antid\u00e9rapant Noir &#8211; WS100"},"content":{"rendered":"\t\t<div data-elementor-type=\"wp-post\" data-elementor-id=\"17304\" class=\"elementor elementor-17304\">\n\t\t\t\t\t\t<section class=\"elementor-section elementor-top-section elementor-element elementor-element-75b8f035 elementor-section-boxed elementor-section-height-default elementor-section-height-default wd-section-disabled\" data-id=\"75b8f035\" data-element_type=\"section\" data-e-type=\"section\">\n\t\t\t\t\t\t<div class=\"elementor-container elementor-column-gap-default\">\n\t\t\t\t\t<div class=\"elementor-column elementor-col-100 elementor-top-column elementor-element elementor-element-5441bc2c\" data-id=\"5441bc2c\" data-element_type=\"column\" data-e-type=\"column\">\n\t\t\t<div class=\"elementor-widget-wrap elementor-element-populated\">\n\t\t\t\t\t\t<div class=\"elementor-element elementor-element-6ba2aa6b color-scheme-inherit text-left elementor-widget elementor-widget-text-editor\" data-id=\"6ba2aa6b\" data-element_type=\"widget\" data-e-type=\"widget\" data-widget_type=\"text-editor.default\">\n\t\t\t\t<div class=\"elementor-widget-container\">\n\t\t\t\t\t\t\t\t\tCet accoudoir emp\u00eache les livres de glisser lorsque le bureau est inclin\u00e9.\r\n\r\nMat\u00e9riau moussant en PU : offre une meilleure douceur et un meilleur confort pour prot\u00e9ger vos bras.\t\t\t\t\t\t\t\t<\/div>\n\t\t\t\t<\/div>\n\t\t\t\t\t<\/div>\n\t\t<\/div>\n\t\t\t\t\t<\/div>\n\t\t<\/section>\n\t\t\t\t<section class=\"elementor-section elementor-top-section elementor-element elementor-element-c9690ee elementor-section-boxed elementor-section-height-default elementor-section-height-default wd-section-disabled\" data-id=\"c9690ee\" data-element_type=\"section\" data-e-type=\"section\">\n\t\t\t\t\t\t<div class=\"elementor-container elementor-column-gap-default\">\n\t\t\t\t\t<div class=\"elementor-column elementor-col-100 elementor-top-column elementor-element elementor-element-be74ae4\" data-id=\"be74ae4\" data-element_type=\"column\" data-e-type=\"column\">\n\t\t\t<div class=\"elementor-widget-wrap elementor-element-populated\">\n\t\t\t\t\t\t<div class=\"elementor-element elementor-element-671efc2 color-scheme-inherit text-left elementor-widget elementor-widget-text-editor\" data-id=\"671efc2\" data-element_type=\"widget\" data-e-type=\"widget\" data-widget_type=\"text-editor.default\">\n\t\t\t\t<div class=\"elementor-widget-container\">\n\t\t\t\t\t\t\t\t\t<p><img fetchpriority=\"high\" decoding=\"async\" class=\"alignnone wp-image-17902 size-full\" src=\"https:\/\/www.intekview.com\/wp-content\/uploads\/2024\/07\/WS100-1-FR.jpg\" alt=\"\" width=\"970\" height=\"600\" srcset=\"https:\/\/www.intekview.com\/wp-content\/uploads\/2024\/07\/WS100-1-FR.jpg 970w, https:\/\/www.intekview.com\/wp-content\/uploads\/2024\/07\/WS100-1-FR-400x247.jpg 400w, https:\/\/www.intekview.com\/wp-content\/uploads\/2024\/07\/WS100-1-FR-768x475.jpg 768w, https:\/\/www.intekview.com\/wp-content\/uploads\/2024\/07\/WS100-1-FR-860x532.jpg 860w, https:\/\/www.intekview.com\/wp-content\/uploads\/2024\/07\/WS100-1-FR-430x266.jpg 430w, https:\/\/www.intekview.com\/wp-content\/uploads\/2024\/07\/WS100-1-FR-700x433.jpg 700w, https:\/\/www.intekview.com\/wp-content\/uploads\/2024\/07\/WS100-1-FR-150x93.jpg 150w\" sizes=\"(max-width: 970px) 100vw, 970px\" \/> <br \/><img decoding=\"async\" class=\"alignnone wp-image-17904 size-full\" src=\"https:\/\/www.intekview.com\/wp-content\/uploads\/2024\/07\/Ws100-2-FR.jpg\" alt=\"\" width=\"970\" height=\"599\" srcset=\"https:\/\/www.intekview.com\/wp-content\/uploads\/2024\/07\/Ws100-2-FR.jpg 970w, https:\/\/www.intekview.com\/wp-content\/uploads\/2024\/07\/Ws100-2-FR-400x247.jpg 400w, https:\/\/www.intekview.com\/wp-content\/uploads\/2024\/07\/Ws100-2-FR-768x474.jpg 768w, https:\/\/www.intekview.com\/wp-content\/uploads\/2024\/07\/Ws100-2-FR-860x531.jpg 860w, https:\/\/www.intekview.com\/wp-content\/uploads\/2024\/07\/Ws100-2-FR-430x266.jpg 430w, https:\/\/www.intekview.com\/wp-content\/uploads\/2024\/07\/Ws100-2-FR-700x432.jpg 700w, https:\/\/www.intekview.com\/wp-content\/uploads\/2024\/07\/Ws100-2-FR-150x93.jpg 150w\" sizes=\"(max-width: 970px) 100vw, 970px\" \/><\/p>\t\t\t\t\t\t\t\t<\/div>\n\t\t\t\t<\/div>\n\t\t\t\t\t<\/div>\n\t\t<\/div>\n\t\t\t\t\t<\/div>\n\t\t<\/section>\n\t\t\t\t<\/div>\n\t\t","protected":false},"excerpt":{"rendered":"<p>Cet accoudoir emp\u00eache les livres de glisser lorsque le bureau est inclin\u00e9. Mat\u00e9riau moussant en PU : offre une meilleure<\/p>\n","protected":false},"featured_media":17305,"template":"","meta":[],"product_brand":[],"product_cat":[101,117],"product_tag":[],"class_list":{"0":"post-17304","1":"product","2":"type-product","3":"status-publish","4":"has-post-thumbnail","6":"product_cat-ergo-adapte","7":"product_cat-repose-poignets","9":"first","10":"instock","11":"shipping-taxable","12":"product-type-simple"},"_links":{"self":[{"href":"https:\/\/www.intekview.com\/fr\/wp-json\/wp\/v2\/product\/17304","targetHints":{"allow":["GET"]}}],"collection":[{"href":"https:\/\/www.intekview.com\/fr\/wp-json\/wp\/v2\/product"}],"about":[{"href":"https:\/\/www.intekview.com\/fr\/wp-json\/wp\/v2\/types\/product"}],"version-history":[{"count":5,"href":"https:\/\/www.intekview.com\/fr\/wp-json\/wp\/v2\/product\/17304\/revisions"}],"predecessor-version":[{"id":17908,"href":"https:\/\/www.intekview.com\/fr\/wp-json\/wp\/v2\/product\/17304\/revisions\/17908"}],"wp:featuredmedia":[{"embeddable":true,"href":"https:\/\/www.intekview.com\/fr\/wp-json\/wp\/v2\/media\/17305"}],"wp:attachment":[{"href":"https:\/\/www.intekview.com\/fr\/wp-json\/wp\/v2\/media?parent=17304"}],"wp:term":[{"taxonomy":"product_brand","embeddable":true,"href":"https:\/\/www.intekview.com\/fr\/wp-json\/wp\/v2\/product_brand?post=17304"},{"taxonomy":"product_cat","embeddable":true,"href":"https:\/\/www.intekview.com\/fr\/wp-json\/wp\/v2\/product_cat?post=17304"},{"taxonomy":"product_tag","embeddable":true,"href":"https:\/\/www.intekview.com\/fr\/wp-json\/wp\/v2\/product_tag?post=17304"}],"curies":[{"name":"wp","href":"https:\/\/api.w.org\/{rel}","templated":true}]}}