{"id":17028,"date":"2024-01-24T16:26:02","date_gmt":"2024-01-24T16:26:02","guid":{"rendered":"https:\/\/www.intekview.com\/?post_type=product&#038;p=17028"},"modified":"2024-07-10T16:05:09","modified_gmt":"2024-07-10T16:05:09","slug":"etiquettes-thermiques-directes-4-x-3-4-x-1-800-ze127","status":"publish","type":"product","link":"https:\/\/www.intekview.com\/fr\/product\/etiquettes-thermiques-directes-4-x-3-4-x-1-800-ze127\/","title":{"rendered":"\u00c9tiquettes Thermiques Directes &#8211; 4\u00a0\u00bb x 3\u00a0\u00bb (4 x 1 800) &#8211; ZE127"},"content":{"rendered":"\t\t<div data-elementor-type=\"wp-post\" data-elementor-id=\"17028\" class=\"elementor elementor-17028\">\n\t\t\t\t\t\t<section class=\"elementor-section elementor-top-section elementor-element elementor-element-7b9a5d8 elementor-section-boxed elementor-section-height-default elementor-section-height-default wd-section-disabled\" data-id=\"7b9a5d8\" data-element_type=\"section\" data-e-type=\"section\">\n\t\t\t\t\t\t<div class=\"elementor-container elementor-column-gap-default\">\n\t\t\t\t\t<div class=\"elementor-column elementor-col-100 elementor-top-column elementor-element elementor-element-7c43384\" data-id=\"7c43384\" data-element_type=\"column\" data-e-type=\"column\">\n\t\t\t<div class=\"elementor-widget-wrap elementor-element-populated\">\n\t\t\t\t\t\t<div class=\"elementor-element elementor-element-f61bed0 text-center color-scheme-inherit elementor-widget elementor-widget-text-editor\" data-id=\"f61bed0\" data-element_type=\"widget\" data-e-type=\"widget\" data-widget_type=\"text-editor.default\">\n\t\t\t\t<div class=\"elementor-widget-container\">\n\t\t\t\t\t\t\t\t\t<p><strong>Cat\u00e9gorie :<\/strong>\u00a0\u00c9tiquettes Thermiques Directes<br \/><br \/><\/p><p>Largeur du rouleau int\u00e9rieur: 3\u2019\u2019<br \/>Largeur de l&rsquo;\u00e9tiquette: 4\u2019\u2019<br \/>Hauteur de l&rsquo;\u00e9tiquette: 3\u2019\u2019<br \/><br \/><\/p><p><strong>\u00c9tiquettes par rouleau :\u00a0<\/strong>1 800<strong><br \/>Rouleaux par bo\u00eete :\u00a0<\/strong>4<\/p><p>\u00a0<\/p><p><a class=\"heyzine-link fp-link\" href=\"https:\/\/heyzine.com\/flip-book\/57aef67955.html\" target=\"_BLANK\"><img fetchpriority=\"high\" decoding=\"async\" class=\"fp-thumb\" src=\"https:\/\/cdnc.heyzine.com\/flip-book\/cover\/57aef67955.jpg\" width=\"314\" height=\"406\" \/><\/a><\/p>\t\t\t\t\t\t\t\t<\/div>\n\t\t\t\t<\/div>\n\t\t\t\t\t<\/div>\n\t\t<\/div>\n\t\t\t\t\t<\/div>\n\t\t<\/section>\n\t\t\t\t<\/div>\n\t\t","protected":false},"excerpt":{"rendered":"<p>Les \u00e9tiquettes \u00e0 transfert direct sont imprim\u00e9es en chauffant directement les zones de l\u2019\u00e9tiquette, sans utiliser de ruban encreur. Elles sont g\u00e9n\u00e9ralement moins durables, car l\u2019impression est sujette \u00e0 la d\u00e9coloration et aux dommages caus\u00e9s par l\u2019eau, les produits chimiques et les rayures. Elles sont couramment utilis\u00e9es pour des applications temporaires o\u00f9 la durabilit\u00e9 \u00e0 long terme n\u2019est pas cruciale, comme les \u00e9tiquettes de prix, les tickets de caisse, les \u00e9tiquettes d\u2019exp\u00e9dition temporaires, etc.<\/p>\n","protected":false},"featured_media":16976,"template":"","meta":[],"product_brand":[],"product_cat":[103,128],"product_tag":[],"class_list":{"0":"post-17028","1":"product","2":"type-product","3":"status-publish","4":"has-post-thumbnail","6":"product_cat-accessoires-informatiques","7":"product_cat-impression","9":"first","10":"instock","11":"shipping-taxable","12":"product-type-simple"},"_links":{"self":[{"href":"https:\/\/www.intekview.com\/fr\/wp-json\/wp\/v2\/product\/17028","targetHints":{"allow":["GET"]}}],"collection":[{"href":"https:\/\/www.intekview.com\/fr\/wp-json\/wp\/v2\/product"}],"about":[{"href":"https:\/\/www.intekview.com\/fr\/wp-json\/wp\/v2\/types\/product"}],"version-history":[{"count":5,"href":"https:\/\/www.intekview.com\/fr\/wp-json\/wp\/v2\/product\/17028\/revisions"}],"predecessor-version":[{"id":17986,"href":"https:\/\/www.intekview.com\/fr\/wp-json\/wp\/v2\/product\/17028\/revisions\/17986"}],"wp:featuredmedia":[{"embeddable":true,"href":"https:\/\/www.intekview.com\/fr\/wp-json\/wp\/v2\/media\/16976"}],"wp:attachment":[{"href":"https:\/\/www.intekview.com\/fr\/wp-json\/wp\/v2\/media?parent=17028"}],"wp:term":[{"taxonomy":"product_brand","embeddable":true,"href":"https:\/\/www.intekview.com\/fr\/wp-json\/wp\/v2\/product_brand?post=17028"},{"taxonomy":"product_cat","embeddable":true,"href":"https:\/\/www.intekview.com\/fr\/wp-json\/wp\/v2\/product_cat?post=17028"},{"taxonomy":"product_tag","embeddable":true,"href":"https:\/\/www.intekview.com\/fr\/wp-json\/wp\/v2\/product_tag?post=17028"}],"curies":[{"name":"wp","href":"https:\/\/api.w.org\/{rel}","templated":true}]}}