{"id":17020,"date":"2024-01-22T21:37:54","date_gmt":"2024-01-22T21:37:54","guid":{"rendered":"https:\/\/www.intekview.com\/?post_type=product&#038;p=17020"},"modified":"2024-07-10T16:56:45","modified_gmt":"2024-07-10T16:56:45","slug":"etiquettes-transfert-thermique-4-x-8-4-x-750-ze123","status":"publish","type":"product","link":"https:\/\/www.intekview.com\/fr\/product\/etiquettes-transfert-thermique-4-x-8-4-x-750-ze123\/","title":{"rendered":"\u00c9tiquettes Transfert Thermique &#8211; 4\u00a0\u00bb x 8\u00a0\u00bb (4 x 750)- ZE123"},"content":{"rendered":"\t\t<div data-elementor-type=\"wp-post\" data-elementor-id=\"17020\" class=\"elementor elementor-17020\">\n\t\t\t\t\t\t<section class=\"elementor-section elementor-top-section elementor-element elementor-element-1384af1 elementor-section-boxed elementor-section-height-default elementor-section-height-default wd-section-disabled\" data-id=\"1384af1\" data-element_type=\"section\" data-e-type=\"section\">\n\t\t\t\t\t\t<div class=\"elementor-container elementor-column-gap-default\">\n\t\t\t\t\t<div class=\"elementor-column elementor-col-100 elementor-top-column elementor-element elementor-element-d22a160\" data-id=\"d22a160\" data-element_type=\"column\" data-e-type=\"column\">\n\t\t\t<div class=\"elementor-widget-wrap elementor-element-populated\">\n\t\t\t\t\t\t<div class=\"elementor-element elementor-element-73d8f04 text-center color-scheme-inherit elementor-widget elementor-widget-text-editor\" data-id=\"73d8f04\" data-element_type=\"widget\" data-e-type=\"widget\" data-widget_type=\"text-editor.default\">\n\t\t\t\t<div class=\"elementor-widget-container\">\n\t\t\t\t\t\t\t\t\t<p><strong>Cat\u00e9gorie :<\/strong>\u00a0\u00c9tiquettes Transfert Thermique<br \/><br \/><\/p><p>Largeur du rouleau int\u00e9rieur: 3\u2019\u2019<br \/>Largeur de l&rsquo;\u00e9tiquette: 4\u2019\u2019<br \/>Hauteur de l&rsquo;\u00e9tiquette: 8\u2019\u2019<br \/><br \/><\/p><p><strong>\u00c9tiquettes par rouleau :\u00a0<\/strong>750<strong><br \/>Rouleaux par bo\u00eete :\u00a0<\/strong>4<\/p><p>\u00a0<\/p><p><a class=\"heyzine-link fp-link\" href=\"https:\/\/heyzine.com\/flip-book\/57aef67955.html\" target=\"_BLANK\"><img fetchpriority=\"high\" decoding=\"async\" class=\"fp-thumb\" src=\"https:\/\/cdnc.heyzine.com\/flip-book\/cover\/57aef67955.jpg\" width=\"315\" height=\"407\" \/><\/a><\/p>\t\t\t\t\t\t\t\t<\/div>\n\t\t\t\t<\/div>\n\t\t\t\t\t<\/div>\n\t\t<\/div>\n\t\t\t\t\t<\/div>\n\t\t<\/section>\n\t\t\t\t<\/div>\n\t\t","protected":false},"excerpt":{"rendered":"<p>Les \u00e9tiquettes \u00e0 transfert thermique sont imprim\u00e9es \u00e0 l\u2019aide d\u2019une imprimante thermique qui utilise un ruban encreur pour transf\u00e9rer l\u2019encre sur l\u2019\u00e9tiquette par chauffage s\u00e9lectif. Elles sont durables gr\u00e2ce \u00e0 la fusion de l\u2019encre sur l\u2019\u00e9tiquette, les rendant r\u00e9sistantes \u00e0 l\u2019eau, aux produits chimiques et aux rayures. Elles sont couramment utilis\u00e9es pour des applications exigeant durabilit\u00e9 et r\u00e9sistance, comme les \u00e9tiquettes d\u2019exp\u00e9dition, d\u2019inventaire et de codes-barres.<\/p>\n","protected":false},"featured_media":16952,"template":"","meta":[],"product_brand":[],"product_cat":[103,128],"product_tag":[],"class_list":{"0":"post-17020","1":"product","2":"type-product","3":"status-publish","4":"has-post-thumbnail","6":"product_cat-accessoires-informatiques","7":"product_cat-impression","9":"first","10":"instock","11":"shipping-taxable","12":"product-type-simple"},"_links":{"self":[{"href":"https:\/\/www.intekview.com\/fr\/wp-json\/wp\/v2\/product\/17020","targetHints":{"allow":["GET"]}}],"collection":[{"href":"https:\/\/www.intekview.com\/fr\/wp-json\/wp\/v2\/product"}],"about":[{"href":"https:\/\/www.intekview.com\/fr\/wp-json\/wp\/v2\/types\/product"}],"version-history":[{"count":5,"href":"https:\/\/www.intekview.com\/fr\/wp-json\/wp\/v2\/product\/17020\/revisions"}],"predecessor-version":[{"id":18002,"href":"https:\/\/www.intekview.com\/fr\/wp-json\/wp\/v2\/product\/17020\/revisions\/18002"}],"wp:featuredmedia":[{"embeddable":true,"href":"https:\/\/www.intekview.com\/fr\/wp-json\/wp\/v2\/media\/16952"}],"wp:attachment":[{"href":"https:\/\/www.intekview.com\/fr\/wp-json\/wp\/v2\/media?parent=17020"}],"wp:term":[{"taxonomy":"product_brand","embeddable":true,"href":"https:\/\/www.intekview.com\/fr\/wp-json\/wp\/v2\/product_brand?post=17020"},{"taxonomy":"product_cat","embeddable":true,"href":"https:\/\/www.intekview.com\/fr\/wp-json\/wp\/v2\/product_cat?post=17020"},{"taxonomy":"product_tag","embeddable":true,"href":"https:\/\/www.intekview.com\/fr\/wp-json\/wp\/v2\/product_tag?post=17020"}],"curies":[{"name":"wp","href":"https:\/\/api.w.org\/{rel}","templated":true}]}}