{"id":16769,"date":"2023-10-24T17:58:25","date_gmt":"2023-10-24T17:58:25","guid":{"rendered":"https:\/\/www.intekview.com\/?post_type=product&#038;p=16769"},"modified":"2024-07-10T17:10:42","modified_gmt":"2024-07-10T17:10:42","slug":"tl02-fr","status":"publish","type":"product","link":"https:\/\/www.intekview.com\/fr\/product\/tl02-fr\/","title":{"rendered":"Grandes \u00c9tiquettes D&rsquo;exp\u00e9dition &#8211; 2 5 \/ 16\u00a0\u00bb X 4\u00a0\u00bb (1 X 300) &#8211; TL02"},"content":{"rendered":"\t\t<div data-elementor-type=\"wp-post\" data-elementor-id=\"16769\" class=\"elementor elementor-16769\">\n\t\t\t\t\t\t<section class=\"elementor-section elementor-top-section elementor-element elementor-element-5fd63dd elementor-section-content-top elementor-section-boxed elementor-section-height-default elementor-section-height-default wd-section-disabled\" data-id=\"5fd63dd\" data-element_type=\"section\" data-e-type=\"section\">\n\t\t\t\t\t\t<div class=\"elementor-container elementor-column-gap-default\">\n\t\t\t\t\t<div class=\"elementor-column elementor-col-50 elementor-top-column elementor-element elementor-element-2f78948a\" data-id=\"2f78948a\" data-element_type=\"column\" data-e-type=\"column\">\n\t\t\t<div class=\"elementor-widget-wrap elementor-element-populated\">\n\t\t\t\t\t\t<div class=\"elementor-element elementor-element-16a6f9a elementor-widget elementor-widget-wd_text_block\" data-id=\"16a6f9a\" data-element_type=\"widget\" data-e-type=\"widget\" data-widget_type=\"wd_text_block.default\">\n\t\t\t\t<div class=\"elementor-widget-container\">\n\t\t\t\t\t\t\t<div class=\"wd-text-block reset-last-child text-left\">\n\t\t\t\n\t\t\t<p class=\"product-details-code\">Code de produit : TL02<\/p><div class=\"product-details-desc\"><p>Pour : TLP100,\u00a0TLP200<br \/>Comparable \u00e0 : Dymo 30256, Avery 4190<\/p><p>Type : OEM IntekView<br \/>Cat\u00e9gorie : Grandes \u00e9tiquettes d'exp\u00e9dition (Thermique direct)<br \/>Dimension : 2 5\/16'' x 4'\u00a0(59 mm x 104 mm)<\/p><p>1 x 300 \u00e9tiquettes blanches<\/p><p><em>Ne fonctionne pas avec les nouvelles imprimantes Dymo 5XL, 550 et 550 Turbo.<\/em><\/p><\/div>\n\t\t\t\t\t<\/div>\n\t\t\t\t\t\t<\/div>\n\t\t\t\t<\/div>\n\t\t\t\t\t<\/div>\n\t\t<\/div>\n\t\t\t\t<div class=\"elementor-column elementor-col-50 elementor-top-column elementor-element elementor-element-7aae7afc\" data-id=\"7aae7afc\" data-element_type=\"column\" data-e-type=\"column\">\n\t\t\t<div class=\"elementor-widget-wrap elementor-element-populated\">\n\t\t\t\t\t\t<div class=\"elementor-element elementor-element-a5bf42f color-scheme-inherit text-left elementor-widget elementor-widget-text-editor\" data-id=\"a5bf42f\" data-element_type=\"widget\" data-e-type=\"widget\" data-widget_type=\"text-editor.default\">\n\t\t\t\t<div class=\"elementor-widget-container\">\n\t\t\t\t\t\t\t\t\t<p><strong><a class=\"heyzine-link fp-link\" href=\"https:\/\/heyzine.com\/flip-book\/57aef67955.html\" target=\"_BLANK\"><img fetchpriority=\"high\" decoding=\"async\" class=\"fp-thumb\" src=\"https:\/\/cdnc.heyzine.com\/flip-book\/cover\/57aef67955.jpg\" width=\"227\" height=\"293\" \/><\/a><\/strong><\/p>\t\t\t\t\t\t\t\t<\/div>\n\t\t\t\t<\/div>\n\t\t\t\t\t<\/div>\n\t\t<\/div>\n\t\t\t\t\t<\/div>\n\t\t<\/section>\n\t\t\t\t<\/div>\n\t\t","protected":false},"excerpt":{"rendered":"<p>Les grandes \u00e9tiquettes d&rsquo;exp\u00e9dition TL02 d&rsquo;Intekview sont id\u00e9ales pour les besoins d&rsquo;exp\u00e9dition de grande envergure. Avec leur impression thermique de haute qualit\u00e9, elles assurent une lisibilit\u00e9 optimale.<\/p>\n","protected":false},"featured_media":16772,"template":"","meta":[],"product_brand":[],"product_cat":[103,128],"product_tag":[],"class_list":{"0":"post-16769","1":"product","2":"type-product","3":"status-publish","4":"has-post-thumbnail","6":"product_cat-accessoires-informatiques","7":"product_cat-impression","9":"first","10":"instock","11":"shipping-taxable","12":"purchasable","13":"product-type-variable"},"_links":{"self":[{"href":"https:\/\/www.intekview.com\/fr\/wp-json\/wp\/v2\/product\/16769","targetHints":{"allow":["GET"]}}],"collection":[{"href":"https:\/\/www.intekview.com\/fr\/wp-json\/wp\/v2\/product"}],"about":[{"href":"https:\/\/www.intekview.com\/fr\/wp-json\/wp\/v2\/types\/product"}],"version-history":[{"count":9,"href":"https:\/\/www.intekview.com\/fr\/wp-json\/wp\/v2\/product\/16769\/revisions"}],"predecessor-version":[{"id":18041,"href":"https:\/\/www.intekview.com\/fr\/wp-json\/wp\/v2\/product\/16769\/revisions\/18041"}],"wp:featuredmedia":[{"embeddable":true,"href":"https:\/\/www.intekview.com\/fr\/wp-json\/wp\/v2\/media\/16772"}],"wp:attachment":[{"href":"https:\/\/www.intekview.com\/fr\/wp-json\/wp\/v2\/media?parent=16769"}],"wp:term":[{"taxonomy":"product_brand","embeddable":true,"href":"https:\/\/www.intekview.com\/fr\/wp-json\/wp\/v2\/product_brand?post=16769"},{"taxonomy":"product_cat","embeddable":true,"href":"https:\/\/www.intekview.com\/fr\/wp-json\/wp\/v2\/product_cat?post=16769"},{"taxonomy":"product_tag","embeddable":true,"href":"https:\/\/www.intekview.com\/fr\/wp-json\/wp\/v2\/product_tag?post=16769"}],"curies":[{"name":"wp","href":"https:\/\/api.w.org\/{rel}","templated":true}]}}