{"id":16750,"date":"2023-10-24T17:43:25","date_gmt":"2023-10-24T17:43:25","guid":{"rendered":"https:\/\/www.intekview.com\/?post_type=product&#038;p=16750"},"modified":"2024-07-10T17:11:21","modified_gmt":"2024-07-10T17:11:21","slug":"tl01-fr","status":"publish","type":"product","link":"https:\/\/www.intekview.com\/fr\/product\/tl01-fr\/","title":{"rendered":"\u00c9tiquettes D&rsquo;adresse &#8211; 1 1 \/ 8\u00a0\u00bb X 3 1 \/ 2\u00a0\u00bb (2 X 350) &#8211; TL01"},"content":{"rendered":"\t\t<div data-elementor-type=\"wp-post\" data-elementor-id=\"16750\" class=\"elementor elementor-16750\">\n\t\t\t\t\t\t<section class=\"elementor-section elementor-top-section elementor-element elementor-element-5fd63dd elementor-section-content-top elementor-section-boxed elementor-section-height-default elementor-section-height-default wd-section-disabled\" data-id=\"5fd63dd\" data-element_type=\"section\" data-e-type=\"section\">\n\t\t\t\t\t\t<div class=\"elementor-container elementor-column-gap-default\">\n\t\t\t\t\t<div class=\"elementor-column elementor-col-50 elementor-top-column elementor-element elementor-element-2f78948a\" data-id=\"2f78948a\" data-element_type=\"column\" data-e-type=\"column\">\n\t\t\t<div class=\"elementor-widget-wrap elementor-element-populated\">\n\t\t\t\t\t\t<div class=\"elementor-element elementor-element-16a6f9a elementor-widget elementor-widget-wd_text_block\" data-id=\"16a6f9a\" data-element_type=\"widget\" data-e-type=\"widget\" data-widget_type=\"wd_text_block.default\">\n\t\t\t\t<div class=\"elementor-widget-container\">\n\t\t\t\t\t\t\t<div class=\"wd-text-block reset-last-child text-left\">\n\t\t\t\n\t\t\t<p class=\"product-details-code\">Code de produit : TL01<\/p><div class=\"product-details-desc\"><p>Pour : TLP100,\u00a0TLP200<br \/>Comparable \u00e0 : Dymo 30252, Avery 4151<\/p><p>Type : OEM IntekView<br \/>Cat\u00e9gorie : \u00c9tiquettes d'adresse (Thermique direct)<br \/>Dimension : 1\u00a0 1\/8'' x 3 1\/2'' (28 mm x 89 mm)<\/p><p>2 x 350 \u00e9tiquettes blanches<\/p><p><em>Ne fonctionne pas avec les nouvelles imprimantes Dymo 5XL, 550 et 550 Turbo.<br \/><\/em><\/p><\/div>\n\t\t\t\t\t<\/div>\n\t\t\t\t\t\t<\/div>\n\t\t\t\t<\/div>\n\t\t\t\t\t<\/div>\n\t\t<\/div>\n\t\t\t\t<div class=\"elementor-column elementor-col-50 elementor-top-column elementor-element elementor-element-7aae7afc\" data-id=\"7aae7afc\" data-element_type=\"column\" data-e-type=\"column\">\n\t\t\t<div class=\"elementor-widget-wrap elementor-element-populated\">\n\t\t\t\t\t\t<div class=\"elementor-element elementor-element-cad02aa color-scheme-inherit text-left elementor-widget elementor-widget-text-editor\" data-id=\"cad02aa\" data-element_type=\"widget\" data-e-type=\"widget\" data-widget_type=\"text-editor.default\">\n\t\t\t\t<div class=\"elementor-widget-container\">\n\t\t\t\t\t\t\t\t\t<p><a class=\"heyzine-link fp-link\" href=\"https:\/\/heyzine.com\/flip-book\/57aef67955.html\" target=\"_BLANK\"><img fetchpriority=\"high\" decoding=\"async\" class=\"fp-thumb\" src=\"https:\/\/cdnc.heyzine.com\/flip-book\/cover\/57aef67955.jpg\" width=\"214\" height=\"277\" \/><\/a><\/p>\t\t\t\t\t\t\t\t<\/div>\n\t\t\t\t<\/div>\n\t\t\t\t\t<\/div>\n\t\t<\/div>\n\t\t\t\t\t<\/div>\n\t\t<\/section>\n\t\t\t\t<\/div>\n\t\t","protected":false},"excerpt":{"rendered":"<p>Les \u00e9tiquettes d&rsquo;adresse \u00e0 impression thermique d&rsquo;Intekview TL01 sont l&rsquo;outil parfait pour des envois soign\u00e9s. Personnalisables et durables, elles assurent une livraison en toute s\u00e9curit\u00e9 et professionnalisme.<\/p>\n","protected":false},"featured_media":16753,"template":"","meta":[],"product_brand":[],"product_cat":[103,128],"product_tag":[],"class_list":{"0":"post-16750","1":"product","2":"type-product","3":"status-publish","4":"has-post-thumbnail","6":"product_cat-accessoires-informatiques","7":"product_cat-impression","9":"first","10":"instock","11":"shipping-taxable","12":"purchasable","13":"product-type-variable"},"_links":{"self":[{"href":"https:\/\/www.intekview.com\/fr\/wp-json\/wp\/v2\/product\/16750","targetHints":{"allow":["GET"]}}],"collection":[{"href":"https:\/\/www.intekview.com\/fr\/wp-json\/wp\/v2\/product"}],"about":[{"href":"https:\/\/www.intekview.com\/fr\/wp-json\/wp\/v2\/types\/product"}],"version-history":[{"count":9,"href":"https:\/\/www.intekview.com\/fr\/wp-json\/wp\/v2\/product\/16750\/revisions"}],"predecessor-version":[{"id":18044,"href":"https:\/\/www.intekview.com\/fr\/wp-json\/wp\/v2\/product\/16750\/revisions\/18044"}],"wp:featuredmedia":[{"embeddable":true,"href":"https:\/\/www.intekview.com\/fr\/wp-json\/wp\/v2\/media\/16753"}],"wp:attachment":[{"href":"https:\/\/www.intekview.com\/fr\/wp-json\/wp\/v2\/media?parent=16750"}],"wp:term":[{"taxonomy":"product_brand","embeddable":true,"href":"https:\/\/www.intekview.com\/fr\/wp-json\/wp\/v2\/product_brand?post=16750"},{"taxonomy":"product_cat","embeddable":true,"href":"https:\/\/www.intekview.com\/fr\/wp-json\/wp\/v2\/product_cat?post=16750"},{"taxonomy":"product_tag","embeddable":true,"href":"https:\/\/www.intekview.com\/fr\/wp-json\/wp\/v2\/product_tag?post=16750"}],"curies":[{"name":"wp","href":"https:\/\/api.w.org\/{rel}","templated":true}]}}