{"id":16719,"date":"2023-10-24T17:10:10","date_gmt":"2023-10-24T17:10:10","guid":{"rendered":"https:\/\/www.intekview.com\/?post_type=product&#038;p=16719"},"modified":"2024-07-03T20:46:32","modified_gmt":"2024-07-03T20:46:32","slug":"tlp200-fr","status":"publish","type":"product","link":"https:\/\/www.intekview.com\/fr\/product\/tlp200-fr\/","title":{"rendered":"Imprimante Compacte \u00c0 \u00c9tiquettes Multiformat &#8211; TLP200"},"content":{"rendered":"\t\t<div data-elementor-type=\"wp-post\" data-elementor-id=\"16719\" class=\"elementor elementor-16719\">\n\t\t\t\t\t\t<section class=\"elementor-section elementor-top-section elementor-element elementor-element-5fd63dd elementor-section-content-top elementor-section-boxed elementor-section-height-default elementor-section-height-default wd-section-disabled\" data-id=\"5fd63dd\" data-element_type=\"section\" data-e-type=\"section\">\n\t\t\t\t\t\t<div class=\"elementor-container elementor-column-gap-default\">\n\t\t\t\t\t<div class=\"elementor-column elementor-col-50 elementor-top-column elementor-element elementor-element-2f78948a\" data-id=\"2f78948a\" data-element_type=\"column\" data-e-type=\"column\">\n\t\t\t<div class=\"elementor-widget-wrap elementor-element-populated\">\n\t\t\t\t\t\t<div class=\"elementor-element elementor-element-16a6f9a elementor-widget elementor-widget-wd_text_block\" data-id=\"16a6f9a\" data-element_type=\"widget\" data-e-type=\"widget\" data-widget_type=\"wd_text_block.default\">\n\t\t\t\t<div class=\"elementor-widget-container\">\n\t\t\t\t\t\t\t<div class=\"wd-text-block reset-last-child text-left\">\n\t\t\t\n\t\t\t<p class=\"product-details-code\">Code de produit : TLP200<\/p><div class=\"product-details-desc\"><p>Imprimante d'\u00e9tiquettes thermiques multi-formats Intekview TLP200\u00a0- la solution ultime pour tous vos besoins d'\u00e9tiquetage. Cette imprimante puissante et polyvalente prend en charge tout type d'\u00e9tiquette et peut vous faire\u00a0<strong>\u00e9conomiser jusqu'\u00e0 50% sur le co\u00fbt des \u00e9tiquettes avec les rubans Premium Tape<\/strong>.<\/p><p>Une autre fonctionnalit\u00e9 cl\u00e9 de l'imprimante est sa capacit\u00e9 Bluetooth, qui vous permet de connecter et d'imprimer directement \u00e0 partir de votre appareil Android ou iOS, ce qui la rend extr\u00eamement pratique et facile \u00e0 utiliser. Avec cette fonctionnalit\u00e9, vous pouvez imprimer des \u00e9tiquettes depuis n'importe o\u00f9, \u00e0 tout moment, sans avoir besoin d'un ordinateur.<\/p><p>Cette imprimante compacte et facile \u00e0 utiliser est id\u00e9ale pour les entreprises et les particuliers qui ont besoin d'imprimer des \u00e9tiquettes de haute qualit\u00e9 rapidement et efficacement. Avec sa technologie d'impression thermique avanc\u00e9e, vous pouvez \u00eatre s\u00fbr que vos \u00e9tiquettes auront un aspect professionnel et seront lisibles pendant longtemps.<\/p><p>Le paquet contient tout ce dont vous avez besoin pour commencer \u00e0 imprimer tout de suite, y compris un rouleau complet de nos \u00e9tiquettes PREMIUM TAPE, un adaptateur secteur, un c\u00e2ble d'alimentation, un c\u00e2ble USB et un guide de d\u00e9marrage rapide. Le guide de d\u00e9marrage rapide vous guidera \u00e0 travers le processus de configuration et vous aidera \u00e0 d\u00e9marrer avec votre nouvelle imprimante en un rien de temps.<\/p><p>Ne perdez pas votre temps et votre argent sur des \u00e9tiquettes co\u00fbteuses, essayez notre imprimante d'\u00e9tiquettes thermiques multi-formats d\u00e8s maintenant et commencez \u00e0 \u00e9conomiser de l'argent et du temps sur vos besoins d'\u00e9tiquetage !<\/p><\/div>\n\t\t\t\t\t<\/div>\n\t\t\t\t\t\t<\/div>\n\t\t\t\t<\/div>\n\t\t\t\t<div class=\"elementor-element elementor-element-1085ebd elementor-widget elementor-widget-wd_button\" data-id=\"1085ebd\" data-element_type=\"widget\" data-e-type=\"widget\" data-widget_type=\"wd_button.default\">\n\t\t\t\t<div class=\"elementor-widget-container\">\n\t\t\t\t\t\t\t<div class=\"wd-button-wrapper text-center\" >\n\t\t\t<a class=\"btn btn-style-default btn-style-rectangle btn-size-default btn-color-default btn-icon-pos-right\"  href=\"https:\/\/www.intekview.com\/wp-content\/uploads\/2023\/04\/FR-TLP100-VS-DYMO5XL-final.pdf\">\n\t\t\t\t<span class=\"wd-btn-text\" data-elementor-setting-key=\"text\">\n\t\t\t\t\tComparer \u00e0 la marque populaire\t\t\t\t<\/span>\n\n\t\t\t\t\t\t\t<\/a>\n\t\t<\/div>\n\t\t\t\t\t\t<\/div>\n\t\t\t\t<\/div>\n\t\t\t\t\t<\/div>\n\t\t<\/div>\n\t\t\t\t<div class=\"elementor-column elementor-col-50 elementor-top-column elementor-element elementor-element-7aae7afc\" data-id=\"7aae7afc\" data-element_type=\"column\" data-e-type=\"column\">\n\t\t\t<div class=\"elementor-widget-wrap elementor-element-populated\">\n\t\t\t\t\t\t<div class=\"elementor-element elementor-element-5de1e73 elementor-widget elementor-widget-video\" data-id=\"5de1e73\" data-element_type=\"widget\" data-e-type=\"widget\" data-settings=\"{&quot;youtube_url&quot;:&quot;https:\\\/\\\/youtu.be\\\/ScC6U-gHAIw&quot;,&quot;autoplay&quot;:&quot;yes&quot;,&quot;mute&quot;:&quot;yes&quot;,&quot;video_type&quot;:&quot;youtube&quot;,&quot;controls&quot;:&quot;yes&quot;}\" data-widget_type=\"video.default\">\n\t\t\t\t<div class=\"elementor-widget-container\">\n\t\t\t\t\t\t\t<div class=\"elementor-wrapper elementor-open-inline\">\n\t\t\t<div class=\"elementor-video\"><\/div>\t\t<\/div>\n\t\t\t\t\t\t<\/div>\n\t\t\t\t<\/div>\n\t\t\t\t\t<\/div>\n\t\t<\/div>\n\t\t\t\t\t<\/div>\n\t\t<\/section>\n\t\t\t\t<section class=\"elementor-section elementor-top-section elementor-element elementor-element-95745b6 elementor-section-boxed elementor-section-height-default elementor-section-height-default wd-section-disabled\" data-id=\"95745b6\" data-element_type=\"section\" data-e-type=\"section\">\n\t\t\t\t\t\t<div class=\"elementor-container elementor-column-gap-default\">\n\t\t\t\t\t<div class=\"elementor-column elementor-col-100 elementor-top-column elementor-element elementor-element-92ca4fc\" data-id=\"92ca4fc\" data-element_type=\"column\" data-e-type=\"column\">\n\t\t\t<div class=\"elementor-widget-wrap elementor-element-populated\">\n\t\t\t\t\t\t<section class=\"elementor-section elementor-inner-section elementor-element elementor-element-24daac0 elementor-section-boxed elementor-section-height-default elementor-section-height-default wd-section-disabled\" data-id=\"24daac0\" data-element_type=\"section\" data-e-type=\"section\">\n\t\t\t\t\t\t<div class=\"elementor-container elementor-column-gap-default\">\n\t\t\t\t\t<div class=\"elementor-column elementor-col-25 elementor-inner-column elementor-element elementor-element-d09f528\" data-id=\"d09f528\" data-element_type=\"column\" data-e-type=\"column\">\n\t\t\t<div class=\"elementor-widget-wrap elementor-element-populated\">\n\t\t\t\t\t\t<div class=\"elementor-element elementor-element-fd302f9 elementor-widget elementor-widget-wd_text_block\" data-id=\"fd302f9\" data-element_type=\"widget\" data-e-type=\"widget\" data-widget_type=\"wd_text_block.default\">\n\t\t\t\t<div class=\"elementor-widget-container\">\n\t\t\t\t\t\t\t<div class=\"wd-text-block reset-last-child text-left\">\n\t\t\t\n\t\t\t<p><strong>Contenu de l'emballage :<\/strong><\/p><ul><li>Imprimante d'\u00e9tiquettes thermiques multi-formats\u00a0<\/li><li>(1) Rouleau d'\u00e9tiquettes d'adresse<\/li><li>Adaptateurd'alimentation<\/li><li>C\u00e2ble d'alimentation<\/li><li>C\u00e2ble USB<\/li><li>Guide de d\u00e9marrage rapide<\/li><\/ul>\n\t\t\t\t\t<\/div>\n\t\t\t\t\t\t<\/div>\n\t\t\t\t<\/div>\n\t\t\t\t\t<\/div>\n\t\t<\/div>\n\t\t\t\t<div class=\"elementor-column elementor-col-25 elementor-inner-column elementor-element elementor-element-c7c205f\" data-id=\"c7c205f\" data-element_type=\"column\" data-e-type=\"column\">\n\t\t\t<div class=\"elementor-widget-wrap elementor-element-populated\">\n\t\t\t\t\t\t<div class=\"elementor-element elementor-element-c27d546 elementor-widget elementor-widget-wd_text_block\" data-id=\"c27d546\" data-element_type=\"widget\" data-e-type=\"widget\" data-widget_type=\"wd_text_block.default\">\n\t\t\t\t<div class=\"elementor-widget-container\">\n\t\t\t\t\t\t\t<div class=\"wd-text-block reset-last-child text-left\">\n\t\t\t\n\t\t\t<p><strong>Applications :<\/strong><\/p><ul><li>Cr\u00e9ez des \u00e9tiquettes \u00e9tonnantes avec une \u00e9criture noire pour les cartes de visite, les \u00e9tiquettes de courrier, le transport ou la correspondance, le marquage des archives et des fichiers, les \u00e9tiquettes de bureau.<\/li><li>Dans l'industrie, elles ont une large gamme d'applications : instructions d'utilisation, \u00e9tiquetage des \u00e9tag\u00e8res et des armoires, \u00e9tiquettes d'emballage, transport et courrier.<\/li><li>Dans les magasins, vous pouvez rapidement imprimer des \u00e9tiquettes de prix et\/ou des codes-barres, des \u00e9tiquettes de prix promotionnelles, \u00e9tiqueter les \u00e9tag\u00e8res et les armoires.<\/li><li>Dans le domaine m\u00e9dical : badges de visiteurs, formulaires de commande, \u00e9tiquettes d'\u00e9chantillons et bien d'autres.<\/li><li>Dans le secteur de l'H\u00f4tellerie-Restauration : \u00e9tiquetage des \u00e9chantillons alimentaires, des \u00e9tag\u00e8res et bien plus encore.<\/li><\/ul>\n\t\t\t\t\t<\/div>\n\t\t\t\t\t\t<\/div>\n\t\t\t\t<\/div>\n\t\t\t\t\t<\/div>\n\t\t<\/div>\n\t\t\t\t<div class=\"elementor-column elementor-col-25 elementor-inner-column elementor-element elementor-element-dc11fa5\" data-id=\"dc11fa5\" data-element_type=\"column\" data-e-type=\"column\">\n\t\t\t<div class=\"elementor-widget-wrap elementor-element-populated\">\n\t\t\t\t\t\t<div class=\"elementor-element elementor-element-8deaf5b elementor-widget elementor-widget-wd_text_block\" data-id=\"8deaf5b\" data-element_type=\"widget\" data-e-type=\"widget\" data-widget_type=\"wd_text_block.default\">\n\t\t\t\t<div class=\"elementor-widget-container\">\n\t\t\t\t\t\t\t<div class=\"wd-text-block reset-last-child text-left\">\n\t\t\t\n\t\t\t<p><strong>Autres applications :<\/strong><\/p><ul><li>Inventaire : num\u00e9ros d'inventaire, codes-barres ;<\/li><li>Gestion des visiteurs : badges adh\u00e9sifs ou \u00e9tiquettes non adh\u00e9sives pour porte-badges, tickets d'acc\u00e8s avec codes-barres ;<\/li><li>Courrier : \u00e9tiquettes autocollantes pour correspondance ou colis ;<\/li><li>Organisation et classement : \u00e9tiquettes pour fichiers, biblioth\u00e8ques, bo\u00eetes de classement, conteneurs de classement, dossiers, armoires, \u00e9tag\u00e8res ;<\/li><li>Laboratoires et cliniques m\u00e9dicales : \u00e9tiquettes d'\u00e9chantillons, r\u00e9actifs, substances chimiques ;<\/li><li>Magasins, bijouterie, optique m\u00e9dicale : \u00e9tiquettes de prix, \u00e9tiquettes de codes-barres, \u00e9tiquettes de montures de lunettes, accessoires vestimentaires, etc.<\/li><\/ul>\n\t\t\t\t\t<\/div>\n\t\t\t\t\t\t<\/div>\n\t\t\t\t<\/div>\n\t\t\t\t\t<\/div>\n\t\t<\/div>\n\t\t\t\t<div class=\"elementor-column elementor-col-25 elementor-inner-column elementor-element elementor-element-cf881e4\" data-id=\"cf881e4\" data-element_type=\"column\" data-e-type=\"column\">\n\t\t\t<div class=\"elementor-widget-wrap elementor-element-populated\">\n\t\t\t\t\t\t<div class=\"elementor-element elementor-element-c9b3cc5 elementor-widget elementor-widget-wd_text_block\" data-id=\"c9b3cc5\" data-element_type=\"widget\" data-e-type=\"widget\" data-widget_type=\"wd_text_block.default\">\n\t\t\t\t<div class=\"elementor-widget-container\">\n\t\t\t\t\t\t\t<div class=\"wd-text-block reset-last-child text-left\">\n\t\t\t\n\t\t\t<p><strong>Sp\u00e9cifications :<\/strong><\/p><ul><li>D\u00e9marrage rapide avec un logiciel d'\u00e9dition d'\u00e9tiquettes et impression silencieuse.<\/li><li>Identification automatique du mod\u00e8le d'\u00e9tiquette.<\/li><li>Sensibilit\u00e9 \u00e9lev\u00e9e et stabilit\u00e9.<\/li><li>Compatible avec plusieurs syst\u00e8mes et diff\u00e9rents ordres d'impression de l'industrie.<\/li><li>Impression \u00e0 grande vitesse jusqu'\u00e0 125 mm\/s.<\/li><li>Grande capacit\u00e9 de chargement de l'imprimante.<\/li><li>Fonctionne avec diff\u00e9rents types d'\u00e9tiquettes, avec des largeurs entre 11 et 118 mm.<\/li><li>R\u00e9solution d'impression de 203 DPI.<\/li><li><strong>Syst\u00e8mes d'exploitation pris en charge :<\/strong><\/li><li>PC : Windows\u00ae XP, 7, 8, 10, 11, Mac OS\u00ae X v10.14 et toutes les versions ult\u00e9rieures, Windows Surface avec processeur ARM, ChromeOS : Chromebook, Linux : Raspberry Pi, Centos 7.0 version X64, Ubuntu 12.04 version X86, X64.<\/li><li>Mobile : iOS (11.0 et toutes les versions ult\u00e9rieures), Android\u2122 (5.0 et toutes les versions ult\u00e9rieures).<\/li><li>Connexion au PC via un c\u00e2ble USB.<\/li><li>Indicateur d'\u00e9tat de l'imprimante.<\/li><li>Bouton d'avance des \u00e9tiquettes (identification automatique des \u00e9tiquettes, pause\/reprise de l'impression).<\/li><li>Interrupteur d'alimentation actuel \u00e0 l'arri\u00e8re de l'imprimante.<\/li><li>Conditions de fonctionnement : 5\u00b0C \u00e0 50\u00b0C, humidit\u00e9 : 20% \u00e0 85% (sans condensation).<\/li><li>Environnement de stockage : -20\u00b0C \u00e0 70\u00b0C, humidit\u00e9 : 5% \u00e0 95% (sans condensation).<\/li><li>Normes de s\u00e9curit\u00e9 : CCC, FCC, CE, ROHS, IC.<\/li><\/ul>\n\t\t\t\t\t<\/div>\n\t\t\t\t\t\t<\/div>\n\t\t\t\t<\/div>\n\t\t\t\t\t<\/div>\n\t\t<\/div>\n\t\t\t\t\t<\/div>\n\t\t<\/section>\n\t\t\t\t\t<\/div>\n\t\t<\/div>\n\t\t\t\t\t<\/div>\n\t\t<\/section>\n\t\t\t\t<section class=\"elementor-section elementor-top-section elementor-element elementor-element-14e6362 elementor-section-boxed elementor-section-height-default elementor-section-height-default wd-section-disabled\" data-id=\"14e6362\" data-element_type=\"section\" data-e-type=\"section\">\n\t\t\t\t\t\t<div class=\"elementor-container elementor-column-gap-default\">\n\t\t\t\t\t<div class=\"elementor-column elementor-col-100 elementor-top-column elementor-element elementor-element-cd1f203\" data-id=\"cd1f203\" data-element_type=\"column\" data-e-type=\"column\">\n\t\t\t<div class=\"elementor-widget-wrap elementor-element-populated\">\n\t\t\t\t\t\t<div class=\"elementor-element elementor-element-d4d9f4d elementor-widget elementor-widget-wd_title\" data-id=\"d4d9f4d\" data-element_type=\"widget\" data-e-type=\"widget\" data-widget_type=\"wd_title.default\">\n\t\t\t\t<div class=\"elementor-widget-container\">\n\t\t\t\t\t\t\t<div class=\"title-wrapper set-mb-s reset-last-child wd-title-color-default wd-title-style-default wd-title-size-default text-center\">\n\n\t\t\t\n\t\t\t<div class=\"liner-continer\">\n\t\t\t\t<h4 class=\"woodmart-title-container title wd-fontsize-l\">Fonctionne bien avec le ruban Premium <\/h4> \n\t\t\t\t\t\t\t<\/div>\n\n\t\t\t\t\t<\/div>\n\t\t\t\t\t\t<\/div>\n\t\t\t\t<\/div>\n\t\t\t\t\t<\/div>\n\t\t<\/div>\n\t\t\t\t\t<\/div>\n\t\t<\/section>\n\t\t\t\t<section class=\"elementor-section elementor-top-section elementor-element elementor-element-dcb0cec elementor-section-boxed elementor-section-height-default elementor-section-height-default wd-section-disabled\" data-id=\"dcb0cec\" data-element_type=\"section\" data-e-type=\"section\">\n\t\t\t\t\t\t<div class=\"elementor-container elementor-column-gap-default\">\n\t\t\t\t\t<div class=\"elementor-column elementor-col-100 elementor-top-column elementor-element elementor-element-9228c4d\" data-id=\"9228c4d\" data-element_type=\"column\" data-e-type=\"column\">\n\t\t\t<div class=\"elementor-widget-wrap elementor-element-populated\">\n\t\t\t\t\t\t<div class=\"elementor-element elementor-element-b76da6a elementor-widget elementor-widget-wd_banner\" data-id=\"b76da6a\" data-element_type=\"widget\" data-e-type=\"widget\" data-widget_type=\"wd_banner.default\">\n\t\t\t\t<div class=\"elementor-widget-container\">\n\t\t\t\t\t\t\t<div class=\"promo-banner-wrapper\">\n\t\t\t<div class=\"promo-banner banner-default banner-hover-none color-scheme- banner-btn-size-default banner-btn-style-default with-btn banner-btn-position-hover cursor-pointer\" onclick=\"window.location.href='#'\">\n\t\t\t\t<div class=\"main-wrapp-img\">\n\t\t\t\t\t<div class=\"banner-image wd-without-height\">\n\t\t\t\t\t\t\t\t\t\t\t\t\t<img fetchpriority=\"high\" decoding=\"async\" width=\"1170\" height=\"488\" src=\"https:\/\/www.intekview.com\/wp-content\/uploads\/2023\/03\/banniere_premiumtape_EN_23062020.jpg\" class=\"attachment-2048x2048 size-2048x2048 wp-image-14994\" alt=\"\" srcset=\"https:\/\/www.intekview.com\/wp-content\/uploads\/2023\/03\/banniere_premiumtape_EN_23062020.jpg 1170w, https:\/\/www.intekview.com\/wp-content\/uploads\/2023\/03\/banniere_premiumtape_EN_23062020-400x167.jpg 400w, https:\/\/www.intekview.com\/wp-content\/uploads\/2023\/03\/banniere_premiumtape_EN_23062020-768x320.jpg 768w, https:\/\/www.intekview.com\/wp-content\/uploads\/2023\/03\/banniere_premiumtape_EN_23062020-860x359.jpg 860w, https:\/\/www.intekview.com\/wp-content\/uploads\/2023\/03\/banniere_premiumtape_EN_23062020-430x179.jpg 430w, https:\/\/www.intekview.com\/wp-content\/uploads\/2023\/03\/banniere_premiumtape_EN_23062020-700x292.jpg 700w, https:\/\/www.intekview.com\/wp-content\/uploads\/2023\/03\/banniere_premiumtape_EN_23062020-150x63.jpg 150w\" sizes=\"(max-width: 1170px) 100vw, 1170px\" \/>\t\t\t\t\t\t\t\t\t\t\t<\/div>\n\t\t\t\t<\/div>\n\n\t\t\t\t<div class=\"wrapper-content-banner wd-fill wd-items-top wd-justify-left\">\n\t\t\t\t\t<div class=\"content-banner text-left\">\n\t\t\t\t\t\t<div class=\"banner-title-wrap\">\n\t\t\t\t\t\t\t\n\t\t\t\t\t\t\t\t\t\t\t\t\t<\/div>\n\n\t\t\t\t\t\t\n\t\t\t\t\t\t\t\t\t\t\t\t\t<div class=\"banner-btn-wrapper\">\n\t\t\t\t\t\t\t\t\t\t<div class=\"wd-button-wrapper text-left\" >\n\t\t\t<a class=\"btn btn-style-default btn-style-rectangle btn-size-default btn-color-default btn-icon-pos-right\" >\n\t\t\t\t<span class=\"wd-btn-text\" data-elementor-setting-key=\"text\">\n\t\t\t\t\tEn savoir plus\t\t\t\t<\/span>\n\n\t\t\t\t\t\t\t<\/a>\n\t\t<\/div>\n\t\t\t\t\t\t\t\t\t<\/div>\n\t\t\t\t\t\t\t\t\t\t\t<\/div>\n\t\t\t\t<\/div>\n\t\t\t<\/div>\n\t\t<\/div>\n\t\t\t\t\t\t<\/div>\n\t\t\t\t<\/div>\n\t\t\t\t\t<\/div>\n\t\t<\/div>\n\t\t\t\t\t<\/div>\n\t\t<\/section>\n\t\t\t\t<\/div>\n\t\t","protected":false},"excerpt":{"rendered":"<p>Imprimante d&rsquo;\u00e9tiquettes thermiques multi-formats Intekview TLP200\u00a0&#8211; la solution ultime pour tous vos besoins d&rsquo;\u00e9tiquetage. Cette imprimante puissante et polyvalente prend en charge tout type d&rsquo;\u00e9tiquette et peut vous faire\u00a0<strong>\u00e9conomiser jusqu&rsquo;\u00e0 50% sur le co\u00fbt des \u00e9tiquettes avec les rubans Premium Tape<\/strong>.<\/p>\n","protected":false},"featured_media":16723,"template":"","meta":[],"product_brand":[],"product_cat":[103,128],"product_tag":[],"class_list":{"0":"post-16719","1":"product","2":"type-product","3":"status-publish","4":"has-post-thumbnail","6":"product_cat-accessoires-informatiques","7":"product_cat-impression","9":"first","10":"instock","11":"shipping-taxable","12":"purchasable","13":"product-type-variable"},"_links":{"self":[{"href":"https:\/\/www.intekview.com\/fr\/wp-json\/wp\/v2\/product\/16719","targetHints":{"allow":["GET"]}}],"collection":[{"href":"https:\/\/www.intekview.com\/fr\/wp-json\/wp\/v2\/product"}],"about":[{"href":"https:\/\/www.intekview.com\/fr\/wp-json\/wp\/v2\/types\/product"}],"version-history":[{"count":6,"href":"https:\/\/www.intekview.com\/fr\/wp-json\/wp\/v2\/product\/16719\/revisions"}],"predecessor-version":[{"id":17322,"href":"https:\/\/www.intekview.com\/fr\/wp-json\/wp\/v2\/product\/16719\/revisions\/17322"}],"wp:featuredmedia":[{"embeddable":true,"href":"https:\/\/www.intekview.com\/fr\/wp-json\/wp\/v2\/media\/16723"}],"wp:attachment":[{"href":"https:\/\/www.intekview.com\/fr\/wp-json\/wp\/v2\/media?parent=16719"}],"wp:term":[{"taxonomy":"product_brand","embeddable":true,"href":"https:\/\/www.intekview.com\/fr\/wp-json\/wp\/v2\/product_brand?post=16719"},{"taxonomy":"product_cat","embeddable":true,"href":"https:\/\/www.intekview.com\/fr\/wp-json\/wp\/v2\/product_cat?post=16719"},{"taxonomy":"product_tag","embeddable":true,"href":"https:\/\/www.intekview.com\/fr\/wp-json\/wp\/v2\/product_tag?post=16719"}],"curies":[{"name":"wp","href":"https:\/\/api.w.org\/{rel}","templated":true}]}}