{"id":15826,"date":"2021-08-26T16:17:37","date_gmt":"2021-08-26T16:17:37","guid":{"rendered":"https:\/\/www.intekview.com\/product\/plateau-a-clavier-reglable-sous-le-bureau-kt1060\/"},"modified":"2024-07-17T19:43:58","modified_gmt":"2024-07-17T19:43:58","slug":"plateau-a-clavier-reglable-sous-le-bureau-kt1060","status":"publish","type":"product","link":"https:\/\/www.intekview.com\/fr\/product\/plateau-a-clavier-reglable-sous-le-bureau-kt1060\/","title":{"rendered":"Plateau \u00e0 clavier r\u00e9glable sous le bureau &#8211; KT1060"},"content":{"rendered":"\t\t<div data-elementor-type=\"wp-post\" data-elementor-id=\"15826\" class=\"elementor elementor-15826\">\n\t\t\t\t\t\t<section class=\"elementor-section elementor-top-section elementor-element elementor-element-4b3626ba elementor-section-content-top elementor-section-boxed elementor-section-height-default elementor-section-height-default wd-section-disabled\" data-id=\"4b3626ba\" data-element_type=\"section\" data-e-type=\"section\">\n\t\t\t\t\t\t<div class=\"elementor-container elementor-column-gap-default\">\n\t\t\t\t\t<div class=\"elementor-column elementor-col-50 elementor-top-column elementor-element elementor-element-7f5fbf69\" data-id=\"7f5fbf69\" data-element_type=\"column\" data-e-type=\"column\">\n\t\t\t<div class=\"elementor-widget-wrap elementor-element-populated\">\n\t\t\t\t\t\t<div class=\"elementor-element elementor-element-748d7c5f elementor-widget elementor-widget-wd_text_block\" data-id=\"748d7c5f\" data-element_type=\"widget\" data-e-type=\"widget\" data-widget_type=\"wd_text_block.default\">\n\t\t\t\t<div class=\"elementor-widget-container\">\n\t\t\t\t\t\t\t<div class=\"wd-text-block reset-last-child text-left\">\n\t\t\t\n\t\t\t<p class=\"product-details-code\">Code produit : KT1060<\/p><div class=\"product-details-desc\"><p>KT1060 est un plateau \u00e0 clavier mont\u00e9 sur rail sous le bureau. Con\u00e7u pour s'adapter exactement aux diff\u00e9rentes fa\u00e7ons de placer le clavier, il offre des modes de r\u00e9glage polyvalents. Pivotement \u00e0 40 degr\u00e9s, inclinaison \u00e0 30 degr\u00e9s et r\u00e9glage de la hauteur \u00e0 170 mm pour une position confortable du bras et de l'\u00e9paule pendant la frappe. Gagner de l'espace sur le bureau. La conception sur rail permet de dissimuler facilement le plateau \u00e0 clavier sous le bureau. Un plateau de clavier r\u00e9glable peut vous offrir un confort au niveau des poignets, des bras et des \u00e9paules. Commencez et terminez la journ\u00e9e en vous sentant bien, dans le confort.<\/p><p> <\/p><p>Caract\u00e9ristiques :<\/p><ul><li>Plate-forme inclinable : pour un confort optimal<\/li><li>M\u00e9canisme coulissant Easy-Glide : pour une plus grande accessibilit\u00e9<\/li><li>Soutien du poignet : r\u00e9duit la fatigue du poignet lors d'un travail prolong\u00e9 et am\u00e9liore le confort de frappe.<\/li><li>Conception sur rail : permet de cacher facilement le plateau \u00e0 clavier sous le bureau<\/li><li>Construction en acier robuste : offre une r\u00e9sistance et une durabilit\u00e9 accrues.<\/li><\/ul><\/div>\n\t\t\t\t\t<\/div>\n\t\t\t\t\t\t<\/div>\n\t\t\t\t<\/div>\n\t\t\t\t\t<\/div>\n\t\t<\/div>\n\t\t\t\t<div class=\"elementor-column elementor-col-50 elementor-top-column elementor-element elementor-element-1e65c3f2\" data-id=\"1e65c3f2\" data-element_type=\"column\" data-e-type=\"column\">\n\t\t\t<div class=\"elementor-widget-wrap elementor-element-populated\">\n\t\t\t\t\t\t<section class=\"elementor-section elementor-inner-section elementor-element elementor-element-55f738ee elementor-section-content-top elementor-section-boxed elementor-section-height-default elementor-section-height-default wd-section-disabled\" data-id=\"55f738ee\" data-element_type=\"section\" data-e-type=\"section\">\n\t\t\t\t\t\t<div class=\"elementor-container elementor-column-gap-default\">\n\t\t\t\t\t<div class=\"elementor-column elementor-col-50 elementor-inner-column elementor-element elementor-element-47ceb066\" data-id=\"47ceb066\" data-element_type=\"column\" data-e-type=\"column\">\n\t\t\t<div class=\"elementor-widget-wrap\">\n\t\t\t\t\t\t\t<\/div>\n\t\t<\/div>\n\t\t\t\t<div class=\"elementor-column elementor-col-50 elementor-top-column elementor-element elementor-element-22ed1721\" data-id=\"22ed1721\" data-element_type=\"column\" data-e-type=\"column\">\n\t\t\t<div class=\"elementor-widget-wrap\">\n\t\t\t\t\t\t\t<\/div>\n\t\t<\/div>\n\t\t\t\t\t<\/div>\n\t\t<\/section>\n\t\t\t\t\t<\/div>\n\t\t<\/div>\n\t\t\t\t\t<\/div>\n\t\t<\/section>\n\t\t\t\t<section class=\"elementor-section elementor-top-section elementor-element elementor-element-7d0caa4 elementor-section-boxed elementor-section-height-default elementor-section-height-default wd-section-disabled\" data-id=\"7d0caa4\" data-element_type=\"section\" data-e-type=\"section\">\n\t\t\t\t\t\t<div class=\"elementor-container elementor-column-gap-default\">\n\t\t\t\t\t<div class=\"elementor-column elementor-col-100 elementor-top-column elementor-element elementor-element-b3fbd3c\" data-id=\"b3fbd3c\" data-element_type=\"column\" data-e-type=\"column\">\n\t\t\t<div class=\"elementor-widget-wrap elementor-element-populated\">\n\t\t\t\t\t\t<div class=\"elementor-element elementor-element-fa928b2 text-center color-scheme-inherit elementor-widget elementor-widget-text-editor\" data-id=\"fa928b2\" data-element_type=\"widget\" data-e-type=\"widget\" data-widget_type=\"text-editor.default\">\n\t\t\t\t<div class=\"elementor-widget-container\">\n\t\t\t\t\t\t\t\t\t<p><img fetchpriority=\"high\" decoding=\"async\" class=\"alignnone wp-image-18545 size-full\" src=\"https:\/\/www.intekview.com\/wp-content\/uploads\/2024\/07\/KT1060-1.jpg\" alt=\"\" width=\"970\" height=\"600\" srcset=\"https:\/\/www.intekview.com\/wp-content\/uploads\/2024\/07\/KT1060-1.jpg 970w, https:\/\/www.intekview.com\/wp-content\/uploads\/2024\/07\/KT1060-1-400x247.jpg 400w, https:\/\/www.intekview.com\/wp-content\/uploads\/2024\/07\/KT1060-1-768x475.jpg 768w, https:\/\/www.intekview.com\/wp-content\/uploads\/2024\/07\/KT1060-1-860x532.jpg 860w, https:\/\/www.intekview.com\/wp-content\/uploads\/2024\/07\/KT1060-1-430x266.jpg 430w, https:\/\/www.intekview.com\/wp-content\/uploads\/2024\/07\/KT1060-1-700x433.jpg 700w, https:\/\/www.intekview.com\/wp-content\/uploads\/2024\/07\/KT1060-1-150x93.jpg 150w\" sizes=\"(max-width: 970px) 100vw, 970px\" \/> <br \/><img decoding=\"async\" class=\"alignnone wp-image-18553 size-full\" src=\"https:\/\/www.intekview.com\/wp-content\/uploads\/2024\/07\/KT1060-2.jpg\" alt=\"\" width=\"970\" height=\"300\" srcset=\"https:\/\/www.intekview.com\/wp-content\/uploads\/2024\/07\/KT1060-2.jpg 970w, https:\/\/www.intekview.com\/wp-content\/uploads\/2024\/07\/KT1060-2-400x124.jpg 400w, https:\/\/www.intekview.com\/wp-content\/uploads\/2024\/07\/KT1060-2-768x238.jpg 768w, https:\/\/www.intekview.com\/wp-content\/uploads\/2024\/07\/KT1060-2-860x266.jpg 860w, https:\/\/www.intekview.com\/wp-content\/uploads\/2024\/07\/KT1060-2-430x133.jpg 430w, https:\/\/www.intekview.com\/wp-content\/uploads\/2024\/07\/KT1060-2-700x216.jpg 700w, https:\/\/www.intekview.com\/wp-content\/uploads\/2024\/07\/KT1060-2-150x46.jpg 150w\" sizes=\"(max-width: 970px) 100vw, 970px\" \/><br \/><img decoding=\"async\" class=\"alignnone wp-image-18551 size-full\" src=\"https:\/\/www.intekview.com\/wp-content\/uploads\/2024\/07\/KT1060-3.jpg\" alt=\"\" width=\"970\" height=\"599\" srcset=\"https:\/\/www.intekview.com\/wp-content\/uploads\/2024\/07\/KT1060-3.jpg 970w, https:\/\/www.intekview.com\/wp-content\/uploads\/2024\/07\/KT1060-3-400x247.jpg 400w, https:\/\/www.intekview.com\/wp-content\/uploads\/2024\/07\/KT1060-3-768x474.jpg 768w, https:\/\/www.intekview.com\/wp-content\/uploads\/2024\/07\/KT1060-3-860x531.jpg 860w, https:\/\/www.intekview.com\/wp-content\/uploads\/2024\/07\/KT1060-3-430x266.jpg 430w, https:\/\/www.intekview.com\/wp-content\/uploads\/2024\/07\/KT1060-3-700x432.jpg 700w, https:\/\/www.intekview.com\/wp-content\/uploads\/2024\/07\/KT1060-3-150x93.jpg 150w\" sizes=\"(max-width: 970px) 100vw, 970px\" \/> <br \/><img loading=\"lazy\" decoding=\"async\" class=\"alignnone wp-image-18549 size-full\" src=\"https:\/\/www.intekview.com\/wp-content\/uploads\/2024\/07\/KT1060-4.jpg\" alt=\"\" width=\"970\" height=\"300\" srcset=\"https:\/\/www.intekview.com\/wp-content\/uploads\/2024\/07\/KT1060-4.jpg 970w, https:\/\/www.intekview.com\/wp-content\/uploads\/2024\/07\/KT1060-4-400x124.jpg 400w, https:\/\/www.intekview.com\/wp-content\/uploads\/2024\/07\/KT1060-4-768x238.jpg 768w, https:\/\/www.intekview.com\/wp-content\/uploads\/2024\/07\/KT1060-4-860x266.jpg 860w, https:\/\/www.intekview.com\/wp-content\/uploads\/2024\/07\/KT1060-4-430x133.jpg 430w, https:\/\/www.intekview.com\/wp-content\/uploads\/2024\/07\/KT1060-4-700x216.jpg 700w, https:\/\/www.intekview.com\/wp-content\/uploads\/2024\/07\/KT1060-4-150x46.jpg 150w\" sizes=\"(max-width: 970px) 100vw, 970px\" \/><br \/><img loading=\"lazy\" decoding=\"async\" class=\"alignnone wp-image-18547 size-full\" src=\"https:\/\/www.intekview.com\/wp-content\/uploads\/2024\/07\/KT1060-5.jpg\" alt=\"\" width=\"970\" height=\"599\" srcset=\"https:\/\/www.intekview.com\/wp-content\/uploads\/2024\/07\/KT1060-5.jpg 970w, https:\/\/www.intekview.com\/wp-content\/uploads\/2024\/07\/KT1060-5-400x247.jpg 400w, https:\/\/www.intekview.com\/wp-content\/uploads\/2024\/07\/KT1060-5-768x474.jpg 768w, https:\/\/www.intekview.com\/wp-content\/uploads\/2024\/07\/KT1060-5-860x531.jpg 860w, https:\/\/www.intekview.com\/wp-content\/uploads\/2024\/07\/KT1060-5-430x266.jpg 430w, https:\/\/www.intekview.com\/wp-content\/uploads\/2024\/07\/KT1060-5-700x432.jpg 700w, https:\/\/www.intekview.com\/wp-content\/uploads\/2024\/07\/KT1060-5-150x93.jpg 150w\" sizes=\"(max-width: 970px) 100vw, 970px\" \/><\/p>\t\t\t\t\t\t\t\t<\/div>\n\t\t\t\t<\/div>\n\t\t\t\t\t<\/div>\n\t\t<\/div>\n\t\t\t\t\t<\/div>\n\t\t<\/section>\n\t\t\t\t<\/div>\n\t\t","protected":false},"excerpt":{"rendered":"<p>Nous vous pr\u00e9sentons notre plateau \u00e0 clavier r\u00e9volutionnaire Kt1060, con\u00e7u pour fournir la solution ergonomique ultime pour votre espace de travail. Notre plateau est le compl\u00e9ment id\u00e9al de tout bureau, vous permettant de travailler dans une position confortable et s\u00fbre pendant des p\u00e9riodes prolong\u00e9es.<\/p>\n","protected":false},"featured_media":15368,"template":"","meta":[],"product_brand":[],"product_cat":[110,114,111],"product_tag":[],"class_list":{"0":"post-15826","1":"product","2":"type-product","3":"status-publish","4":"has-post-thumbnail","6":"product_cat-accessoires-ergonomiques","7":"product_cat-ambidextre","8":"product_cat-plateaux-a-clavier","10":"first","11":"instock","12":"shipping-taxable","13":"product-type-grouped"},"_links":{"self":[{"href":"https:\/\/www.intekview.com\/fr\/wp-json\/wp\/v2\/product\/15826","targetHints":{"allow":["GET"]}}],"collection":[{"href":"https:\/\/www.intekview.com\/fr\/wp-json\/wp\/v2\/product"}],"about":[{"href":"https:\/\/www.intekview.com\/fr\/wp-json\/wp\/v2\/types\/product"}],"version-history":[{"count":4,"href":"https:\/\/www.intekview.com\/fr\/wp-json\/wp\/v2\/product\/15826\/revisions"}],"predecessor-version":[{"id":18558,"href":"https:\/\/www.intekview.com\/fr\/wp-json\/wp\/v2\/product\/15826\/revisions\/18558"}],"wp:featuredmedia":[{"embeddable":true,"href":"https:\/\/www.intekview.com\/fr\/wp-json\/wp\/v2\/media\/15368"}],"wp:attachment":[{"href":"https:\/\/www.intekview.com\/fr\/wp-json\/wp\/v2\/media?parent=15826"}],"wp:term":[{"taxonomy":"product_brand","embeddable":true,"href":"https:\/\/www.intekview.com\/fr\/wp-json\/wp\/v2\/product_brand?post=15826"},{"taxonomy":"product_cat","embeddable":true,"href":"https:\/\/www.intekview.com\/fr\/wp-json\/wp\/v2\/product_cat?post=15826"},{"taxonomy":"product_tag","embeddable":true,"href":"https:\/\/www.intekview.com\/fr\/wp-json\/wp\/v2\/product_tag?post=15826"}],"curies":[{"name":"wp","href":"https:\/\/api.w.org\/{rel}","templated":true}]}}