{"id":15818,"date":"2023-03-09T20:15:59","date_gmt":"2023-03-09T20:15:59","guid":{"rendered":"https:\/\/www.intekview.com\/product\/support-de-bureau-double-autoportant-ms302\/"},"modified":"2024-07-22T18:32:33","modified_gmt":"2024-07-22T18:32:33","slug":"support-de-bureau-double-autoportant-ms302","status":"publish","type":"product","link":"https:\/\/www.intekview.com\/fr\/product\/support-de-bureau-double-autoportant-ms302\/","title":{"rendered":"Support De Bureau Double Autoportant &#8211; MS302"},"content":{"rendered":"\t\t<div data-elementor-type=\"wp-post\" data-elementor-id=\"15818\" class=\"elementor elementor-15818\">\n\t\t\t\t\t\t<section class=\"elementor-section elementor-top-section elementor-element elementor-element-488f6c36 elementor-section-content-top elementor-section-boxed elementor-section-height-default elementor-section-height-default wd-section-disabled\" data-id=\"488f6c36\" data-element_type=\"section\" data-e-type=\"section\">\n\t\t\t\t\t\t<div class=\"elementor-container elementor-column-gap-default\">\n\t\t\t\t\t<div class=\"elementor-column elementor-col-50 elementor-top-column elementor-element elementor-element-3baea1de\" data-id=\"3baea1de\" data-element_type=\"column\" data-e-type=\"column\">\n\t\t\t<div class=\"elementor-widget-wrap elementor-element-populated\">\n\t\t\t\t\t\t<div class=\"elementor-element elementor-element-e638355 elementor-widget elementor-widget-video\" data-id=\"e638355\" data-element_type=\"widget\" data-e-type=\"widget\" data-settings=\"{&quot;youtube_url&quot;:&quot;https:\\\/\\\/www.youtube.com\\\/watch?v=auVbi_A74Ho&amp;ab_channel=YRTS&quot;,&quot;autoplay&quot;:&quot;yes&quot;,&quot;mute&quot;:&quot;yes&quot;,&quot;video_type&quot;:&quot;youtube&quot;,&quot;controls&quot;:&quot;yes&quot;}\" data-widget_type=\"video.default\">\n\t\t\t\t<div class=\"elementor-widget-container\">\n\t\t\t\t\t\t\t<div class=\"elementor-wrapper elementor-open-inline\">\n\t\t\t<div class=\"elementor-video\"><\/div>\t\t<\/div>\n\t\t\t\t\t\t<\/div>\n\t\t\t\t<\/div>\n\t\t\t\t<div class=\"elementor-element elementor-element-61c45d54 elementor-widget elementor-widget-wd_text_block\" data-id=\"61c45d54\" data-element_type=\"widget\" data-e-type=\"widget\" data-widget_type=\"wd_text_block.default\">\n\t\t\t\t<div class=\"elementor-widget-container\">\n\t\t\t\t\t\t\t<div class=\"wd-text-block reset-last-child text-left\">\n\t\t\t\n\t\t\t<span style=\"color: rgb(75, 75, 77); font-family: Lato; font-size: 17px; font-style: normal; font-variant-ligatures: normal; font-variant-caps: normal; font-weight: 300; white-space: normal;\">Le MS302 vous permet de d\u00e9gager la surface de votre bureau, tout en offrant une position de travail ergonomique. Il est con\u00e7u pour \u00eatre utilis\u00e9 avec des moniteurs de 13 \u00e0 27 pouces. La capacit\u00e9 de charge est de 8 kg pour chaque bras. La structure \u00e0 mouvement complet offre une flexibilit\u00e9 maximale - \u00e9tendez, inclinez et pivotez votre moniteur jusqu'\u00e0 90\u00b0 \u00e0 gauche et \u00e0 droite pour une visualisation ais\u00e9e. Sa structure \u00e0 articulation sph\u00e9rique permet une rotation et un positionnement en douceur et sans effort dans n'importe quelle direction, ce qui facilite la r\u00e9duction des reflets et la recherche de l'angle de vision parfait. Vous pouvez \u00e9galement r\u00e9gler le moniteur verticalement dans la position souhait\u00e9e. En outre, un clip de c\u00e2ble est inclus pour organiser les c\u00e2bles.<\/span><br style=\"color: rgb(75, 75, 77); font-family: Lato; font-size: 17px; white-space: normal; overflow-wrap: break-word !important;\"><br style=\"color: rgb(75, 75, 77); font-family: Lato; font-size: 17px; white-space: normal; overflow-wrap: break-word !important;\"><span style=\"color: rgb(75, 75, 77); font-family: Lato; font-size: 17px; font-style: normal; font-variant-ligatures: normal; font-variant-caps: normal; font-weight: 300; white-space: normal;\">CARACT\u00c9RISTIQUES&nbsp;<\/span><br style=\"color: rgb(75, 75, 77); font-family: Lato; font-size: 17px; white-space: normal; overflow-wrap: break-word !important;\"><ul style=\"padding-left: 0px; margin-bottom: 10px; margin-left: 25px; color: rgb(75, 75, 77); font-family: Lato; font-size: 17px; font-style: normal; font-variant-ligatures: normal; font-variant-caps: normal; font-weight: 300; white-space: normal; overflow-wrap: break-word !important;\"><li style=\"overflow-wrap: break-word !important; line-height: 1.3em;\">Plaque VESA rotative \u00e0 360\u00b0 : pour une meilleure exp\u00e9rience visuelle&nbsp;<\/li><li style=\"overflow-wrap: break-word !important; line-height: 1.3em;\">R\u00e9glage libre de la hauteur : pour une position ergonomique optimale&nbsp;<\/li><li style=\"overflow-wrap: break-word !important; line-height: 1.3em;\">Gestion des c\u00e2bles : tout est bien organis\u00e9&nbsp;<\/li><li style=\"overflow-wrap: break-word !important; line-height: 1.3em;\">Construction robuste en acier : assure une performance solide et durable<\/li><\/ul><br style=\"color: rgb(75, 75, 77); font-family: Lato; font-size: 17px; white-space: normal; overflow-wrap: break-word !important;\"><span style=\"color: rgb(75, 75, 77); font-family: Lato; font-size: 17px; font-style: normal; font-variant-ligatures: normal; font-variant-caps: normal; font-weight: 300; white-space: normal;\">&nbsp;<\/span><p><\/p>\n\t\t\t\t\t<\/div>\n\t\t\t\t\t\t<\/div>\n\t\t\t\t<\/div>\n\t\t\t\t\t<\/div>\n\t\t<\/div>\n\t\t\t\t<div class=\"elementor-column elementor-col-50 elementor-top-column elementor-element elementor-element-5286b5c7\" data-id=\"5286b5c7\" data-element_type=\"column\" data-e-type=\"column\">\n\t\t\t<div class=\"elementor-widget-wrap elementor-element-populated\">\n\t\t\t\t\t\t<section class=\"elementor-section elementor-inner-section elementor-element elementor-element-398abb71 elementor-section-content-top elementor-section-boxed elementor-section-height-default elementor-section-height-default wd-section-disabled\" data-id=\"398abb71\" data-element_type=\"section\" data-e-type=\"section\">\n\t\t\t\t\t\t<div class=\"elementor-container elementor-column-gap-default\">\n\t\t\t\t\t<div class=\"elementor-column elementor-col-50 elementor-inner-column elementor-element elementor-element-42e1b0c\" data-id=\"42e1b0c\" data-element_type=\"column\" data-e-type=\"column\">\n\t\t\t<div class=\"elementor-widget-wrap elementor-element-populated\">\n\t\t\t\t\t\t<div class=\"elementor-element elementor-element-55b4c8f5 elementor-widget elementor-widget-wd_infobox\" data-id=\"55b4c8f5\" data-element_type=\"widget\" data-e-type=\"widget\" data-widget_type=\"wd_infobox.default\">\n\t\t\t\t<div class=\"elementor-widget-container\">\n\t\t\t\t\t\t\t<div class=\"info-box-wrapper\">\n\t\t\t<div class=\"wd-info-box text-center box-icon-align-top box-style-base color-scheme- cursor-pointer\" onclick=\"window.location.href='#'\">\n\t\t\t\t\t\t\t\t\t<div class=\"box-icon-wrapper  box-with-icon box-icon-simple\">\n\t\t\t\t\t\t<div class=\"info-box-icon\">\n\t\t\t\t\t\t\t\t\t\t\t\t\t\t\t<img decoding=\"async\" src=\"https:\/\/www.intekview.com\/wp-content\/uploads\/elementor\/thumbs\/icone_dimension-q364q35xlccjqad5rvtbjwxf3dtunb1y7il7apifzo.png\" title=\"icone_dimension\" alt=\"icone_dimension\" loading=\"lazy\" \/>\t\t\t\t\t\t\t\t\t\t\t\t\t<\/div>\n\t\t\t\t\t<\/div>\n\t\t\t\t\n\t\t\t\t<div class=\"info-box-content\">\n\t\t\t\t\t\n\t\t\t\t\t\t\t\t\t\t\t<h4\t\t\t\t\t\tclass=\"info-box-title title box-title-style-default wd-fontsize-s\" data-elementor-setting-key=\"title\">\n\t\t\t\t\t\t\t\tTaille de l'\u00e9cran\t\t\t\t\t\t<\/h4>\n\t\t\t\t\t\n\t\t\t\t\t<div class=\"info-box-inner set-cont-mb-s reset-last-child\"\n\t\t\t\t\t\t data-elementor-setting-key=\"content\">\n\t\t\t\t\t\t<p style=\"text-align: center\">13''- 27\"<\/p>\n\t\t\t\t\t<\/div>\n\t\n\t\t\t\t\t\t\t\t\t<\/div>\n\t\t\t<\/div>\n\t\t<\/div>\n\t\t\t\t\t\t<\/div>\n\t\t\t\t<\/div>\n\t\t\t\t<div class=\"elementor-element elementor-element-56db1138 elementor-widget elementor-widget-wd_infobox\" data-id=\"56db1138\" data-element_type=\"widget\" data-e-type=\"widget\" data-widget_type=\"wd_infobox.default\">\n\t\t\t\t<div class=\"elementor-widget-container\">\n\t\t\t\t\t\t\t<div class=\"info-box-wrapper\">\n\t\t\t<div class=\"wd-info-box text-center box-icon-align-top box-style-base color-scheme- cursor-pointer\" onclick=\"window.location.href='#'\">\n\t\t\t\t\t\t\t\t\t<div class=\"box-icon-wrapper  box-with-icon box-icon-simple\">\n\t\t\t\t\t\t<div class=\"info-box-icon\">\n\t\t\t\t\t\t\t\t\t\t\t\t\t\t\t<img decoding=\"async\" src=\"https:\/\/www.intekview.com\/wp-content\/uploads\/elementor\/thumbs\/icone_rotation-q364qgbo90uk8tu1n1i3itlves0zn2i6xbq00kyxkk.png\" title=\"icone_rotation\" alt=\"icone_rotation\" loading=\"lazy\" \/>\t\t\t\t\t\t\t\t\t\t\t\t\t<\/div>\n\t\t\t\t\t<\/div>\n\t\t\t\t\n\t\t\t\t<div class=\"info-box-content\">\n\t\t\t\t\t\n\t\t\t\t\t\t\t\t\t\t\t<h4\t\t\t\t\t\tclass=\"info-box-title title box-title-style-default wd-fontsize-s\" data-elementor-setting-key=\"title\">\n\t\t\t\t\t\t\t\tRotation de l'\u00e9cran\t\t\t\t\t\t<\/h4>\n\t\t\t\t\t\n\t\t\t\t\t<div class=\"info-box-inner set-cont-mb-s reset-last-child\"\n\t\t\t\t\t\t data-elementor-setting-key=\"content\">\n\t\t\t\t\t\t<p>+180\u00b0 - 180\u00b0<\/p>\n\t\t\t\t\t<\/div>\n\t\n\t\t\t\t\t\t\t\t\t<\/div>\n\t\t\t<\/div>\n\t\t<\/div>\n\t\t\t\t\t\t<\/div>\n\t\t\t\t<\/div>\n\t\t\t\t<div class=\"elementor-element elementor-element-8389d9c elementor-widget elementor-widget-wd_infobox\" data-id=\"8389d9c\" data-element_type=\"widget\" data-e-type=\"widget\" data-widget_type=\"wd_infobox.default\">\n\t\t\t\t<div class=\"elementor-widget-container\">\n\t\t\t\t\t\t\t<div class=\"info-box-wrapper\">\n\t\t\t<div class=\"wd-info-box text-center box-icon-align-top box-style-base color-scheme- cursor-pointer\" onclick=\"window.location.href='#'\">\n\t\t\t\t\t\t\t\t\t<div class=\"box-icon-wrapper  box-with-icon box-icon-simple\">\n\t\t\t\t\t\t<div class=\"info-box-icon\">\n\t\t\t\t\t\t\t\t\t\t\t\t\t\t\t<img decoding=\"async\" src=\"https:\/\/www.intekview.com\/wp-content\/uploads\/elementor\/thumbs\/icone_pivotement-q364q8syqck9ny4yuy92yvi6np21xhoc8ai46da2yc.png\" title=\"icone_pivotement\" alt=\"icone_pivotement\" loading=\"lazy\" \/>\t\t\t\t\t\t\t\t\t\t\t\t\t<\/div>\n\t\t\t\t\t<\/div>\n\t\t\t\t\n\t\t\t\t<div class=\"info-box-content\">\n\t\t\t\t\t\n\t\t\t\t\t\t\t\t\t\t\t<h4\t\t\t\t\t\tclass=\"info-box-title title box-title-style-default wd-fontsize-s\" data-elementor-setting-key=\"title\">\n\t\t\t\t\t\t\t\tGamme de pivotement\t\t\t\t\t\t<\/h4>\n\t\t\t\t\t\n\t\t\t\t\t<div class=\"info-box-inner set-cont-mb-s reset-last-child\"\n\t\t\t\t\t\t data-elementor-setting-key=\"content\">\n\t\t\t\t\t\t<p style=\"text-align: center\">+45\u00b0 - 45\u00b0<\/p>\n\t\t\t\t\t<\/div>\n\t\n\t\t\t\t\t\t\t\t\t<\/div>\n\t\t\t<\/div>\n\t\t<\/div>\n\t\t\t\t\t\t<\/div>\n\t\t\t\t<\/div>\n\t\t\t\t<div class=\"elementor-element elementor-element-e0ca4cd elementor-widget elementor-widget-wd_infobox\" data-id=\"e0ca4cd\" data-element_type=\"widget\" data-e-type=\"widget\" data-widget_type=\"wd_infobox.default\">\n\t\t\t\t<div class=\"elementor-widget-container\">\n\t\t\t\t\t\t\t<div class=\"info-box-wrapper\">\n\t\t\t<div class=\"wd-info-box text-center box-icon-align-top box-style-base color-scheme- cursor-pointer\" onclick=\"window.location.href='#'\">\n\t\t\t\t\t\t\t\t\t<div class=\"box-icon-wrapper  box-with-icon box-icon-simple\">\n\t\t\t\t\t\t<div class=\"info-box-icon\">\n\t\t\t\t\t\t\t\t\t\t\t\t\t\t\t<img decoding=\"async\" src=\"https:\/\/www.intekview.com\/wp-content\/uploads\/elementor\/thumbs\/icone_cables-q364q1a97o9z32fw2v02exehwm347wuhj9a8c5l8c4.png\" title=\"icone_cables\" alt=\"icone_cables\" loading=\"lazy\" \/>\t\t\t\t\t\t\t\t\t\t\t\t\t<\/div>\n\t\t\t\t\t<\/div>\n\t\t\t\t\n\t\t\t\t<div class=\"info-box-content\">\n\t\t\t\t\t\n\t\t\t\t\t\t\t\t\t\t\t<h4\t\t\t\t\t\tclass=\"info-box-title title box-title-style-default wd-fontsize-s\" data-elementor-setting-key=\"title\">\n\t\t\t\t\t\t\t\tGestion des c\u00e2bles\t\t\t\t\t\t<\/h4>\n\t\t\t\t\t\n\t\t\t\t\t<div class=\"info-box-inner set-cont-mb-s reset-last-child\"\n\t\t\t\t\t\t data-elementor-setting-key=\"content\">\n\t\t\t\t\t\t\t\t\t\t\t<\/div>\n\t\n\t\t\t\t\t\t\t\t\t<\/div>\n\t\t\t<\/div>\n\t\t<\/div>\n\t\t\t\t\t\t<\/div>\n\t\t\t\t<\/div>\n\t\t\t\t\t<\/div>\n\t\t<\/div>\n\t\t\t\t<div class=\"elementor-column elementor-col-50 elementor-top-column elementor-element elementor-element-7c029a7b\" data-id=\"7c029a7b\" data-element_type=\"column\" data-e-type=\"column\">\n\t\t\t<div class=\"elementor-widget-wrap elementor-element-populated\">\n\t\t\t\t\t\t<div class=\"elementor-element elementor-element-587afffd elementor-widget elementor-widget-wd_infobox\" data-id=\"587afffd\" data-element_type=\"widget\" data-e-type=\"widget\" data-widget_type=\"wd_infobox.default\">\n\t\t\t\t<div class=\"elementor-widget-container\">\n\t\t\t\t\t\t\t<div class=\"info-box-wrapper\">\n\t\t\t<div class=\"wd-info-box text-center box-icon-align-top box-style-base color-scheme- cursor-pointer\" onclick=\"window.location.href='#'\">\n\t\t\t\t\t\t\t\t\t<div class=\"box-icon-wrapper  box-with-icon box-icon-simple\">\n\t\t\t\t\t\t<div class=\"info-box-icon\">\n\t\t\t\t\t\t\t\t\t\t\t\t\t\t\t<img decoding=\"async\" src=\"https:\/\/www.intekview.com\/wp-content\/uploads\/elementor\/thumbs\/icone_vesa-q364qi7cmox4w1rbc2bcnt4sljrq2gpnll0yz4w584.png\" title=\"icone_vesa\" alt=\"icone_vesa\" loading=\"lazy\" \/>\t\t\t\t\t\t\t\t\t\t\t\t\t<\/div>\n\t\t\t\t\t<\/div>\n\t\t\t\t\n\t\t\t\t<div class=\"info-box-content\">\n\t\t\t\t\t\n\t\t\t\t\t\t\t\t\t\t\t<h4\t\t\t\t\t\tclass=\"info-box-title title box-title-style-default wd-fontsize-s\" data-elementor-setting-key=\"title\">\n\t\t\t\t\t\t\t\tCompatible avec Vesa\t\t\t\t\t\t<\/h4>\n\t\t\t\t\t\n\t\t\t\t\t<div class=\"info-box-inner set-cont-mb-s reset-last-child\"\n\t\t\t\t\t\t data-elementor-setting-key=\"content\">\n\t\t\t\t\t\t<p style=\"text-align: center\">75x75 100x100<\/p>\n\t\t\t\t\t<\/div>\n\t\n\t\t\t\t\t\t\t\t\t<\/div>\n\t\t\t<\/div>\n\t\t<\/div>\n\t\t\t\t\t\t<\/div>\n\t\t\t\t<\/div>\n\t\t\t\t<div class=\"elementor-element elementor-element-793dd104 elementor-widget elementor-widget-wd_infobox\" data-id=\"793dd104\" data-element_type=\"widget\" data-e-type=\"widget\" data-widget_type=\"wd_infobox.default\">\n\t\t\t\t<div class=\"elementor-widget-container\">\n\t\t\t\t\t\t\t<div class=\"info-box-wrapper\">\n\t\t\t<div class=\"wd-info-box text-center box-icon-align-top box-style-base color-scheme- cursor-pointer\" onclick=\"window.location.href='#'\">\n\t\t\t\t\t\t\t\t\t<div class=\"box-icon-wrapper  box-with-icon box-icon-simple\">\n\t\t\t\t\t\t<div class=\"info-box-icon\">\n\t\t\t\t\t\t\t\t\t\t\t\t\t\t\t<img decoding=\"async\" src=\"https:\/\/www.intekview.com\/wp-content\/uploads\/elementor\/thumbs\/icone_poids-q364qckbhopeydzi8zvl8uk118jisa39kt423h4i9g.png\" title=\"icone_poids\" alt=\"icone_poids\" loading=\"lazy\" \/>\t\t\t\t\t\t\t\t\t\t\t\t\t<\/div>\n\t\t\t\t\t<\/div>\n\t\t\t\t\n\t\t\t\t<div class=\"info-box-content\">\n\t\t\t\t\t\n\t\t\t\t\t\t\t\t\t\t\t<h4\t\t\t\t\t\tclass=\"info-box-title title box-title-style-default wd-fontsize-s\" data-elementor-setting-key=\"title\">\n\t\t\t\t\t\t\t\tCapacit\u00e9 de poids\t\t\t\t\t\t<\/h4>\n\t\t\t\t\t\n\t\t\t\t\t<div class=\"info-box-inner set-cont-mb-s reset-last-child\"\n\t\t\t\t\t\t data-elementor-setting-key=\"content\">\n\t\t\t\t\t\t<p style=\"text-align: center\">8kg\/17.6lbs<\/p>\n\t\t\t\t\t<\/div>\n\t\n\t\t\t\t\t\t\t\t\t<\/div>\n\t\t\t<\/div>\n\t\t<\/div>\n\t\t\t\t\t\t<\/div>\n\t\t\t\t<\/div>\n\t\t\t\t<div class=\"elementor-element elementor-element-12bbdbc elementor-widget elementor-widget-wd_infobox\" data-id=\"12bbdbc\" data-element_type=\"widget\" data-e-type=\"widget\" data-widget_type=\"wd_infobox.default\">\n\t\t\t\t<div class=\"elementor-widget-container\">\n\t\t\t\t\t\t\t<div class=\"info-box-wrapper\">\n\t\t\t<div class=\"wd-info-box text-center box-icon-align-top box-style-base color-scheme- cursor-pointer\" onclick=\"window.location.href='#'\">\n\t\t\t\t\t\t\t\t\t<div class=\"box-icon-wrapper  box-with-icon box-icon-simple\">\n\t\t\t\t\t\t<div class=\"info-box-icon\">\n\t\t\t\t\t\t\t\t\t\t\t\t\t\t\t<img decoding=\"async\" src=\"https:\/\/www.intekview.com\/wp-content\/uploads\/elementor\/thumbs\/icone_inclinaison-q364q6xacohp0q7p5xfttvz9gxbbi3gvk1757tcvas.png\" title=\"icone_inclinaison\" alt=\"icone_inclinaison\" loading=\"lazy\" \/>\t\t\t\t\t\t\t\t\t\t\t\t\t<\/div>\n\t\t\t\t\t<\/div>\n\t\t\t\t\n\t\t\t\t<div class=\"info-box-content\">\n\t\t\t\t\t\n\t\t\t\t\t\t\t\t\t\t\t<h4\t\t\t\t\t\tclass=\"info-box-title title box-title-style-default wd-fontsize-s\" data-elementor-setting-key=\"title\">\n\t\t\t\t\t\t\t\tPlage d'inclinaison\t\t\t\t\t\t<\/h4>\n\t\t\t\t\t\n\t\t\t\t\t<div class=\"info-box-inner set-cont-mb-s reset-last-child\"\n\t\t\t\t\t\t data-elementor-setting-key=\"content\">\n\t\t\t\t\t\t<p style=\"text-align: center\">+45\u00b0 -45\u00b0<\/p>\n\t\t\t\t\t<\/div>\n\t\n\t\t\t\t\t\t\t\t\t<\/div>\n\t\t\t<\/div>\n\t\t<\/div>\n\t\t\t\t\t\t<\/div>\n\t\t\t\t<\/div>\n\t\t\t\t\t<\/div>\n\t\t<\/div>\n\t\t\t\t\t<\/div>\n\t\t<\/section>\n\t\t\t\t\t<\/div>\n\t\t<\/div>\n\t\t\t\t\t<\/div>\n\t\t<\/section>\n\t\t\t\t<section class=\"elementor-section elementor-top-section elementor-element elementor-element-5b02d31 elementor-section-boxed elementor-section-height-default elementor-section-height-default wd-section-disabled\" data-id=\"5b02d31\" data-element_type=\"section\" data-e-type=\"section\">\n\t\t\t\t\t\t<div class=\"elementor-container elementor-column-gap-default\">\n\t\t\t\t\t<div class=\"elementor-column elementor-col-100 elementor-top-column elementor-element elementor-element-3c43da5\" data-id=\"3c43da5\" data-element_type=\"column\" data-e-type=\"column\">\n\t\t\t<div class=\"elementor-widget-wrap elementor-element-populated\">\n\t\t\t\t\t\t<div class=\"elementor-element elementor-element-8340d05 text-center color-scheme-inherit elementor-widget elementor-widget-text-editor\" data-id=\"8340d05\" data-element_type=\"widget\" data-e-type=\"widget\" data-widget_type=\"text-editor.default\">\n\t\t\t\t<div class=\"elementor-widget-container\">\n\t\t\t\t\t\t\t\t\t<p><img fetchpriority=\"high\" decoding=\"async\" class=\"alignnone wp-image-18505 size-full\" src=\"https:\/\/www.intekview.com\/wp-content\/uploads\/2024\/07\/MS302-1.jpg\" alt=\"\" width=\"970\" height=\"600\" srcset=\"https:\/\/www.intekview.com\/wp-content\/uploads\/2024\/07\/MS302-1.jpg 970w, https:\/\/www.intekview.com\/wp-content\/uploads\/2024\/07\/MS302-1-400x247.jpg 400w, https:\/\/www.intekview.com\/wp-content\/uploads\/2024\/07\/MS302-1-768x475.jpg 768w, https:\/\/www.intekview.com\/wp-content\/uploads\/2024\/07\/MS302-1-860x532.jpg 860w, https:\/\/www.intekview.com\/wp-content\/uploads\/2024\/07\/MS302-1-430x266.jpg 430w, https:\/\/www.intekview.com\/wp-content\/uploads\/2024\/07\/MS302-1-700x433.jpg 700w, https:\/\/www.intekview.com\/wp-content\/uploads\/2024\/07\/MS302-1-150x93.jpg 150w\" sizes=\"(max-width: 970px) 100vw, 970px\" \/><br \/><img decoding=\"async\" class=\"alignnone wp-image-18513 size-full\" src=\"https:\/\/www.intekview.com\/wp-content\/uploads\/2024\/07\/MS302-2.jpg\" alt=\"\" width=\"970\" height=\"290\" srcset=\"https:\/\/www.intekview.com\/wp-content\/uploads\/2024\/07\/MS302-2.jpg 970w, https:\/\/www.intekview.com\/wp-content\/uploads\/2024\/07\/MS302-2-400x120.jpg 400w, https:\/\/www.intekview.com\/wp-content\/uploads\/2024\/07\/MS302-2-768x230.jpg 768w, https:\/\/www.intekview.com\/wp-content\/uploads\/2024\/07\/MS302-2-860x257.jpg 860w, https:\/\/www.intekview.com\/wp-content\/uploads\/2024\/07\/MS302-2-430x129.jpg 430w, https:\/\/www.intekview.com\/wp-content\/uploads\/2024\/07\/MS302-2-700x209.jpg 700w, https:\/\/www.intekview.com\/wp-content\/uploads\/2024\/07\/MS302-2-150x45.jpg 150w\" sizes=\"(max-width: 970px) 100vw, 970px\" \/><br \/><img decoding=\"async\" class=\"alignnone wp-image-18511 size-full\" src=\"https:\/\/www.intekview.com\/wp-content\/uploads\/2024\/07\/MS302-3.jpg\" alt=\"\" width=\"970\" height=\"600\" srcset=\"https:\/\/www.intekview.com\/wp-content\/uploads\/2024\/07\/MS302-3.jpg 970w, https:\/\/www.intekview.com\/wp-content\/uploads\/2024\/07\/MS302-3-400x247.jpg 400w, https:\/\/www.intekview.com\/wp-content\/uploads\/2024\/07\/MS302-3-768x475.jpg 768w, https:\/\/www.intekview.com\/wp-content\/uploads\/2024\/07\/MS302-3-860x532.jpg 860w, https:\/\/www.intekview.com\/wp-content\/uploads\/2024\/07\/MS302-3-430x266.jpg 430w, https:\/\/www.intekview.com\/wp-content\/uploads\/2024\/07\/MS302-3-700x433.jpg 700w, https:\/\/www.intekview.com\/wp-content\/uploads\/2024\/07\/MS302-3-150x93.jpg 150w\" sizes=\"(max-width: 970px) 100vw, 970px\" \/><br \/><img loading=\"lazy\" decoding=\"async\" class=\"alignnone wp-image-18509 size-full\" src=\"https:\/\/www.intekview.com\/wp-content\/uploads\/2024\/07\/MS302-4.jpg\" alt=\"\" width=\"970\" height=\"603\" srcset=\"https:\/\/www.intekview.com\/wp-content\/uploads\/2024\/07\/MS302-4.jpg 970w, https:\/\/www.intekview.com\/wp-content\/uploads\/2024\/07\/MS302-4-400x249.jpg 400w, https:\/\/www.intekview.com\/wp-content\/uploads\/2024\/07\/MS302-4-768x477.jpg 768w, https:\/\/www.intekview.com\/wp-content\/uploads\/2024\/07\/MS302-4-860x535.jpg 860w, https:\/\/www.intekview.com\/wp-content\/uploads\/2024\/07\/MS302-4-430x267.jpg 430w, https:\/\/www.intekview.com\/wp-content\/uploads\/2024\/07\/MS302-4-700x435.jpg 700w, https:\/\/www.intekview.com\/wp-content\/uploads\/2024\/07\/MS302-4-150x93.jpg 150w\" sizes=\"(max-width: 970px) 100vw, 970px\" \/><br \/><img loading=\"lazy\" decoding=\"async\" class=\"alignnone wp-image-18507 size-full\" src=\"https:\/\/www.intekview.com\/wp-content\/uploads\/2024\/07\/MS302-5.jpg\" alt=\"\" width=\"970\" height=\"603\" srcset=\"https:\/\/www.intekview.com\/wp-content\/uploads\/2024\/07\/MS302-5.jpg 970w, https:\/\/www.intekview.com\/wp-content\/uploads\/2024\/07\/MS302-5-400x249.jpg 400w, https:\/\/www.intekview.com\/wp-content\/uploads\/2024\/07\/MS302-5-768x477.jpg 768w, https:\/\/www.intekview.com\/wp-content\/uploads\/2024\/07\/MS302-5-860x535.jpg 860w, https:\/\/www.intekview.com\/wp-content\/uploads\/2024\/07\/MS302-5-430x267.jpg 430w, https:\/\/www.intekview.com\/wp-content\/uploads\/2024\/07\/MS302-5-700x435.jpg 700w, https:\/\/www.intekview.com\/wp-content\/uploads\/2024\/07\/MS302-5-150x93.jpg 150w\" sizes=\"(max-width: 970px) 100vw, 970px\" \/><\/p>\t\t\t\t\t\t\t\t<\/div>\n\t\t\t\t<\/div>\n\t\t\t\t\t<\/div>\n\t\t<\/div>\n\t\t\t\t\t<\/div>\n\t\t<\/section>\n\t\t\t\t<\/div>\n\t\t","protected":false},"excerpt":{"rendered":"<p>Le support double moniteur MS302 est la solution id\u00e9ale pour tous ceux qui cherchent \u00e0 augmenter leur productivit\u00e9 et \u00e0 am\u00e9liorer leur espace de travail. Ce support d&rsquo;\u00e9cran haut de gamme est con\u00e7u pour accueillir deux \u00e9crans, cr\u00e9ant ainsi un espace de travail rationalis\u00e9 et organis\u00e9.<\/p>\n","protected":false},"featured_media":15435,"template":"","meta":[],"product_brand":[],"product_cat":[123,119],"product_tag":[],"class_list":{"0":"post-15818","1":"product","2":"type-product","3":"status-publish","4":"has-post-thumbnail","6":"product_cat-support-de-moniteur","7":"product_cat-support-peripherique","9":"first","10":"instock","11":"shipping-taxable","12":"purchasable","13":"product-type-simple"},"_links":{"self":[{"href":"https:\/\/www.intekview.com\/fr\/wp-json\/wp\/v2\/product\/15818","targetHints":{"allow":["GET"]}}],"collection":[{"href":"https:\/\/www.intekview.com\/fr\/wp-json\/wp\/v2\/product"}],"about":[{"href":"https:\/\/www.intekview.com\/fr\/wp-json\/wp\/v2\/types\/product"}],"version-history":[{"count":8,"href":"https:\/\/www.intekview.com\/fr\/wp-json\/wp\/v2\/product\/15818\/revisions"}],"predecessor-version":[{"id":18641,"href":"https:\/\/www.intekview.com\/fr\/wp-json\/wp\/v2\/product\/15818\/revisions\/18641"}],"wp:featuredmedia":[{"embeddable":true,"href":"https:\/\/www.intekview.com\/fr\/wp-json\/wp\/v2\/media\/15435"}],"wp:attachment":[{"href":"https:\/\/www.intekview.com\/fr\/wp-json\/wp\/v2\/media?parent=15818"}],"wp:term":[{"taxonomy":"product_brand","embeddable":true,"href":"https:\/\/www.intekview.com\/fr\/wp-json\/wp\/v2\/product_brand?post=15818"},{"taxonomy":"product_cat","embeddable":true,"href":"https:\/\/www.intekview.com\/fr\/wp-json\/wp\/v2\/product_cat?post=15818"},{"taxonomy":"product_tag","embeddable":true,"href":"https:\/\/www.intekview.com\/fr\/wp-json\/wp\/v2\/product_tag?post=15818"}],"curies":[{"name":"wp","href":"https:\/\/api.w.org\/{rel}","templated":true}]}}