{"id":15816,"date":"2023-03-09T20:47:41","date_gmt":"2023-03-09T20:47:41","guid":{"rendered":"https:\/\/www.intekview.com\/product\/support-de-bureau-double-autoportant-ms402\/"},"modified":"2024-07-22T18:42:18","modified_gmt":"2024-07-22T18:42:18","slug":"support-de-bureau-double-autoportant-ms402","status":"publish","type":"product","link":"https:\/\/www.intekview.com\/fr\/product\/support-de-bureau-double-autoportant-ms402\/","title":{"rendered":"Support De Bureau Double Autoportant &#8211; MS402"},"content":{"rendered":"\t\t<div data-elementor-type=\"wp-post\" data-elementor-id=\"15816\" class=\"elementor elementor-15816\">\n\t\t\t\t\t\t<section class=\"elementor-section elementor-top-section elementor-element elementor-element-488f6c36 elementor-section-content-top elementor-section-boxed elementor-section-height-default elementor-section-height-default wd-section-disabled\" data-id=\"488f6c36\" data-element_type=\"section\" data-e-type=\"section\">\n\t\t\t\t\t\t<div class=\"elementor-container elementor-column-gap-default\">\n\t\t\t\t\t<div class=\"elementor-column elementor-col-50 elementor-top-column elementor-element elementor-element-3baea1de\" data-id=\"3baea1de\" data-element_type=\"column\" data-e-type=\"column\">\n\t\t\t<div class=\"elementor-widget-wrap elementor-element-populated\">\n\t\t\t\t\t\t<div class=\"elementor-element elementor-element-e638355 elementor-widget elementor-widget-video\" data-id=\"e638355\" data-element_type=\"widget\" data-e-type=\"widget\" data-settings=\"{&quot;youtube_url&quot;:&quot;https:\\\/\\\/www.youtube.com\\\/watch?v=OXpVOqkMPBU&quot;,&quot;autoplay&quot;:&quot;yes&quot;,&quot;mute&quot;:&quot;yes&quot;,&quot;video_type&quot;:&quot;youtube&quot;,&quot;controls&quot;:&quot;yes&quot;}\" data-widget_type=\"video.default\">\n\t\t\t\t<div class=\"elementor-widget-container\">\n\t\t\t\t\t\t\t<div class=\"elementor-wrapper elementor-open-inline\">\n\t\t\t<div class=\"elementor-video\"><\/div>\t\t<\/div>\n\t\t\t\t\t\t<\/div>\n\t\t\t\t<\/div>\n\t\t\t\t<div class=\"elementor-element elementor-element-61c45d54 elementor-widget elementor-widget-wd_text_block\" data-id=\"61c45d54\" data-element_type=\"widget\" data-e-type=\"widget\" data-widget_type=\"wd_text_block.default\">\n\t\t\t\t<div class=\"elementor-widget-container\">\n\t\t\t\t\t\t\t<div class=\"wd-text-block reset-last-child text-left\">\n\t\t\t\n\t\t\t<p class=\"product-details-code\">Code produit : MS402<\/p><div class=\"product-details-desc\"><p><strong>DOUBLE \u00c9CRAN SUPPORT DE MONITEUR \u00c0 \u00c9L\u00c9VATION VERTICALE FACILE \u00c0 R\u00c9GLER<\/strong><br><em>Pour la plupart des moniteurs de 17 \u00e0 27 pouces<\/em><\/p><p>Pouvant accueillir la plupart des moniteurs de 17 \u00e0 27 pouces, le support de moniteur \u00e0 \u00e9l\u00e9vation verticale MS402 est con\u00e7u pour les utilisateurs de deux moniteurs dans des espaces qui ne peuvent pas accueillir une pince ou un \u0153illet de fixation. Dot\u00e9 d'une poign\u00e9e facile \u00e0 saisir, le support peut \u00eatre facilement positionn\u00e9 \u00e0 la hauteur la plus demand\u00e9e pour une visualisation optimale. L'inclinaison de +45\u00b0~-45\u00b0 vers l'avant et l'arri\u00e8re et le pivotement de +40\u00b0~-40\u00b0, combin\u00e9s \u00e0 la possibilit\u00e9 de passer du mode portrait au mode paysage, augmentent la productivit\u00e9 et la fonctionnalit\u00e9. De plus, une base rotative de +40\u00b0~ -40\u00b0 facilite le partage de l'espace de travail et de l'information.<\/p><p>CARACT\u00c9RISTIQUES<\/p><ul><li>Poign\u00e9e facile \u00e0 saisir : permet de tirer et de mettre en place en un clin d'\u0153il. <\/li><li>R\u00e9glable en hauteur : pour une position de vision optimale <\/li><li>Motif en trou de serrure : facilite l'installation <\/li><li>Gestion int\u00e9gr\u00e9e des c\u00e2bles : pour un espace de travail organis\u00e9 et ordonn\u00e9 <\/li><\/ul><\/div>\n\t\t\t\t\t<\/div>\n\t\t\t\t\t\t<\/div>\n\t\t\t\t<\/div>\n\t\t\t\t\t<\/div>\n\t\t<\/div>\n\t\t\t\t<div class=\"elementor-column elementor-col-50 elementor-top-column elementor-element elementor-element-5286b5c7\" data-id=\"5286b5c7\" data-element_type=\"column\" data-e-type=\"column\">\n\t\t\t<div class=\"elementor-widget-wrap elementor-element-populated\">\n\t\t\t\t\t\t<section class=\"elementor-section elementor-inner-section elementor-element elementor-element-398abb71 elementor-section-content-top elementor-section-boxed elementor-section-height-default elementor-section-height-default wd-section-disabled\" data-id=\"398abb71\" data-element_type=\"section\" data-e-type=\"section\">\n\t\t\t\t\t\t<div class=\"elementor-container elementor-column-gap-default\">\n\t\t\t\t\t<div class=\"elementor-column elementor-col-50 elementor-inner-column elementor-element elementor-element-42e1b0c\" data-id=\"42e1b0c\" data-element_type=\"column\" data-e-type=\"column\">\n\t\t\t<div class=\"elementor-widget-wrap elementor-element-populated\">\n\t\t\t\t\t\t<div class=\"elementor-element elementor-element-55b4c8f5 elementor-widget elementor-widget-wd_infobox\" data-id=\"55b4c8f5\" data-element_type=\"widget\" data-e-type=\"widget\" data-widget_type=\"wd_infobox.default\">\n\t\t\t\t<div class=\"elementor-widget-container\">\n\t\t\t\t\t\t\t<div class=\"info-box-wrapper\">\n\t\t\t<div class=\"wd-info-box text-center box-icon-align-top box-style-base color-scheme- cursor-pointer\" onclick=\"window.location.href='#'\">\n\t\t\t\t\t\t\t\t\t<div class=\"box-icon-wrapper  box-with-icon box-icon-simple\">\n\t\t\t\t\t\t<div class=\"info-box-icon\">\n\t\t\t\t\t\t\t\t\t\t\t\t\t\t\t<img decoding=\"async\" src=\"https:\/\/www.intekview.com\/wp-content\/uploads\/elementor\/thumbs\/icone_dimension-q364q35xlccjqad5rvtbjwxf3dtunb1y7il7apifzo.png\" title=\"icone_dimension\" alt=\"icone_dimension\" loading=\"lazy\" \/>\t\t\t\t\t\t\t\t\t\t\t\t\t<\/div>\n\t\t\t\t\t<\/div>\n\t\t\t\t\n\t\t\t\t<div class=\"info-box-content\">\n\t\t\t\t\t\n\t\t\t\t\t\t\t\t\t\t\t<h4\t\t\t\t\t\tclass=\"info-box-title title box-title-style-default wd-fontsize-s\" data-elementor-setting-key=\"title\">\n\t\t\t\t\t\t\t\tTaille de l'\u00e9cran\t\t\t\t\t\t<\/h4>\n\t\t\t\t\t\n\t\t\t\t\t<div class=\"info-box-inner set-cont-mb-s reset-last-child\"\n\t\t\t\t\t\t data-elementor-setting-key=\"content\">\n\t\t\t\t\t\t<p style=\"text-align: center\">13''- 27\"<\/p>\n\t\t\t\t\t<\/div>\n\t\n\t\t\t\t\t\t\t\t\t<\/div>\n\t\t\t<\/div>\n\t\t<\/div>\n\t\t\t\t\t\t<\/div>\n\t\t\t\t<\/div>\n\t\t\t\t<div class=\"elementor-element elementor-element-56db1138 elementor-widget elementor-widget-wd_infobox\" data-id=\"56db1138\" data-element_type=\"widget\" data-e-type=\"widget\" data-widget_type=\"wd_infobox.default\">\n\t\t\t\t<div class=\"elementor-widget-container\">\n\t\t\t\t\t\t\t<div class=\"info-box-wrapper\">\n\t\t\t<div class=\"wd-info-box text-center box-icon-align-top box-style-base color-scheme- cursor-pointer\" onclick=\"window.location.href='#'\">\n\t\t\t\t\t\t\t\t\t<div class=\"box-icon-wrapper  box-with-icon box-icon-simple\">\n\t\t\t\t\t\t<div class=\"info-box-icon\">\n\t\t\t\t\t\t\t\t\t\t\t\t\t\t\t<img decoding=\"async\" src=\"https:\/\/www.intekview.com\/wp-content\/uploads\/elementor\/thumbs\/icone_rotation-q364qgbo90uk8tu1n1i3itlves0zn2i6xbq00kyxkk.png\" title=\"icone_rotation\" alt=\"icone_rotation\" loading=\"lazy\" \/>\t\t\t\t\t\t\t\t\t\t\t\t\t<\/div>\n\t\t\t\t\t<\/div>\n\t\t\t\t\n\t\t\t\t<div class=\"info-box-content\">\n\t\t\t\t\t\n\t\t\t\t\t\t\t\t\t\t\t<h4\t\t\t\t\t\tclass=\"info-box-title title box-title-style-default wd-fontsize-s\" data-elementor-setting-key=\"title\">\n\t\t\t\t\t\t\t\tRotation de l'\u00e9cran\t\t\t\t\t\t<\/h4>\n\t\t\t\t\t\n\t\t\t\t\t<div class=\"info-box-inner set-cont-mb-s reset-last-child\"\n\t\t\t\t\t\t data-elementor-setting-key=\"content\">\n\t\t\t\t\t\t<p>+180\u00b0 - 180\u00b0<\/p>\n\t\t\t\t\t<\/div>\n\t\n\t\t\t\t\t\t\t\t\t<\/div>\n\t\t\t<\/div>\n\t\t<\/div>\n\t\t\t\t\t\t<\/div>\n\t\t\t\t<\/div>\n\t\t\t\t<div class=\"elementor-element elementor-element-8389d9c elementor-widget elementor-widget-wd_infobox\" data-id=\"8389d9c\" data-element_type=\"widget\" data-e-type=\"widget\" data-widget_type=\"wd_infobox.default\">\n\t\t\t\t<div class=\"elementor-widget-container\">\n\t\t\t\t\t\t\t<div class=\"info-box-wrapper\">\n\t\t\t<div class=\"wd-info-box text-center box-icon-align-top box-style-base color-scheme- cursor-pointer\" onclick=\"window.location.href='#'\">\n\t\t\t\t\t\t\t\t\t<div class=\"box-icon-wrapper  box-with-icon box-icon-simple\">\n\t\t\t\t\t\t<div class=\"info-box-icon\">\n\t\t\t\t\t\t\t\t\t\t\t\t\t\t\t<img decoding=\"async\" src=\"https:\/\/www.intekview.com\/wp-content\/uploads\/elementor\/thumbs\/icone_pivotement-q364q8syqck9ny4yuy92yvi6np21xhoc8ai46da2yc.png\" title=\"icone_pivotement\" alt=\"icone_pivotement\" loading=\"lazy\" \/>\t\t\t\t\t\t\t\t\t\t\t\t\t<\/div>\n\t\t\t\t\t<\/div>\n\t\t\t\t\n\t\t\t\t<div class=\"info-box-content\">\n\t\t\t\t\t\n\t\t\t\t\t\t\t\t\t\t\t<h4\t\t\t\t\t\tclass=\"info-box-title title box-title-style-default wd-fontsize-s\" data-elementor-setting-key=\"title\">\n\t\t\t\t\t\t\t\tGamme de pivotement\t\t\t\t\t\t<\/h4>\n\t\t\t\t\t\n\t\t\t\t\t<div class=\"info-box-inner set-cont-mb-s reset-last-child\"\n\t\t\t\t\t\t data-elementor-setting-key=\"content\">\n\t\t\t\t\t\t<p style=\"text-align: center;\">+40\u00b0 - 40\u00b0<\/p>\n\t\t\t\t\t<\/div>\n\t\n\t\t\t\t\t\t\t\t\t<\/div>\n\t\t\t<\/div>\n\t\t<\/div>\n\t\t\t\t\t\t<\/div>\n\t\t\t\t<\/div>\n\t\t\t\t<div class=\"elementor-element elementor-element-e0ca4cd elementor-widget elementor-widget-wd_infobox\" data-id=\"e0ca4cd\" data-element_type=\"widget\" data-e-type=\"widget\" data-widget_type=\"wd_infobox.default\">\n\t\t\t\t<div class=\"elementor-widget-container\">\n\t\t\t\t\t\t\t<div class=\"info-box-wrapper\">\n\t\t\t<div class=\"wd-info-box text-center box-icon-align-top box-style-base color-scheme- cursor-pointer\" onclick=\"window.location.href='#'\">\n\t\t\t\t\t\t\t\t\t<div class=\"box-icon-wrapper  box-with-icon box-icon-simple\">\n\t\t\t\t\t\t<div class=\"info-box-icon\">\n\t\t\t\t\t\t\t\t\t\t\t\t\t\t\t<img decoding=\"async\" src=\"https:\/\/www.intekview.com\/wp-content\/uploads\/elementor\/thumbs\/icone_cables-q364q1a97o9z32fw2v02exehwm347wuhj9a8c5l8c4.png\" title=\"icone_cables\" alt=\"icone_cables\" loading=\"lazy\" \/>\t\t\t\t\t\t\t\t\t\t\t\t\t<\/div>\n\t\t\t\t\t<\/div>\n\t\t\t\t\n\t\t\t\t<div class=\"info-box-content\">\n\t\t\t\t\t\n\t\t\t\t\t\t\t\t\t\t\t<h4\t\t\t\t\t\tclass=\"info-box-title title box-title-style-default wd-fontsize-s\" data-elementor-setting-key=\"title\">\n\t\t\t\t\t\t\t\tGestion des c\u00e2bles\t\t\t\t\t\t<\/h4>\n\t\t\t\t\t\n\t\t\t\t\t<div class=\"info-box-inner set-cont-mb-s reset-last-child\"\n\t\t\t\t\t\t data-elementor-setting-key=\"content\">\n\t\t\t\t\t\t\t\t\t\t\t<\/div>\n\t\n\t\t\t\t\t\t\t\t\t<\/div>\n\t\t\t<\/div>\n\t\t<\/div>\n\t\t\t\t\t\t<\/div>\n\t\t\t\t<\/div>\n\t\t\t\t\t<\/div>\n\t\t<\/div>\n\t\t\t\t<div class=\"elementor-column elementor-col-50 elementor-top-column elementor-element elementor-element-7c029a7b\" data-id=\"7c029a7b\" data-element_type=\"column\" data-e-type=\"column\">\n\t\t\t<div class=\"elementor-widget-wrap elementor-element-populated\">\n\t\t\t\t\t\t<div class=\"elementor-element elementor-element-587afffd elementor-widget elementor-widget-wd_infobox\" data-id=\"587afffd\" data-element_type=\"widget\" data-e-type=\"widget\" data-widget_type=\"wd_infobox.default\">\n\t\t\t\t<div class=\"elementor-widget-container\">\n\t\t\t\t\t\t\t<div class=\"info-box-wrapper\">\n\t\t\t<div class=\"wd-info-box text-center box-icon-align-top box-style-base color-scheme- cursor-pointer\" onclick=\"window.location.href='#'\">\n\t\t\t\t\t\t\t\t\t<div class=\"box-icon-wrapper  box-with-icon box-icon-simple\">\n\t\t\t\t\t\t<div class=\"info-box-icon\">\n\t\t\t\t\t\t\t\t\t\t\t\t\t\t\t<img decoding=\"async\" src=\"https:\/\/www.intekview.com\/wp-content\/uploads\/elementor\/thumbs\/icone_vesa-q364qi7cmox4w1rbc2bcnt4sljrq2gpnll0yz4w584.png\" title=\"icone_vesa\" alt=\"icone_vesa\" loading=\"lazy\" \/>\t\t\t\t\t\t\t\t\t\t\t\t\t<\/div>\n\t\t\t\t\t<\/div>\n\t\t\t\t\n\t\t\t\t<div class=\"info-box-content\">\n\t\t\t\t\t\n\t\t\t\t\t\t\t\t\t\t\t<h4\t\t\t\t\t\tclass=\"info-box-title title box-title-style-default wd-fontsize-s\" data-elementor-setting-key=\"title\">\n\t\t\t\t\t\t\t\tCompatible avec Vesa\t\t\t\t\t\t<\/h4>\n\t\t\t\t\t\n\t\t\t\t\t<div class=\"info-box-inner set-cont-mb-s reset-last-child\"\n\t\t\t\t\t\t data-elementor-setting-key=\"content\">\n\t\t\t\t\t\t<p style=\"text-align: center\">75x75 100x100<\/p>\n\t\t\t\t\t<\/div>\n\t\n\t\t\t\t\t\t\t\t\t<\/div>\n\t\t\t<\/div>\n\t\t<\/div>\n\t\t\t\t\t\t<\/div>\n\t\t\t\t<\/div>\n\t\t\t\t<div class=\"elementor-element elementor-element-793dd104 elementor-widget elementor-widget-wd_infobox\" data-id=\"793dd104\" data-element_type=\"widget\" data-e-type=\"widget\" data-widget_type=\"wd_infobox.default\">\n\t\t\t\t<div class=\"elementor-widget-container\">\n\t\t\t\t\t\t\t<div class=\"info-box-wrapper\">\n\t\t\t<div class=\"wd-info-box text-center box-icon-align-top box-style-base color-scheme- cursor-pointer\" onclick=\"window.location.href='#'\">\n\t\t\t\t\t\t\t\t\t<div class=\"box-icon-wrapper  box-with-icon box-icon-simple\">\n\t\t\t\t\t\t<div class=\"info-box-icon\">\n\t\t\t\t\t\t\t\t\t\t\t\t\t\t\t<img decoding=\"async\" src=\"https:\/\/www.intekview.com\/wp-content\/uploads\/elementor\/thumbs\/icone_poids-q364qckbhopeydzi8zvl8uk118jisa39kt423h4i9g.png\" title=\"icone_poids\" alt=\"icone_poids\" loading=\"lazy\" \/>\t\t\t\t\t\t\t\t\t\t\t\t\t<\/div>\n\t\t\t\t\t<\/div>\n\t\t\t\t\n\t\t\t\t<div class=\"info-box-content\">\n\t\t\t\t\t\n\t\t\t\t\t\t\t\t\t\t\t<h4\t\t\t\t\t\tclass=\"info-box-title title box-title-style-default wd-fontsize-s\" data-elementor-setting-key=\"title\">\n\t\t\t\t\t\t\t\tCapacit\u00e9 de poids\t\t\t\t\t\t<\/h4>\n\t\t\t\t\t\n\t\t\t\t\t<div class=\"info-box-inner set-cont-mb-s reset-last-child\"\n\t\t\t\t\t\t data-elementor-setting-key=\"content\">\n\t\t\t\t\t\t<p style=\"text-align: center\">8kg\/17.6lbs<\/p>\n\t\t\t\t\t<\/div>\n\t\n\t\t\t\t\t\t\t\t\t<\/div>\n\t\t\t<\/div>\n\t\t<\/div>\n\t\t\t\t\t\t<\/div>\n\t\t\t\t<\/div>\n\t\t\t\t<div class=\"elementor-element elementor-element-12bbdbc elementor-widget elementor-widget-wd_infobox\" data-id=\"12bbdbc\" data-element_type=\"widget\" data-e-type=\"widget\" data-widget_type=\"wd_infobox.default\">\n\t\t\t\t<div class=\"elementor-widget-container\">\n\t\t\t\t\t\t\t<div class=\"info-box-wrapper\">\n\t\t\t<div class=\"wd-info-box text-center box-icon-align-top box-style-base color-scheme- cursor-pointer\" onclick=\"window.location.href='#'\">\n\t\t\t\t\t\t\t\t\t<div class=\"box-icon-wrapper  box-with-icon box-icon-simple\">\n\t\t\t\t\t\t<div class=\"info-box-icon\">\n\t\t\t\t\t\t\t\t\t\t\t\t\t\t\t<img decoding=\"async\" src=\"https:\/\/www.intekview.com\/wp-content\/uploads\/elementor\/thumbs\/icone_inclinaison-q364q6xacohp0q7p5xfttvz9gxbbi3gvk1757tcvas.png\" title=\"icone_inclinaison\" alt=\"icone_inclinaison\" loading=\"lazy\" \/>\t\t\t\t\t\t\t\t\t\t\t\t\t<\/div>\n\t\t\t\t\t<\/div>\n\t\t\t\t\n\t\t\t\t<div class=\"info-box-content\">\n\t\t\t\t\t\n\t\t\t\t\t\t\t\t\t\t\t<h4\t\t\t\t\t\tclass=\"info-box-title title box-title-style-default wd-fontsize-s\" data-elementor-setting-key=\"title\">\n\t\t\t\t\t\t\t\tPlage d'inclinaison\t\t\t\t\t\t<\/h4>\n\t\t\t\t\t\n\t\t\t\t\t<div class=\"info-box-inner set-cont-mb-s reset-last-child\"\n\t\t\t\t\t\t data-elementor-setting-key=\"content\">\n\t\t\t\t\t\t<p style=\"text-align: center\">+45\u00b0 -45\u00b0<\/p>\n\t\t\t\t\t<\/div>\n\t\n\t\t\t\t\t\t\t\t\t<\/div>\n\t\t\t<\/div>\n\t\t<\/div>\n\t\t\t\t\t\t<\/div>\n\t\t\t\t<\/div>\n\t\t\t\t\t<\/div>\n\t\t<\/div>\n\t\t\t\t\t<\/div>\n\t\t<\/section>\n\t\t\t\t<div class=\"elementor-element elementor-element-66e5029 elementor-widget elementor-widget-wd_button\" data-id=\"66e5029\" data-element_type=\"widget\" data-e-type=\"widget\" data-widget_type=\"wd_button.default\">\n\t\t\t\t<div class=\"elementor-widget-container\">\n\t\t\t\t\t\t\t<div class=\"wd-button-wrapper text-center\" >\n\t\t\t<a class=\"btn btn-style-default btn-style-rectangle btn-size-default btn-color-default btn-icon-pos-right\"  href=\"https:\/\/www.intekview.com\/wp-content\/uploads\/2023\/03\/Freestanding_Base_Monitor_Arms_Footrest_brochure.pdf#\" target=\"_blank\">\n\t\t\t\t<span class=\"wd-btn-text\" data-elementor-setting-key=\"text\">\n\t\t\t\t\tT\u00e9l\u00e9charger la brochure\t\t\t\t<\/span>\n\n\t\t\t\t\t\t\t<\/a>\n\t\t<\/div>\n\t\t\t\t\t\t<\/div>\n\t\t\t\t<\/div>\n\t\t\t\t\t<\/div>\n\t\t<\/div>\n\t\t\t\t\t<\/div>\n\t\t<\/section>\n\t\t\t\t<section class=\"elementor-section elementor-top-section elementor-element elementor-element-c35c31d elementor-section-boxed elementor-section-height-default elementor-section-height-default wd-section-disabled\" data-id=\"c35c31d\" data-element_type=\"section\" data-e-type=\"section\">\n\t\t\t\t\t\t<div class=\"elementor-container elementor-column-gap-default\">\n\t\t\t\t\t<div class=\"elementor-column elementor-col-100 elementor-top-column elementor-element elementor-element-ca4d6fa\" data-id=\"ca4d6fa\" data-element_type=\"column\" data-e-type=\"column\">\n\t\t\t<div class=\"elementor-widget-wrap elementor-element-populated\">\n\t\t\t\t\t\t<div class=\"elementor-element elementor-element-a77298d text-center color-scheme-inherit elementor-widget elementor-widget-text-editor\" data-id=\"a77298d\" data-element_type=\"widget\" data-e-type=\"widget\" data-widget_type=\"text-editor.default\">\n\t\t\t\t<div class=\"elementor-widget-container\">\n\t\t\t\t\t\t\t\t\t<p><img fetchpriority=\"high\" decoding=\"async\" class=\"alignnone wp-image-18492 size-full\" src=\"https:\/\/www.intekview.com\/wp-content\/uploads\/2024\/07\/MS402-1.jpg\" alt=\"\" width=\"970\" height=\"600\" srcset=\"https:\/\/www.intekview.com\/wp-content\/uploads\/2024\/07\/MS402-1.jpg 970w, https:\/\/www.intekview.com\/wp-content\/uploads\/2024\/07\/MS402-1-400x247.jpg 400w, https:\/\/www.intekview.com\/wp-content\/uploads\/2024\/07\/MS402-1-768x475.jpg 768w, https:\/\/www.intekview.com\/wp-content\/uploads\/2024\/07\/MS402-1-860x532.jpg 860w, https:\/\/www.intekview.com\/wp-content\/uploads\/2024\/07\/MS402-1-430x266.jpg 430w, https:\/\/www.intekview.com\/wp-content\/uploads\/2024\/07\/MS402-1-700x433.jpg 700w, https:\/\/www.intekview.com\/wp-content\/uploads\/2024\/07\/MS402-1-150x93.jpg 150w\" sizes=\"(max-width: 970px) 100vw, 970px\" \/><br \/><img decoding=\"async\" class=\"alignnone wp-image-18500 size-full\" src=\"https:\/\/www.intekview.com\/wp-content\/uploads\/2024\/07\/MS402-2.jpg\" alt=\"\" width=\"970\" height=\"301\" srcset=\"https:\/\/www.intekview.com\/wp-content\/uploads\/2024\/07\/MS402-2.jpg 970w, https:\/\/www.intekview.com\/wp-content\/uploads\/2024\/07\/MS402-2-400x124.jpg 400w, https:\/\/www.intekview.com\/wp-content\/uploads\/2024\/07\/MS402-2-768x238.jpg 768w, https:\/\/www.intekview.com\/wp-content\/uploads\/2024\/07\/MS402-2-860x267.jpg 860w, https:\/\/www.intekview.com\/wp-content\/uploads\/2024\/07\/MS402-2-430x133.jpg 430w, https:\/\/www.intekview.com\/wp-content\/uploads\/2024\/07\/MS402-2-700x217.jpg 700w, https:\/\/www.intekview.com\/wp-content\/uploads\/2024\/07\/MS402-2-150x47.jpg 150w\" sizes=\"(max-width: 970px) 100vw, 970px\" \/><br \/><img decoding=\"async\" class=\"alignnone wp-image-18498 size-full\" src=\"https:\/\/www.intekview.com\/wp-content\/uploads\/2024\/07\/MS402-3.jpg\" alt=\"\" width=\"970\" height=\"600\" srcset=\"https:\/\/www.intekview.com\/wp-content\/uploads\/2024\/07\/MS402-3.jpg 970w, https:\/\/www.intekview.com\/wp-content\/uploads\/2024\/07\/MS402-3-400x247.jpg 400w, https:\/\/www.intekview.com\/wp-content\/uploads\/2024\/07\/MS402-3-768x475.jpg 768w, https:\/\/www.intekview.com\/wp-content\/uploads\/2024\/07\/MS402-3-860x532.jpg 860w, https:\/\/www.intekview.com\/wp-content\/uploads\/2024\/07\/MS402-3-430x266.jpg 430w, https:\/\/www.intekview.com\/wp-content\/uploads\/2024\/07\/MS402-3-700x433.jpg 700w, https:\/\/www.intekview.com\/wp-content\/uploads\/2024\/07\/MS402-3-150x93.jpg 150w\" sizes=\"(max-width: 970px) 100vw, 970px\" \/><br \/><img loading=\"lazy\" decoding=\"async\" class=\"alignnone wp-image-18496 size-full\" src=\"https:\/\/www.intekview.com\/wp-content\/uploads\/2024\/07\/MS402-4.jpg\" alt=\"\" width=\"970\" height=\"601\" srcset=\"https:\/\/www.intekview.com\/wp-content\/uploads\/2024\/07\/MS402-4.jpg 970w, https:\/\/www.intekview.com\/wp-content\/uploads\/2024\/07\/MS402-4-400x248.jpg 400w, https:\/\/www.intekview.com\/wp-content\/uploads\/2024\/07\/MS402-4-768x476.jpg 768w, https:\/\/www.intekview.com\/wp-content\/uploads\/2024\/07\/MS402-4-860x533.jpg 860w, https:\/\/www.intekview.com\/wp-content\/uploads\/2024\/07\/MS402-4-430x266.jpg 430w, https:\/\/www.intekview.com\/wp-content\/uploads\/2024\/07\/MS402-4-700x434.jpg 700w, https:\/\/www.intekview.com\/wp-content\/uploads\/2024\/07\/MS402-4-150x93.jpg 150w\" sizes=\"(max-width: 970px) 100vw, 970px\" \/><br \/><img loading=\"lazy\" decoding=\"async\" class=\"alignnone wp-image-18494 size-full\" src=\"https:\/\/www.intekview.com\/wp-content\/uploads\/2024\/07\/MS402-5.jpg\" alt=\"\" width=\"970\" height=\"601\" srcset=\"https:\/\/www.intekview.com\/wp-content\/uploads\/2024\/07\/MS402-5.jpg 970w, https:\/\/www.intekview.com\/wp-content\/uploads\/2024\/07\/MS402-5-400x248.jpg 400w, https:\/\/www.intekview.com\/wp-content\/uploads\/2024\/07\/MS402-5-768x476.jpg 768w, https:\/\/www.intekview.com\/wp-content\/uploads\/2024\/07\/MS402-5-860x533.jpg 860w, https:\/\/www.intekview.com\/wp-content\/uploads\/2024\/07\/MS402-5-430x266.jpg 430w, https:\/\/www.intekview.com\/wp-content\/uploads\/2024\/07\/MS402-5-700x434.jpg 700w, https:\/\/www.intekview.com\/wp-content\/uploads\/2024\/07\/MS402-5-150x93.jpg 150w\" sizes=\"(max-width: 970px) 100vw, 970px\" \/><\/p>\t\t\t\t\t\t\t\t<\/div>\n\t\t\t\t<\/div>\n\t\t\t\t\t<\/div>\n\t\t<\/div>\n\t\t\t\t\t<\/div>\n\t\t<\/section>\n\t\t\t\t<\/div>\n\t\t","protected":false},"excerpt":{"rendered":"<p>Le support \u00e0 deux moniteurs MS402 est la solution parfaite pour tous ceux qui cherchent \u00e0 augmenter leur productivit\u00e9 et \u00e0 am\u00e9liorer leur espace de travail. Ce support d&rsquo;\u00e9cran haut de gamme est con\u00e7u pour accueillir deux \u00e9crans, cr\u00e9ant ainsi un espace de travail rationalis\u00e9 et organis\u00e9.<\/p>\n","protected":false},"featured_media":15437,"template":"","meta":[],"product_brand":[],"product_cat":[123,119],"product_tag":[],"class_list":{"0":"post-15816","1":"product","2":"type-product","3":"status-publish","4":"has-post-thumbnail","6":"product_cat-support-de-moniteur","7":"product_cat-support-peripherique","9":"first","10":"instock","11":"shipping-taxable","12":"purchasable","13":"product-type-simple"},"_links":{"self":[{"href":"https:\/\/www.intekview.com\/fr\/wp-json\/wp\/v2\/product\/15816","targetHints":{"allow":["GET"]}}],"collection":[{"href":"https:\/\/www.intekview.com\/fr\/wp-json\/wp\/v2\/product"}],"about":[{"href":"https:\/\/www.intekview.com\/fr\/wp-json\/wp\/v2\/types\/product"}],"version-history":[{"count":8,"href":"https:\/\/www.intekview.com\/fr\/wp-json\/wp\/v2\/product\/15816\/revisions"}],"predecessor-version":[{"id":18644,"href":"https:\/\/www.intekview.com\/fr\/wp-json\/wp\/v2\/product\/15816\/revisions\/18644"}],"wp:featuredmedia":[{"embeddable":true,"href":"https:\/\/www.intekview.com\/fr\/wp-json\/wp\/v2\/media\/15437"}],"wp:attachment":[{"href":"https:\/\/www.intekview.com\/fr\/wp-json\/wp\/v2\/media?parent=15816"}],"wp:term":[{"taxonomy":"product_brand","embeddable":true,"href":"https:\/\/www.intekview.com\/fr\/wp-json\/wp\/v2\/product_brand?post=15816"},{"taxonomy":"product_cat","embeddable":true,"href":"https:\/\/www.intekview.com\/fr\/wp-json\/wp\/v2\/product_cat?post=15816"},{"taxonomy":"product_tag","embeddable":true,"href":"https:\/\/www.intekview.com\/fr\/wp-json\/wp\/v2\/product_tag?post=15816"}],"curies":[{"name":"wp","href":"https:\/\/api.w.org\/{rel}","templated":true}]}}