{"id":15783,"date":"2023-03-10T20:32:13","date_gmt":"2023-03-10T20:32:13","guid":{"rendered":"https:\/\/www.intekview.com\/product\/plateau-a-clavier-reglable-sous-le-bureau-kt1030\/"},"modified":"2024-07-10T20:47:43","modified_gmt":"2024-07-10T20:47:43","slug":"plateau-a-clavier-reglable-sous-le-bureau-kt1030","status":"publish","type":"product","link":"https:\/\/www.intekview.com\/fr\/product\/plateau-a-clavier-reglable-sous-le-bureau-kt1030\/","title":{"rendered":"Plateau \u00e0 clavier r\u00e9glable sous le bureau &#8211; KT1030"},"content":{"rendered":"\t\t<div data-elementor-type=\"wp-post\" data-elementor-id=\"15783\" class=\"elementor elementor-15783\">\n\t\t\t\t\t\t<section class=\"elementor-section elementor-top-section elementor-element elementor-element-4b3626ba elementor-section-content-top elementor-section-boxed elementor-section-height-default elementor-section-height-default wd-section-disabled\" data-id=\"4b3626ba\" data-element_type=\"section\" data-e-type=\"section\">\n\t\t\t\t\t\t<div class=\"elementor-container elementor-column-gap-default\">\n\t\t\t\t\t<div class=\"elementor-column elementor-col-50 elementor-top-column elementor-element elementor-element-7f5fbf69\" data-id=\"7f5fbf69\" data-element_type=\"column\" data-e-type=\"column\">\n\t\t\t<div class=\"elementor-widget-wrap elementor-element-populated\">\n\t\t\t\t\t\t<div class=\"elementor-element elementor-element-748d7c5f elementor-widget elementor-widget-wd_text_block\" data-id=\"748d7c5f\" data-element_type=\"widget\" data-e-type=\"widget\" data-widget_type=\"wd_text_block.default\">\n\t\t\t\t<div class=\"elementor-widget-container\">\n\t\t\t\t\t\t\t<div class=\"wd-text-block reset-last-child text-left\">\n\t\t\t\n\t\t\t<p class=\"product-details-code\">Code produit : KT1030<\/p><div class=\"product-details-desc\"><strong>(Auparavant EINT1011RF)<br><br>Le kit id\u00e9al de plateau pour clavier droit<br><\/strong>Le plateau de clavier Ideal (main droite) comprend un m\u00e9canisme, un plateau et un repose-poignets. Avec ce kit de plateau de clavier, dont la hauteur est facilement r\u00e9glable, sans bouton ni levier de commande, votre clavier et votre souris seront toujours \u00e0 une hauteur id\u00e9ale. Vous adopterez une posture plus ergonomique, ce qui vous permettra d'\u00e9viter les probl\u00e8mes physiques tels que les TMS (troubles musculo-squelettiques) ou les microtraumatismes r\u00e9p\u00e9t\u00e9s (Repetitive Stress Injury). Sa taille et ses sp\u00e9cifications conviennent \u00e0 la plupart des postes de travail et sont indispensables pour un poste de travail plus ergonomique.<br><br>Les caract\u00e9ristiques de ce kit sont les suivantes :<br><br>M\u00e9canisme sans levier avec gestion des c\u00e2bles :<br>Ce nouveau m\u00e9canisme de bras sans levier offre un maximum d'avantages ergonomiques. Ces avantages comprennent un r\u00e9glage en hauteur de 7\u00bc\" sans levier et un bouton soft-touch facile \u00e0 atteindre pour un r\u00e9glage de l'inclinaison de + et - 15 degr\u00e9s avec un indicateur d'inclinaison int\u00e9gr\u00e9.<br><br>Caract\u00e9ristiques :<br><ul><li>R\u00e9glage de la hauteur sans levier.&nbsp;<\/li><li>Bouton doux pour le r\u00e9glage de l'inclinaison.&nbsp;<\/li><li>Indicateur d'inclinaison int\u00e9gr\u00e9.&nbsp;.&nbsp;<\/li><li>Construction en acier avec rev\u00eatement en poudre noir.<\/li><\/ul>25\" x 10\" \u00be plate-forme droite<br>Plateau pour clavier 25\" X 10\" \u00be pour clavier et souris. Con\u00e7u pour les droitiers. Vous avez le trou pour le m\u00e9canisme et le repose-poignet.<br><ul><li>Fabriqu\u00e9 en stratifi\u00e9 massif \u00bc&nbsp;<\/li><li>Presque indestructible&nbsp;<\/li><li>Tapis antid\u00e9rapant et tapis de souris inclus<\/li><\/ul>Repose-poignets en mousse Ergosecure<br>Diminue la charge statique sur les membres sup\u00e9rieurs et le cou pendant l'utilisation du clavier. Aide les poignets \u00e0 rester dans une position neutre.<br><ul><li>A utiliser avec la plupart des claviers&nbsp;<\/li><li>Dimensions : 1 9\" (48,3 cm) x 2 \u00bd\" (6,4 cm)&nbsp;<\/li><li>Hauteur de profil de \u00bd\" (1,3 cm) \u00e0 7\/8\" (2,2 cm)&nbsp;<\/li><li>Recouvert de Lycra<\/li><\/ul><br>Exp\u00e9dition :<br><ul><li>Poids : 17 lbs (7,7 kg)&nbsp;<\/li><li>Taille pour le poids dimensionnel : 13\" x 26\" x 5\".<\/li><\/ul><\/div>\n\t\t\t\t\t<\/div>\n\t\t\t\t\t\t<\/div>\n\t\t\t\t<\/div>\n\t\t\t\t\t<\/div>\n\t\t<\/div>\n\t\t\t\t<div class=\"elementor-column elementor-col-50 elementor-top-column elementor-element elementor-element-1e65c3f2\" data-id=\"1e65c3f2\" data-element_type=\"column\" data-e-type=\"column\">\n\t\t\t<div class=\"elementor-widget-wrap elementor-element-populated\">\n\t\t\t\t\t\t<section class=\"elementor-section elementor-inner-section elementor-element elementor-element-55f738ee elementor-section-content-top elementor-section-boxed elementor-section-height-default elementor-section-height-default wd-section-disabled\" data-id=\"55f738ee\" data-element_type=\"section\" data-e-type=\"section\">\n\t\t\t\t\t\t<div class=\"elementor-container elementor-column-gap-default\">\n\t\t\t\t\t<div class=\"elementor-column elementor-col-50 elementor-inner-column elementor-element elementor-element-47ceb066\" data-id=\"47ceb066\" data-element_type=\"column\" data-e-type=\"column\">\n\t\t\t<div class=\"elementor-widget-wrap elementor-element-populated\">\n\t\t\t\t\t\t<div class=\"elementor-element elementor-element-39cc72a7 elementor-widget elementor-widget-wd_infobox\" data-id=\"39cc72a7\" data-element_type=\"widget\" data-e-type=\"widget\" data-widget_type=\"wd_infobox.default\">\n\t\t\t\t<div class=\"elementor-widget-container\">\n\t\t\t\t\t\t\t<div class=\"info-box-wrapper\">\n\t\t\t<div class=\"wd-info-box text-center box-icon-align-top box-style-base color-scheme- cursor-pointer\" onclick=\"window.location.href='#'\">\n\t\t\t\t\t\t\t\t\t<div class=\"box-icon-wrapper  box-with-icon box-icon-simple\">\n\t\t\t\t\t\t<div class=\"info-box-icon\">\n\t\t\t\t\t\t\t\t\t\t\t\t\t\t\t<img decoding=\"async\" src=\"https:\/\/www.intekview.com\/wp-content\/uploads\/elementor\/thumbs\/icone_hauteur-q3bjfoxnfvyvssiultntr2coicdo5mp5xu6pfcaut0.png\" title=\"icone_hauteur\" alt=\"icone_hauteur\" loading=\"lazy\" \/>\t\t\t\t\t\t\t\t\t\t\t\t\t<\/div>\n\t\t\t\t\t<\/div>\n\t\t\t\t\n\t\t\t\t<div class=\"info-box-content\">\n\t\t\t\t\t\n\t\t\t\t\t\t\t\t\t\t\t<h4\t\t\t\t\t\tclass=\"info-box-title title box-title-style-default wd-fontsize-s\" data-elementor-setting-key=\"title\">\n\t\t\t\t\t\t\t\tAjustements possibles\t\t\t\t\t\t<\/h4>\n\t\t\t\t\t\n\t\t\t\t\t<div class=\"info-box-inner set-cont-mb-s reset-last-child\"\n\t\t\t\t\t\t data-elementor-setting-key=\"content\">\n\t\t\t\t\t\t<p>7 \u00bc\" r\u00e9glage de la hauteur <br \/>(1 \u00bc\" au-dessus de la surface) <br \/>R\u00e9glage de l'angle de +\/- 15 <br \/>Rotation de 360 <\/p>\n\t\t\t\t\t<\/div>\n\t\n\t\t\t\t\t\t\t\t\t<\/div>\n\t\t\t<\/div>\n\t\t<\/div>\n\t\t\t\t\t\t<\/div>\n\t\t\t\t<\/div>\n\t\t\t\t<div class=\"elementor-element elementor-element-b53dd9d elementor-widget elementor-widget-wd_infobox\" data-id=\"b53dd9d\" data-element_type=\"widget\" data-e-type=\"widget\" data-widget_type=\"wd_infobox.default\">\n\t\t\t\t<div class=\"elementor-widget-container\">\n\t\t\t\t\t\t\t<div class=\"info-box-wrapper\">\n\t\t\t<div class=\"wd-info-box text-center box-icon-align-top box-style-base color-scheme- cursor-pointer\" onclick=\"window.location.href='#'\">\n\t\t\t\t\t\t\t\t\t<div class=\"box-icon-wrapper  box-with-icon box-icon-simple\">\n\t\t\t\t\t\t<div class=\"info-box-icon\">\n\t\t\t\t\t\t\t\t\t\t\t\t\t\t\t<img decoding=\"async\" src=\"https:\/\/www.intekview.com\/wp-content\/uploads\/elementor\/thumbs\/icone_cables-q364q1a97o9z32fw2v02exehwm347wuhj9a8c5l8c4.png\" title=\"icone_cables\" alt=\"icone_cables\" loading=\"lazy\" \/>\t\t\t\t\t\t\t\t\t\t\t\t\t<\/div>\n\t\t\t\t\t<\/div>\n\t\t\t\t\n\t\t\t\t<div class=\"info-box-content\">\n\t\t\t\t\t\n\t\t\t\t\t\t\t\t\t\t\t<h4\t\t\t\t\t\tclass=\"info-box-title title box-title-style-default wd-fontsize-s\" data-elementor-setting-key=\"title\">\n\t\t\t\t\t\t\t\tGestion des c\u00e2bles\t\t\t\t\t\t<\/h4>\n\t\t\t\t\t\n\t\t\t\t\t<div class=\"info-box-inner set-cont-mb-s reset-last-child\"\n\t\t\t\t\t\t data-elementor-setting-key=\"content\">\n\t\t\t\t\t\t\t\t\t\t\t<\/div>\n\t\n\t\t\t\t\t\t\t\t\t<\/div>\n\t\t\t<\/div>\n\t\t<\/div>\n\t\t\t\t\t\t<\/div>\n\t\t\t\t<\/div>\n\t\t\t\t\t<\/div>\n\t\t<\/div>\n\t\t\t\t<div class=\"elementor-column elementor-col-50 elementor-top-column elementor-element elementor-element-22ed1721\" data-id=\"22ed1721\" data-element_type=\"column\" data-e-type=\"column\">\n\t\t\t<div class=\"elementor-widget-wrap elementor-element-populated\">\n\t\t\t\t\t\t<div class=\"elementor-element elementor-element-6828c702 elementor-widget elementor-widget-wd_infobox\" data-id=\"6828c702\" data-element_type=\"widget\" data-e-type=\"widget\" data-widget_type=\"wd_infobox.default\">\n\t\t\t\t<div class=\"elementor-widget-container\">\n\t\t\t\t\t\t\t<div class=\"info-box-wrapper\">\n\t\t\t<div class=\"wd-info-box text-center box-icon-align-top box-style-base color-scheme- cursor-pointer\" onclick=\"window.location.href='#'\">\n\t\t\t\t\t\t\t\t\t<div class=\"box-icon-wrapper  box-with-icon box-icon-simple\">\n\t\t\t\t\t\t<div class=\"info-box-icon\">\n\t\t\t\t\t\t\t\t\t\t\t\t\t\t\t<img decoding=\"async\" src=\"https:\/\/www.intekview.com\/wp-content\/uploads\/elementor\/thumbs\/icone_poids-q364qckbhopeydzi8zvl8uk118jisa39kt423h4i9g.png\" title=\"icone_poids\" alt=\"icone_poids\" loading=\"lazy\" \/>\t\t\t\t\t\t\t\t\t\t\t\t\t<\/div>\n\t\t\t\t\t<\/div>\n\t\t\t\t\n\t\t\t\t<div class=\"info-box-content\">\n\t\t\t\t\t\n\t\t\t\t\t\t\t\t\t\t\t<h4\t\t\t\t\t\tclass=\"info-box-title title box-title-style-default wd-fontsize-s\" data-elementor-setting-key=\"title\">\n\t\t\t\t\t\t\t\tCapacit\u00e9 de poids\t\t\t\t\t\t<\/h4>\n\t\t\t\t\t\n\t\t\t\t\t<div class=\"info-box-inner set-cont-mb-s reset-last-child\"\n\t\t\t\t\t\t data-elementor-setting-key=\"content\">\n\t\t\t\t\t\t<p style=\"text-align: center;\">2kg \/ 4lbs<\/p><\/p>\n\t\t\t\t\t<\/div>\n\t\n\t\t\t\t\t\t\t\t\t<\/div>\n\t\t\t<\/div>\n\t\t<\/div>\n\t\t\t\t\t\t<\/div>\n\t\t\t\t<\/div>\n\t\t\t\t<div class=\"elementor-element elementor-element-0c4bc60 elementor-widget elementor-widget-wd_infobox\" data-id=\"0c4bc60\" data-element_type=\"widget\" data-e-type=\"widget\" data-widget_type=\"wd_infobox.default\">\n\t\t\t\t<div class=\"elementor-widget-container\">\n\t\t\t\t\t\t\t<div class=\"info-box-wrapper\">\n\t\t\t<div class=\"wd-info-box text-center box-icon-align-top box-style-base color-scheme- cursor-pointer\" onclick=\"window.location.href='#'\">\n\t\t\t\t\t\t\t\t\t<div class=\"box-icon-wrapper  box-with-icon box-icon-simple\">\n\t\t\t\t\t\t<div class=\"info-box-icon\">\n\t\t\t\t\t\t\t\t\t\t\t\t\t\t\t<img decoding=\"async\" src=\"https:\/\/www.intekview.com\/wp-content\/uploads\/elementor\/thumbs\/icone_dimension-clavier-q3bnmlwsqak7uxb5d23g2zcy1gj805tpcsx7aojbsk.png\" title=\"icone_dimension-clavier\" alt=\"icone_dimension-clavier\" loading=\"lazy\" \/>\t\t\t\t\t\t\t\t\t\t\t\t\t<\/div>\n\t\t\t\t\t<\/div>\n\t\t\t\t\n\t\t\t\t<div class=\"info-box-content\">\n\t\t\t\t\t\n\t\t\t\t\t\t\t\t\t\t\t<h4\t\t\t\t\t\tclass=\"info-box-title title box-title-style-default wd-fontsize-s\" data-elementor-setting-key=\"title\">\n\t\t\t\t\t\t\t\tDimension\t\t\t\t\t\t<\/h4>\n\t\t\t\t\t\n\t\t\t\t\t<div class=\"info-box-inner set-cont-mb-s reset-last-child\"\n\t\t\t\t\t\t data-elementor-setting-key=\"content\">\n\t\t\t\t\t\t<p style=\"text-align: center;\"><strong>Plateau droit 30\" x 10\" \u00be<br \/><\/strong>21\" EZ-Glide rail<\/p>\n<p style=\"text-align: center;\"><strong> <\/strong><\/p>\n\t\t\t\t\t<\/div>\n\t\n\t\t\t\t\t\t\t\t\t<\/div>\n\t\t\t<\/div>\n\t\t<\/div>\n\t\t\t\t\t\t<\/div>\n\t\t\t\t<\/div>\n\t\t\t\t\t<\/div>\n\t\t<\/div>\n\t\t\t\t\t<\/div>\n\t\t<\/section>\n\t\t\t\t\t<\/div>\n\t\t<\/div>\n\t\t\t\t\t<\/div>\n\t\t<\/section>\n\t\t\t\t<section class=\"elementor-section elementor-top-section elementor-element elementor-element-0b0e7b3 elementor-section-content-top elementor-section-boxed elementor-section-height-default elementor-section-height-default wd-section-disabled\" data-id=\"0b0e7b3\" data-element_type=\"section\" data-e-type=\"section\">\n\t\t\t\t\t\t<div class=\"elementor-container elementor-column-gap-default\">\n\t\t\t\t\t<div class=\"elementor-column elementor-col-100 elementor-top-column elementor-element elementor-element-d4170df\" data-id=\"d4170df\" data-element_type=\"column\" data-e-type=\"column\">\n\t\t\t<div class=\"elementor-widget-wrap elementor-element-populated\">\n\t\t\t\t\t\t<div class=\"elementor-element elementor-element-4cb3e32 elementor-widget elementor-widget-wd_text_block\" data-id=\"4cb3e32\" data-element_type=\"widget\" data-e-type=\"widget\" data-widget_type=\"wd_text_block.default\">\n\t\t\t\t<div class=\"elementor-widget-container\">\n\t\t\t\t\t\t\t<div class=\"wd-text-block reset-last-child text-center\">\n\t\t\t\n\t\t\t<p><img fetchpriority=\"high\" decoding=\"async\" class=\"alignnone wp-image-18336 size-full\" src=\"https:\/\/www.intekview.com\/wp-content\/uploads\/2024\/07\/KT1030-1.jpg\" alt=\"\" width=\"970\" height=\"600\" srcset=\"https:\/\/www.intekview.com\/wp-content\/uploads\/2024\/07\/KT1030-1.jpg 970w, https:\/\/www.intekview.com\/wp-content\/uploads\/2024\/07\/KT1030-1-400x247.jpg 400w, https:\/\/www.intekview.com\/wp-content\/uploads\/2024\/07\/KT1030-1-768x475.jpg 768w, https:\/\/www.intekview.com\/wp-content\/uploads\/2024\/07\/KT1030-1-860x532.jpg 860w, https:\/\/www.intekview.com\/wp-content\/uploads\/2024\/07\/KT1030-1-430x266.jpg 430w, https:\/\/www.intekview.com\/wp-content\/uploads\/2024\/07\/KT1030-1-700x433.jpg 700w, https:\/\/www.intekview.com\/wp-content\/uploads\/2024\/07\/KT1030-1-150x93.jpg 150w\" sizes=\"(max-width: 970px) 100vw, 970px\" \/><br \/><img decoding=\"async\" class=\"alignnone wp-image-18344 size-full\" src=\"https:\/\/www.intekview.com\/wp-content\/uploads\/2024\/07\/KT1030-2.jpg\" alt=\"\" width=\"970\" height=\"300\" srcset=\"https:\/\/www.intekview.com\/wp-content\/uploads\/2024\/07\/KT1030-2.jpg 970w, https:\/\/www.intekview.com\/wp-content\/uploads\/2024\/07\/KT1030-2-400x124.jpg 400w, https:\/\/www.intekview.com\/wp-content\/uploads\/2024\/07\/KT1030-2-768x238.jpg 768w, https:\/\/www.intekview.com\/wp-content\/uploads\/2024\/07\/KT1030-2-860x266.jpg 860w, https:\/\/www.intekview.com\/wp-content\/uploads\/2024\/07\/KT1030-2-430x133.jpg 430w, https:\/\/www.intekview.com\/wp-content\/uploads\/2024\/07\/KT1030-2-700x216.jpg 700w, https:\/\/www.intekview.com\/wp-content\/uploads\/2024\/07\/KT1030-2-150x46.jpg 150w\" sizes=\"(max-width: 970px) 100vw, 970px\" \/><br \/><img decoding=\"async\" class=\"alignnone wp-image-18342 size-full\" src=\"https:\/\/www.intekview.com\/wp-content\/uploads\/2024\/07\/KT1030-3.jpg\" alt=\"\" width=\"970\" height=\"599\" srcset=\"https:\/\/www.intekview.com\/wp-content\/uploads\/2024\/07\/KT1030-3.jpg 970w, https:\/\/www.intekview.com\/wp-content\/uploads\/2024\/07\/KT1030-3-400x247.jpg 400w, https:\/\/www.intekview.com\/wp-content\/uploads\/2024\/07\/KT1030-3-768x474.jpg 768w, https:\/\/www.intekview.com\/wp-content\/uploads\/2024\/07\/KT1030-3-860x531.jpg 860w, https:\/\/www.intekview.com\/wp-content\/uploads\/2024\/07\/KT1030-3-430x266.jpg 430w, https:\/\/www.intekview.com\/wp-content\/uploads\/2024\/07\/KT1030-3-700x432.jpg 700w, https:\/\/www.intekview.com\/wp-content\/uploads\/2024\/07\/KT1030-3-150x93.jpg 150w\" sizes=\"(max-width: 970px) 100vw, 970px\" \/> <br \/><img loading=\"lazy\" decoding=\"async\" class=\"alignnone wp-image-18340 size-full\" src=\"https:\/\/www.intekview.com\/wp-content\/uploads\/2024\/07\/KT1030-4-FR.jpg\" alt=\"\" width=\"970\" height=\"300\" srcset=\"https:\/\/www.intekview.com\/wp-content\/uploads\/2024\/07\/KT1030-4-FR.jpg 970w, https:\/\/www.intekview.com\/wp-content\/uploads\/2024\/07\/KT1030-4-FR-400x124.jpg 400w, https:\/\/www.intekview.com\/wp-content\/uploads\/2024\/07\/KT1030-4-FR-768x238.jpg 768w, https:\/\/www.intekview.com\/wp-content\/uploads\/2024\/07\/KT1030-4-FR-860x266.jpg 860w, https:\/\/www.intekview.com\/wp-content\/uploads\/2024\/07\/KT1030-4-FR-430x133.jpg 430w, https:\/\/www.intekview.com\/wp-content\/uploads\/2024\/07\/KT1030-4-FR-700x216.jpg 700w, https:\/\/www.intekview.com\/wp-content\/uploads\/2024\/07\/KT1030-4-FR-150x46.jpg 150w\" sizes=\"(max-width: 970px) 100vw, 970px\" \/><br \/><img loading=\"lazy\" decoding=\"async\" class=\"alignnone wp-image-18338 size-full\" src=\"https:\/\/www.intekview.com\/wp-content\/uploads\/2024\/07\/KT1030-5.jpg\" alt=\"\" width=\"970\" height=\"599\" srcset=\"https:\/\/www.intekview.com\/wp-content\/uploads\/2024\/07\/KT1030-5.jpg 970w, https:\/\/www.intekview.com\/wp-content\/uploads\/2024\/07\/KT1030-5-400x247.jpg 400w, https:\/\/www.intekview.com\/wp-content\/uploads\/2024\/07\/KT1030-5-768x474.jpg 768w, https:\/\/www.intekview.com\/wp-content\/uploads\/2024\/07\/KT1030-5-860x531.jpg 860w, https:\/\/www.intekview.com\/wp-content\/uploads\/2024\/07\/KT1030-5-430x266.jpg 430w, https:\/\/www.intekview.com\/wp-content\/uploads\/2024\/07\/KT1030-5-700x432.jpg 700w, https:\/\/www.intekview.com\/wp-content\/uploads\/2024\/07\/KT1030-5-150x93.jpg 150w\" sizes=\"(max-width: 970px) 100vw, 970px\" \/><\/p>\n\t\t\t\t\t<\/div>\n\t\t\t\t\t\t<\/div>\n\t\t\t\t<\/div>\n\t\t\t\t\t<\/div>\n\t\t<\/div>\n\t\t\t\t\t<\/div>\n\t\t<\/section>\n\t\t\t\t<\/div>\n\t\t","protected":false},"excerpt":{"rendered":"<p>Nous vous pr\u00e9sentons notre plateau \u00e0 clavier r\u00e9volutionnaire Kt1030, con\u00e7u pour fournir la solution ergonomique ultime pour votre espace de travail. Notre plateau est le compl\u00e9ment id\u00e9al de tout bureau, vous permettant de travailler dans une position confortable et s\u00fbre pendant des p\u00e9riodes prolong\u00e9es.<\/p>\n","protected":false},"featured_media":15561,"template":"","meta":[],"product_brand":[],"product_cat":[110,112,111],"product_tag":[],"class_list":{"0":"post-15783","1":"product","2":"type-product","3":"status-publish","4":"has-post-thumbnail","6":"product_cat-accessoires-ergonomiques","7":"product_cat-droitier","8":"product_cat-plateaux-a-clavier","10":"first","11":"instock","12":"shipping-taxable","13":"product-type-grouped"},"_links":{"self":[{"href":"https:\/\/www.intekview.com\/fr\/wp-json\/wp\/v2\/product\/15783","targetHints":{"allow":["GET"]}}],"collection":[{"href":"https:\/\/www.intekview.com\/fr\/wp-json\/wp\/v2\/product"}],"about":[{"href":"https:\/\/www.intekview.com\/fr\/wp-json\/wp\/v2\/types\/product"}],"version-history":[{"count":4,"href":"https:\/\/www.intekview.com\/fr\/wp-json\/wp\/v2\/product\/15783\/revisions"}],"predecessor-version":[{"id":18348,"href":"https:\/\/www.intekview.com\/fr\/wp-json\/wp\/v2\/product\/15783\/revisions\/18348"}],"wp:featuredmedia":[{"embeddable":true,"href":"https:\/\/www.intekview.com\/fr\/wp-json\/wp\/v2\/media\/15561"}],"wp:attachment":[{"href":"https:\/\/www.intekview.com\/fr\/wp-json\/wp\/v2\/media?parent=15783"}],"wp:term":[{"taxonomy":"product_brand","embeddable":true,"href":"https:\/\/www.intekview.com\/fr\/wp-json\/wp\/v2\/product_brand?post=15783"},{"taxonomy":"product_cat","embeddable":true,"href":"https:\/\/www.intekview.com\/fr\/wp-json\/wp\/v2\/product_cat?post=15783"},{"taxonomy":"product_tag","embeddable":true,"href":"https:\/\/www.intekview.com\/fr\/wp-json\/wp\/v2\/product_tag?post=15783"}],"curies":[{"name":"wp","href":"https:\/\/api.w.org\/{rel}","templated":true}]}}