{"id":15779,"date":"2023-03-10T20:33:02","date_gmt":"2023-03-10T20:33:02","guid":{"rendered":"https:\/\/www.intekview.com\/product\/support-decouteurs-de-bureau-mince-en-aluminium-hs100\/"},"modified":"2024-07-22T18:56:35","modified_gmt":"2024-07-22T18:56:35","slug":"support-decouteurs-de-bureau-mince-en-aluminium-hs100","status":"publish","type":"product","link":"https:\/\/www.intekview.com\/fr\/product\/support-decouteurs-de-bureau-mince-en-aluminium-hs100\/","title":{"rendered":"Support d&rsquo;\u00e9couteurs de bureau mince en aluminium &#8211; HS100"},"content":{"rendered":"\t\t<div data-elementor-type=\"wp-post\" data-elementor-id=\"15779\" class=\"elementor elementor-15779\">\n\t\t\t\t\t\t<section class=\"elementor-section elementor-top-section elementor-element elementor-element-5fd63dd elementor-section-content-top elementor-section-boxed elementor-section-height-default elementor-section-height-default wd-section-disabled\" data-id=\"5fd63dd\" data-element_type=\"section\" data-e-type=\"section\">\n\t\t\t\t\t\t<div class=\"elementor-container elementor-column-gap-default\">\n\t\t\t\t\t<div class=\"elementor-column elementor-col-50 elementor-top-column elementor-element elementor-element-2f78948a\" data-id=\"2f78948a\" data-element_type=\"column\" data-e-type=\"column\">\n\t\t\t<div class=\"elementor-widget-wrap elementor-element-populated\">\n\t\t\t\t\t\t<div class=\"elementor-element elementor-element-16a6f9a elementor-widget elementor-widget-wd_text_block\" data-id=\"16a6f9a\" data-element_type=\"widget\" data-e-type=\"widget\" data-widget_type=\"wd_text_block.default\">\n\t\t\t\t<div class=\"elementor-widget-container\">\n\t\t\t\t\t\t\t<div class=\"wd-text-block reset-last-child text-left\">\n\t\t\t\n\t\t\t<p class=\"product-details-code\">Code produit : HS100<\/p><div class=\"product-details-desc\"><p>Ce support pour casque est con\u00e7u pour lib\u00e9rer de l'espace sur votre bureau. Le design minimaliste contribue \u00e9galement \u00e0 d\u00e9sencombrer l'espace. L'appui-t\u00eate en silicone emp\u00eache les \u00e9couteurs de glisser et prot\u00e8ge le bandeau contre les dommages. Les patins en silicone antid\u00e9rapants situ\u00e9s sous la base assurent la stabilit\u00e9 du support. Vous pouvez penser que le support pour \u00e9couteurs n'est pas important, mais il vous permet de tout organiser.<\/p><p>Caract\u00e9ristiques : <\/p><ul><li>Coussinets antid\u00e9rapants en silicone (sous la base) : assurent la stabilit\u00e9 et prot\u00e8gent la surface des rayures.<\/li><li>Construction l\u00e9g\u00e8re en aluminium : pour une allure \u00e9l\u00e9gante et plus l\u00e9g\u00e8re.<\/li><li>Appui-t\u00eate en silicone : prot\u00e8ge le bandeau et l'emp\u00eache de glisser<\/li><\/ul><\/div>\n\t\t\t\t\t<\/div>\n\t\t\t\t\t\t<\/div>\n\t\t\t\t<\/div>\n\t\t\t\t<div class=\"elementor-element elementor-element-f13b266 elementor-widget elementor-widget-wd_button\" data-id=\"f13b266\" data-element_type=\"widget\" data-e-type=\"widget\" data-widget_type=\"wd_button.default\">\n\t\t\t\t<div class=\"elementor-widget-container\">\n\t\t\t\t\t\t\t<div class=\"wd-button-wrapper text-center\" >\n\t\t\t<a class=\"btn btn-style-default btn-style-rectangle btn-size-default btn-color-default btn-icon-pos-right\"  href=\"https:\/\/heyzine.com\/flip-book\/66c6e1b9d7.html\">\n\t\t\t\t<span class=\"wd-btn-text\" data-elementor-setting-key=\"text\">\n\t\t\t\t\tT\u00e9l\u00e9charger la brochure\t\t\t\t<\/span>\n\n\t\t\t\t\t\t\t<\/a>\n\t\t<\/div>\n\t\t\t\t\t\t<\/div>\n\t\t\t\t<\/div>\n\t\t\t\t\t<\/div>\n\t\t<\/div>\n\t\t\t\t<div class=\"elementor-column elementor-col-50 elementor-top-column elementor-element elementor-element-7aae7afc\" data-id=\"7aae7afc\" data-element_type=\"column\" data-e-type=\"column\">\n\t\t\t<div class=\"elementor-widget-wrap elementor-element-populated\">\n\t\t\t\t\t\t<section class=\"elementor-section elementor-inner-section elementor-element elementor-element-5d73c59 elementor-section-boxed elementor-section-height-default elementor-section-height-default wd-section-disabled\" data-id=\"5d73c59\" data-element_type=\"section\" data-e-type=\"section\">\n\t\t\t\t\t\t<div class=\"elementor-container elementor-column-gap-default\">\n\t\t\t\t\t<div class=\"elementor-column elementor-col-50 elementor-inner-column elementor-element elementor-element-3c96e03\" data-id=\"3c96e03\" data-element_type=\"column\" data-e-type=\"column\">\n\t\t\t<div class=\"elementor-widget-wrap elementor-element-populated\">\n\t\t\t\t\t\t<div class=\"elementor-element elementor-element-e743a52 elementor-widget elementor-widget-wd_infobox\" data-id=\"e743a52\" data-element_type=\"widget\" data-e-type=\"widget\" data-widget_type=\"wd_infobox.default\">\n\t\t\t\t<div class=\"elementor-widget-container\">\n\t\t\t\t\t\t\t<div class=\"info-box-wrapper\">\n\t\t\t<div class=\"wd-info-box text-center box-icon-align-top box-style-base color-scheme- cursor-pointer\" onclick=\"window.location.href='#'\">\n\t\t\t\t\t\t\t\t\t<div class=\"box-icon-wrapper  box-with-icon box-icon-simple\">\n\t\t\t\t\t\t<div class=\"info-box-icon\">\n\t\t\t\t\t\t\t\t\t\t\t\t\t\t\t<img decoding=\"async\" src=\"https:\/\/www.intekview.com\/wp-content\/uploads\/elementor\/thumbs\/icone_materiaux-q55q1avj9tko01kiyxsc7e6b4p6chbze1se5vewyus.png\" title=\"icone_mate\u0301riaux\" alt=\"icone_mate\u0301riaux\" loading=\"lazy\" \/>\t\t\t\t\t\t\t\t\t\t\t\t\t<\/div>\n\t\t\t\t\t<\/div>\n\t\t\t\t\n\t\t\t\t<div class=\"info-box-content\">\n\t\t\t\t\t\n\t\t\t\t\t\t\t\t\t\t\t<h4\t\t\t\t\t\tclass=\"info-box-title title box-title-style-default wd-fontsize-s\" data-elementor-setting-key=\"title\">\n\t\t\t\t\t\t\t\tMat\u00e9riaux\t\t\t\t\t\t<\/h4>\n\t\t\t\t\t\n\t\t\t\t\t<div class=\"info-box-inner set-cont-mb-s reset-last-child\"\n\t\t\t\t\t\t data-elementor-setting-key=\"content\">\n\t\t\t\t\t\t<p style=\"text-align: center;\">Aluminium argent<br \/>Silicone noir<\/p>\n\t\t\t\t\t<\/div>\n\t\n\t\t\t\t\t\t\t\t\t<\/div>\n\t\t\t<\/div>\n\t\t<\/div>\n\t\t\t\t\t\t<\/div>\n\t\t\t\t<\/div>\n\t\t\t\t\t<\/div>\n\t\t<\/div>\n\t\t\t\t<div class=\"elementor-column elementor-col-50 elementor-inner-column elementor-element elementor-element-816e993\" data-id=\"816e993\" data-element_type=\"column\" data-e-type=\"column\">\n\t\t\t<div class=\"elementor-widget-wrap elementor-element-populated\">\n\t\t\t\t\t\t<div class=\"elementor-element elementor-element-ad16efc elementor-widget elementor-widget-wd_infobox\" data-id=\"ad16efc\" data-element_type=\"widget\" data-e-type=\"widget\" data-widget_type=\"wd_infobox.default\">\n\t\t\t\t<div class=\"elementor-widget-container\">\n\t\t\t\t\t\t\t<div class=\"info-box-wrapper\">\n\t\t\t<div class=\"wd-info-box text-center box-icon-align-top box-style-base color-scheme- cursor-pointer\" onclick=\"window.location.href='#'\">\n\t\t\t\t\t\t\t\t\t<div class=\"box-icon-wrapper  box-with-icon box-icon-simple\">\n\t\t\t\t\t\t<div class=\"info-box-icon\">\n\t\t\t\t\t\t\t\t\t\t\t\t\t\t\t<img decoding=\"async\" src=\"https:\/\/www.intekview.com\/wp-content\/uploads\/elementor\/thumbs\/icone_dimension-clavier-q5cehpvuuzk0w3n3kq06uz6bm6srp9cw72ogs7ykc4.png\" title=\"icone_dimension-clavier.png\" alt=\"icone_dimension-clavier.png\" loading=\"lazy\" \/>\t\t\t\t\t\t\t\t\t\t\t\t\t<\/div>\n\t\t\t\t\t<\/div>\n\t\t\t\t\n\t\t\t\t<div class=\"info-box-content\">\n\t\t\t\t\t\n\t\t\t\t\t\t\t\t\t\t\t<h4\t\t\t\t\t\tclass=\"info-box-title title box-title-style-default wd-fontsize-s\" data-elementor-setting-key=\"title\">\n\t\t\t\t\t\t\t\tDimensions\t\t\t\t\t\t<\/h4>\n\t\t\t\t\t\n\t\t\t\t\t<div class=\"info-box-inner set-cont-mb-s reset-last-child\"\n\t\t\t\t\t\t data-elementor-setting-key=\"content\">\n\t\t\t\t\t\t<div class=\"page\" title=\"Page 1\">\n<div class=\"section\">\n<div class=\"layoutArea\">\n<div class=\"column\">\n<p>3.9\" x 3.9\" x 10.9\"<\/p>\n<\/div>\n<\/div>\n<\/div>\n<\/div>\n\t\t\t\t\t<\/div>\n\t\n\t\t\t\t\t\t\t\t\t<\/div>\n\t\t\t<\/div>\n\t\t<\/div>\n\t\t\t\t\t\t<\/div>\n\t\t\t\t<\/div>\n\t\t\t\t\t<\/div>\n\t\t<\/div>\n\t\t\t\t\t<\/div>\n\t\t<\/section>\n\t\t\t\t<div class=\"elementor-element elementor-element-1b2e535 elementor-widget elementor-widget-image\" data-id=\"1b2e535\" data-element_type=\"widget\" data-e-type=\"widget\" data-widget_type=\"image.default\">\n\t\t\t\t<div class=\"elementor-widget-container\">\n\t\t\t\t\t\t\t\t\t\t\t\t\t\t\t<img fetchpriority=\"high\" decoding=\"async\" width=\"729\" height=\"800\" src=\"https:\/\/www.intekview.com\/wp-content\/uploads\/2023\/04\/HS100-HPS01-1-line-drawing-729x800.png\" class=\"attachment-large size-large wp-image-16198\" alt=\"\" srcset=\"https:\/\/www.intekview.com\/wp-content\/uploads\/2023\/04\/HS100-HPS01-1-line-drawing-729x800.png 729w, https:\/\/www.intekview.com\/wp-content\/uploads\/2023\/04\/HS100-HPS01-1-line-drawing-273x300.png 273w, https:\/\/www.intekview.com\/wp-content\/uploads\/2023\/04\/HS100-HPS01-1-line-drawing-768x843.png 768w, https:\/\/www.intekview.com\/wp-content\/uploads\/2023\/04\/HS100-HPS01-1-line-drawing-860x944.png 860w, https:\/\/www.intekview.com\/wp-content\/uploads\/2023\/04\/HS100-HPS01-1-line-drawing-430x472.png 430w, https:\/\/www.intekview.com\/wp-content\/uploads\/2023\/04\/HS100-HPS01-1-line-drawing-700x768.png 700w, https:\/\/www.intekview.com\/wp-content\/uploads\/2023\/04\/HS100-HPS01-1-line-drawing-150x165.png 150w, https:\/\/www.intekview.com\/wp-content\/uploads\/2023\/04\/HS100-HPS01-1-line-drawing.png 957w\" sizes=\"(max-width: 729px) 100vw, 729px\" \/>\t\t\t\t\t\t\t\t\t\t\t\t\t\t\t<\/div>\n\t\t\t\t<\/div>\n\t\t\t\t\t<\/div>\n\t\t<\/div>\n\t\t\t\t\t<\/div>\n\t\t<\/section>\n\t\t\t\t<section class=\"elementor-section elementor-top-section elementor-element elementor-element-c59c1e1 elementor-section-content-top elementor-section-boxed elementor-section-height-default elementor-section-height-default wd-section-disabled\" data-id=\"c59c1e1\" data-element_type=\"section\" data-e-type=\"section\">\n\t\t\t\t\t\t<div class=\"elementor-container elementor-column-gap-default\">\n\t\t\t\t\t<div class=\"elementor-column elementor-col-100 elementor-top-column elementor-element elementor-element-c097356\" data-id=\"c097356\" data-element_type=\"column\" data-e-type=\"column\">\n\t\t\t<div class=\"elementor-widget-wrap elementor-element-populated\">\n\t\t\t\t\t\t<div class=\"elementor-element elementor-element-53eca2a elementor-widget elementor-widget-wd_text_block\" data-id=\"53eca2a\" data-element_type=\"widget\" data-e-type=\"widget\" data-widget_type=\"wd_text_block.default\">\n\t\t\t\t<div class=\"elementor-widget-container\">\n\t\t\t\t\t\t\t<div class=\"wd-text-block reset-last-child text-center\">\n\t\t\t\n\t\t\t<p><img decoding=\"async\" class=\"alignnone wp-image-18330 size-full\" src=\"https:\/\/www.intekview.com\/wp-content\/uploads\/2024\/07\/HS100-1-1.jpg\" alt=\"\" width=\"970\" height=\"600\" srcset=\"https:\/\/www.intekview.com\/wp-content\/uploads\/2024\/07\/HS100-1-1.jpg 970w, https:\/\/www.intekview.com\/wp-content\/uploads\/2024\/07\/HS100-1-1-400x247.jpg 400w, https:\/\/www.intekview.com\/wp-content\/uploads\/2024\/07\/HS100-1-1-768x475.jpg 768w, https:\/\/www.intekview.com\/wp-content\/uploads\/2024\/07\/HS100-1-1-860x532.jpg 860w, https:\/\/www.intekview.com\/wp-content\/uploads\/2024\/07\/HS100-1-1-430x266.jpg 430w, https:\/\/www.intekview.com\/wp-content\/uploads\/2024\/07\/HS100-1-1-700x433.jpg 700w, https:\/\/www.intekview.com\/wp-content\/uploads\/2024\/07\/HS100-1-1-150x93.jpg 150w\" sizes=\"(max-width: 970px) 100vw, 970px\" \/><br \/><img decoding=\"async\" class=\"alignnone wp-image-18328 size-full\" src=\"https:\/\/www.intekview.com\/wp-content\/uploads\/2024\/07\/HS100-2.jpg\" alt=\"\" width=\"970\" height=\"300\" srcset=\"https:\/\/www.intekview.com\/wp-content\/uploads\/2024\/07\/HS100-2.jpg 970w, https:\/\/www.intekview.com\/wp-content\/uploads\/2024\/07\/HS100-2-400x124.jpg 400w, https:\/\/www.intekview.com\/wp-content\/uploads\/2024\/07\/HS100-2-768x238.jpg 768w, https:\/\/www.intekview.com\/wp-content\/uploads\/2024\/07\/HS100-2-860x266.jpg 860w, https:\/\/www.intekview.com\/wp-content\/uploads\/2024\/07\/HS100-2-430x133.jpg 430w, https:\/\/www.intekview.com\/wp-content\/uploads\/2024\/07\/HS100-2-700x216.jpg 700w, https:\/\/www.intekview.com\/wp-content\/uploads\/2024\/07\/HS100-2-150x46.jpg 150w\" sizes=\"(max-width: 970px) 100vw, 970px\" \/><br \/><img loading=\"lazy\" decoding=\"async\" class=\"alignnone wp-image-18326 size-full\" src=\"https:\/\/www.intekview.com\/wp-content\/uploads\/2024\/07\/HS100-3.jpg\" alt=\"\" width=\"970\" height=\"602\" srcset=\"https:\/\/www.intekview.com\/wp-content\/uploads\/2024\/07\/HS100-3.jpg 970w, https:\/\/www.intekview.com\/wp-content\/uploads\/2024\/07\/HS100-3-400x248.jpg 400w, https:\/\/www.intekview.com\/wp-content\/uploads\/2024\/07\/HS100-3-768x477.jpg 768w, https:\/\/www.intekview.com\/wp-content\/uploads\/2024\/07\/HS100-3-860x534.jpg 860w, https:\/\/www.intekview.com\/wp-content\/uploads\/2024\/07\/HS100-3-430x267.jpg 430w, https:\/\/www.intekview.com\/wp-content\/uploads\/2024\/07\/HS100-3-700x434.jpg 700w, https:\/\/www.intekview.com\/wp-content\/uploads\/2024\/07\/HS100-3-150x93.jpg 150w\" sizes=\"(max-width: 970px) 100vw, 970px\" \/><br \/><img loading=\"lazy\" decoding=\"async\" class=\"alignnone wp-image-18324 size-full\" src=\"https:\/\/www.intekview.com\/wp-content\/uploads\/2024\/07\/HS100-4.jpg\" alt=\"\" width=\"970\" height=\"301\" srcset=\"https:\/\/www.intekview.com\/wp-content\/uploads\/2024\/07\/HS100-4.jpg 970w, https:\/\/www.intekview.com\/wp-content\/uploads\/2024\/07\/HS100-4-400x124.jpg 400w, https:\/\/www.intekview.com\/wp-content\/uploads\/2024\/07\/HS100-4-768x238.jpg 768w, https:\/\/www.intekview.com\/wp-content\/uploads\/2024\/07\/HS100-4-860x267.jpg 860w, https:\/\/www.intekview.com\/wp-content\/uploads\/2024\/07\/HS100-4-430x133.jpg 430w, https:\/\/www.intekview.com\/wp-content\/uploads\/2024\/07\/HS100-4-700x217.jpg 700w, https:\/\/www.intekview.com\/wp-content\/uploads\/2024\/07\/HS100-4-150x47.jpg 150w\" sizes=\"(max-width: 970px) 100vw, 970px\" \/><br \/><img loading=\"lazy\" decoding=\"async\" class=\"alignnone wp-image-18322 size-full\" src=\"https:\/\/www.intekview.com\/wp-content\/uploads\/2024\/07\/HS100-5.jpg\" alt=\"\" width=\"970\" height=\"602\" srcset=\"https:\/\/www.intekview.com\/wp-content\/uploads\/2024\/07\/HS100-5.jpg 970w, https:\/\/www.intekview.com\/wp-content\/uploads\/2024\/07\/HS100-5-400x248.jpg 400w, https:\/\/www.intekview.com\/wp-content\/uploads\/2024\/07\/HS100-5-768x477.jpg 768w, https:\/\/www.intekview.com\/wp-content\/uploads\/2024\/07\/HS100-5-860x534.jpg 860w, https:\/\/www.intekview.com\/wp-content\/uploads\/2024\/07\/HS100-5-430x267.jpg 430w, https:\/\/www.intekview.com\/wp-content\/uploads\/2024\/07\/HS100-5-700x434.jpg 700w, https:\/\/www.intekview.com\/wp-content\/uploads\/2024\/07\/HS100-5-150x93.jpg 150w\" sizes=\"(max-width: 970px) 100vw, 970px\" \/><\/p>\n\t\t\t\t\t<\/div>\n\t\t\t\t\t\t<\/div>\n\t\t\t\t<\/div>\n\t\t\t\t\t<\/div>\n\t\t<\/div>\n\t\t\t\t\t<\/div>\n\t\t<\/section>\n\t\t\t\t<\/div>\n\t\t","protected":false},"excerpt":{"rendered":"<p>Voici le HS100 &#8211; un porte-casque en m\u00e9tal, \u00e9l\u00e9gant et durable, con\u00e7u pour que votre bureau soit organis\u00e9 et sans encombrement. Le HS100 est l&rsquo;accessoire id\u00e9al pour les entreprises, les m\u00e9lomanes et tous ceux qui utilisent r\u00e9guli\u00e8rement un casque.<\/p>\n","protected":false},"featured_media":15553,"template":"","meta":[],"product_brand":[],"product_cat":[103,118],"product_tag":[],"class_list":{"0":"post-15779","1":"product","2":"type-product","3":"status-publish","4":"has-post-thumbnail","6":"product_cat-accessoires-informatiques","7":"product_cat-autres","9":"first","10":"instock","11":"shipping-taxable","12":"purchasable","13":"product-type-variable"},"_links":{"self":[{"href":"https:\/\/www.intekview.com\/fr\/wp-json\/wp\/v2\/product\/15779","targetHints":{"allow":["GET"]}}],"collection":[{"href":"https:\/\/www.intekview.com\/fr\/wp-json\/wp\/v2\/product"}],"about":[{"href":"https:\/\/www.intekview.com\/fr\/wp-json\/wp\/v2\/types\/product"}],"version-history":[{"count":19,"href":"https:\/\/www.intekview.com\/fr\/wp-json\/wp\/v2\/product\/15779\/revisions"}],"predecessor-version":[{"id":18677,"href":"https:\/\/www.intekview.com\/fr\/wp-json\/wp\/v2\/product\/15779\/revisions\/18677"}],"wp:featuredmedia":[{"embeddable":true,"href":"https:\/\/www.intekview.com\/fr\/wp-json\/wp\/v2\/media\/15553"}],"wp:attachment":[{"href":"https:\/\/www.intekview.com\/fr\/wp-json\/wp\/v2\/media?parent=15779"}],"wp:term":[{"taxonomy":"product_brand","embeddable":true,"href":"https:\/\/www.intekview.com\/fr\/wp-json\/wp\/v2\/product_brand?post=15779"},{"taxonomy":"product_cat","embeddable":true,"href":"https:\/\/www.intekview.com\/fr\/wp-json\/wp\/v2\/product_cat?post=15779"},{"taxonomy":"product_tag","embeddable":true,"href":"https:\/\/www.intekview.com\/fr\/wp-json\/wp\/v2\/product_tag?post=15779"}],"curies":[{"name":"wp","href":"https:\/\/api.w.org\/{rel}","templated":true}]}}