{"id":15771,"date":"2023-03-10T20:51:09","date_gmt":"2023-03-10T20:51:09","guid":{"rendered":"https:\/\/www.intekview.com\/product\/intekview-imprimante-thermique-detiquettes-multiformat-tlp100\/"},"modified":"2024-07-22T19:06:05","modified_gmt":"2024-07-22T19:06:05","slug":"intekview-imprimante-thermique-detiquettes-multiformat-tlp100","status":"publish","type":"product","link":"https:\/\/www.intekview.com\/fr\/product\/intekview-imprimante-thermique-detiquettes-multiformat-tlp100\/","title":{"rendered":"Intekview Imprimante Thermique D&rsquo;\u00e9tiquettes Multiformat &#8211; TLP100"},"content":{"rendered":"\t\t<div data-elementor-type=\"wp-post\" data-elementor-id=\"15771\" class=\"elementor elementor-15771\">\n\t\t\t\t\t\t<section class=\"elementor-section elementor-top-section elementor-element elementor-element-5fd63dd elementor-section-content-top elementor-section-boxed elementor-section-height-default elementor-section-height-default wd-section-disabled\" data-id=\"5fd63dd\" data-element_type=\"section\" data-e-type=\"section\">\n\t\t\t\t\t\t<div class=\"elementor-container elementor-column-gap-default\">\n\t\t\t\t\t<div class=\"elementor-column elementor-col-50 elementor-top-column elementor-element elementor-element-2f78948a\" data-id=\"2f78948a\" data-element_type=\"column\" data-e-type=\"column\">\n\t\t\t<div class=\"elementor-widget-wrap elementor-element-populated\">\n\t\t\t\t\t\t<div class=\"elementor-element elementor-element-16a6f9a elementor-widget elementor-widget-wd_text_block\" data-id=\"16a6f9a\" data-element_type=\"widget\" data-e-type=\"widget\" data-widget_type=\"wd_text_block.default\">\n\t\t\t\t<div class=\"elementor-widget-container\">\n\t\t\t\t\t\t\t<div class=\"wd-text-block reset-last-child text-left\">\n\t\t\t\n\t\t\t<p>L'imprimante d'\u00e9tiquettes thermiques multiformat Intekview TLP100 est la solution id\u00e9ale pour r\u00e9pondre \u00e0 tous vos besoins en mati\u00e8re d'\u00e9tiquetage. Cette imprimante puissante et polyvalente prend en charge tous les types d'\u00e9tiquettes, jusqu'\u00e0 4 x 6 pouces, <strong>et peut vous faire \u00e9conomiser jusqu'\u00e0 50 % sur le co\u00fbt des \u00e9tiquettes avec des rubans de qualit\u00e9 sup\u00e9rieure.<\/strong><\/p><p>Une autre caract\u00e9ristique cl\u00e9 de l'imprimante est sa capacit\u00e9 Bluetooth, qui vous permet de vous connecter et d'imprimer directement \u00e0 partir de votre appareil Android ou iOS, ce qui la rend extr\u00eamement pratique et facile \u00e0 utiliser. Gr\u00e2ce \u00e0 cette fonction, vous pouvez imprimer des \u00e9tiquettes de n'importe o\u00f9, \u00e0 n'importe quel moment, sans avoir besoin d'un ordinateur.<\/p><p>Cette imprimante compacte et facile \u00e0 utiliser est parfaite pour les entreprises et les particuliers qui ont besoin d'imprimer des \u00e9tiquettes de haute qualit\u00e9 rapidement et efficacement. Gr\u00e2ce \u00e0 sa technologie d'impression thermique avanc\u00e9e, vous pouvez \u00eatre s\u00fbr que vos \u00e9tiquettes auront un aspect professionnel et resteront lisibles pendant longtemps.<\/p><p>L'emballage contient tout ce dont vous avez besoin pour commencer \u00e0 imprimer imm\u00e9diatement, y compris un rouleau complet d'\u00e9tiquettes PREMIUM TAPE, un adaptateur d'alimentation, un c\u00e2ble d'alimentation, un c\u00e2ble USB et un guide de d\u00e9marrage rapide. Le guide de d\u00e9marrage rapide vous guidera tout au long du processus d'installation et vous aidera \u00e0 utiliser votre nouvelle imprimante en un rien de temps.<\/p><p>Ne perdez pas votre temps et votre argent avec des \u00e9tiquettes co\u00fbteuses, essayez notre imprimante d'\u00e9tiquettes thermiques multiformat d\u00e8s aujourd'hui et commencez \u00e0 \u00e9conomiser de l'argent et du temps sur vos besoins d'\u00e9tiquetage !<\/p><p>Contenu du paquet :<\/p><ul><li>Imprimante thermique d'\u00e9tiquettes multiformat<\/li><li>(1) Rouleau complet de ruban adh\u00e9sif de qualit\u00e9 sup\u00e9rieure<\/li><li>Adaptateur de courant<\/li><li>C\u00e2ble d'alimentation<\/li><li>C\u00e2ble USB<\/li><li>Guide de d\u00e9marrage rapide<\/li><\/ul>\n\t\t\t\t\t<\/div>\n\t\t\t\t\t\t<\/div>\n\t\t\t\t<\/div>\n\t\t\t\t<div class=\"elementor-element elementor-element-1085ebd elementor-widget elementor-widget-wd_button\" data-id=\"1085ebd\" data-element_type=\"widget\" data-e-type=\"widget\" data-widget_type=\"wd_button.default\">\n\t\t\t\t<div class=\"elementor-widget-container\">\n\t\t\t\t\t\t\t<div class=\"wd-button-wrapper text-center\" >\n\t\t\t<a class=\"btn btn-style-default btn-style-rectangle btn-size-default btn-color-default btn-icon-pos-right\"  href=\"https:\/\/www.intekview.com\/wp-content\/uploads\/2023\/04\/FR-TLP100-VS-DYMO5XL-final.pdf\">\n\t\t\t\t<span class=\"wd-btn-text\" data-elementor-setting-key=\"text\">\n\t\t\t\t\tComparer \u00e0 la marque populaire\t\t\t\t<\/span>\n\n\t\t\t\t\t\t\t<\/a>\n\t\t<\/div>\n\t\t\t\t\t\t<\/div>\n\t\t\t\t<\/div>\n\t\t\t\t\t<\/div>\n\t\t<\/div>\n\t\t\t\t<div class=\"elementor-column elementor-col-50 elementor-top-column elementor-element elementor-element-7aae7afc\" data-id=\"7aae7afc\" data-element_type=\"column\" data-e-type=\"column\">\n\t\t\t<div class=\"elementor-widget-wrap elementor-element-populated\">\n\t\t\t\t\t\t<div class=\"elementor-element elementor-element-5de1e73 elementor-widget elementor-widget-video\" data-id=\"5de1e73\" data-element_type=\"widget\" data-e-type=\"widget\" data-settings=\"{&quot;youtube_url&quot;:&quot;https:\\\/\\\/youtu.be\\\/ScC6U-gHAIw&quot;,&quot;autoplay&quot;:&quot;yes&quot;,&quot;mute&quot;:&quot;yes&quot;,&quot;video_type&quot;:&quot;youtube&quot;,&quot;controls&quot;:&quot;yes&quot;}\" data-widget_type=\"video.default\">\n\t\t\t\t<div class=\"elementor-widget-container\">\n\t\t\t\t\t\t\t<div class=\"elementor-wrapper elementor-open-inline\">\n\t\t\t<div class=\"elementor-video\"><\/div>\t\t<\/div>\n\t\t\t\t\t\t<\/div>\n\t\t\t\t<\/div>\n\t\t\t\t\t<\/div>\n\t\t<\/div>\n\t\t\t\t\t<\/div>\n\t\t<\/section>\n\t\t\t\t<section class=\"elementor-section elementor-top-section elementor-element elementor-element-14e6362 elementor-section-boxed elementor-section-height-default elementor-section-height-default wd-section-disabled\" data-id=\"14e6362\" data-element_type=\"section\" data-e-type=\"section\">\n\t\t\t\t\t\t<div class=\"elementor-container elementor-column-gap-default\">\n\t\t\t\t\t<div class=\"elementor-column elementor-col-100 elementor-top-column elementor-element elementor-element-cd1f203\" data-id=\"cd1f203\" data-element_type=\"column\" data-e-type=\"column\">\n\t\t\t<div class=\"elementor-widget-wrap elementor-element-populated\">\n\t\t\t\t\t\t<div class=\"elementor-element elementor-element-d4d9f4d elementor-widget elementor-widget-wd_title\" data-id=\"d4d9f4d\" data-element_type=\"widget\" data-e-type=\"widget\" data-widget_type=\"wd_title.default\">\n\t\t\t\t<div class=\"elementor-widget-container\">\n\t\t\t\t\t\t\t<div class=\"title-wrapper set-mb-s reset-last-child wd-title-color-default wd-title-style-default wd-title-size-default text-center\">\n\n\t\t\t\n\t\t\t<div class=\"liner-continer\">\n\t\t\t\t<h4 class=\"woodmart-title-container title wd-fontsize-l\">Fonctionne bien avec le ruban Premium <\/h4> \n\t\t\t\t\t\t\t<\/div>\n\n\t\t\t\t\t<\/div>\n\t\t\t\t\t\t<\/div>\n\t\t\t\t<\/div>\n\t\t\t\t\t<\/div>\n\t\t<\/div>\n\t\t\t\t\t<\/div>\n\t\t<\/section>\n\t\t\t\t<section class=\"elementor-section elementor-top-section elementor-element elementor-element-dcb0cec elementor-section-boxed elementor-section-height-default elementor-section-height-default wd-section-disabled\" data-id=\"dcb0cec\" data-element_type=\"section\" data-e-type=\"section\">\n\t\t\t\t\t\t<div class=\"elementor-container elementor-column-gap-default\">\n\t\t\t\t\t<div class=\"elementor-column elementor-col-100 elementor-top-column elementor-element elementor-element-9228c4d\" data-id=\"9228c4d\" data-element_type=\"column\" data-e-type=\"column\">\n\t\t\t<div class=\"elementor-widget-wrap elementor-element-populated\">\n\t\t\t\t\t\t<div class=\"elementor-element elementor-element-b76da6a elementor-widget elementor-widget-wd_banner\" data-id=\"b76da6a\" data-element_type=\"widget\" data-e-type=\"widget\" data-widget_type=\"wd_banner.default\">\n\t\t\t\t<div class=\"elementor-widget-container\">\n\t\t\t\t\t\t\t<div class=\"promo-banner-wrapper\">\n\t\t\t<div class=\"promo-banner banner-default banner-hover-none color-scheme- banner-btn-size-default banner-btn-style-default with-btn banner-btn-position-hover cursor-pointer\" onclick=\"window.location.href='#'\">\n\t\t\t\t<div class=\"main-wrapp-img\">\n\t\t\t\t\t<div class=\"banner-image wd-without-height\">\n\t\t\t\t\t\t\t\t\t\t\t\t\t<img fetchpriority=\"high\" decoding=\"async\" width=\"1170\" height=\"488\" src=\"https:\/\/www.intekview.com\/wp-content\/uploads\/2023\/03\/banniere_premiumtape_EN_23062020.jpg\" class=\"attachment-2048x2048 size-2048x2048 wp-image-14994\" alt=\"\" srcset=\"https:\/\/www.intekview.com\/wp-content\/uploads\/2023\/03\/banniere_premiumtape_EN_23062020.jpg 1170w, https:\/\/www.intekview.com\/wp-content\/uploads\/2023\/03\/banniere_premiumtape_EN_23062020-400x167.jpg 400w, https:\/\/www.intekview.com\/wp-content\/uploads\/2023\/03\/banniere_premiumtape_EN_23062020-768x320.jpg 768w, https:\/\/www.intekview.com\/wp-content\/uploads\/2023\/03\/banniere_premiumtape_EN_23062020-860x359.jpg 860w, https:\/\/www.intekview.com\/wp-content\/uploads\/2023\/03\/banniere_premiumtape_EN_23062020-430x179.jpg 430w, https:\/\/www.intekview.com\/wp-content\/uploads\/2023\/03\/banniere_premiumtape_EN_23062020-700x292.jpg 700w, https:\/\/www.intekview.com\/wp-content\/uploads\/2023\/03\/banniere_premiumtape_EN_23062020-150x63.jpg 150w\" sizes=\"(max-width: 1170px) 100vw, 1170px\" \/>\t\t\t\t\t\t\t\t\t\t\t<\/div>\n\t\t\t\t<\/div>\n\n\t\t\t\t<div class=\"wrapper-content-banner wd-fill wd-items-top wd-justify-left\">\n\t\t\t\t\t<div class=\"content-banner text-left\">\n\t\t\t\t\t\t<div class=\"banner-title-wrap\">\n\t\t\t\t\t\t\t\n\t\t\t\t\t\t\t\t\t\t\t\t\t<\/div>\n\n\t\t\t\t\t\t\n\t\t\t\t\t\t\t\t\t\t\t\t\t<div class=\"banner-btn-wrapper\">\n\t\t\t\t\t\t\t\t\t\t<div class=\"wd-button-wrapper text-left\" >\n\t\t\t<a class=\"btn btn-style-default btn-style-rectangle btn-size-default btn-color-default btn-icon-pos-right\" >\n\t\t\t\t<span class=\"wd-btn-text\" data-elementor-setting-key=\"text\">\n\t\t\t\t\tEn savoir plus\t\t\t\t<\/span>\n\n\t\t\t\t\t\t\t<\/a>\n\t\t<\/div>\n\t\t\t\t\t\t\t\t\t<\/div>\n\t\t\t\t\t\t\t\t\t\t\t<\/div>\n\t\t\t\t<\/div>\n\t\t\t<\/div>\n\t\t<\/div>\n\t\t\t\t\t\t<\/div>\n\t\t\t\t<\/div>\n\t\t\t\t\t<\/div>\n\t\t<\/div>\n\t\t\t\t\t<\/div>\n\t\t<\/section>\n\t\t\t\t<section class=\"elementor-section elementor-top-section elementor-element elementor-element-747fb2a elementor-section-boxed elementor-section-height-default elementor-section-height-default wd-section-disabled\" data-id=\"747fb2a\" data-element_type=\"section\" data-e-type=\"section\">\n\t\t\t\t\t\t<div class=\"elementor-container elementor-column-gap-default\">\n\t\t\t\t\t<div class=\"elementor-column elementor-col-100 elementor-top-column elementor-element elementor-element-cd30310\" data-id=\"cd30310\" data-element_type=\"column\" data-e-type=\"column\">\n\t\t\t<div class=\"elementor-widget-wrap elementor-element-populated\">\n\t\t\t\t\t\t<div class=\"elementor-element elementor-element-7aa4c3b text-center color-scheme-inherit elementor-widget elementor-widget-text-editor\" data-id=\"7aa4c3b\" data-element_type=\"widget\" data-e-type=\"widget\" data-widget_type=\"text-editor.default\">\n\t\t\t\t<div class=\"elementor-widget-container\">\n\t\t\t\t\t\t\t\t\t<p><img decoding=\"async\" class=\"alignnone wp-image-18295 size-full\" src=\"https:\/\/www.intekview.com\/wp-content\/uploads\/2024\/07\/TLP100-1.jpg\" alt=\"\" width=\"970\" height=\"600\" srcset=\"https:\/\/www.intekview.com\/wp-content\/uploads\/2024\/07\/TLP100-1.jpg 970w, https:\/\/www.intekview.com\/wp-content\/uploads\/2024\/07\/TLP100-1-400x247.jpg 400w, https:\/\/www.intekview.com\/wp-content\/uploads\/2024\/07\/TLP100-1-768x475.jpg 768w, https:\/\/www.intekview.com\/wp-content\/uploads\/2024\/07\/TLP100-1-860x532.jpg 860w, https:\/\/www.intekview.com\/wp-content\/uploads\/2024\/07\/TLP100-1-430x266.jpg 430w, https:\/\/www.intekview.com\/wp-content\/uploads\/2024\/07\/TLP100-1-700x433.jpg 700w, https:\/\/www.intekview.com\/wp-content\/uploads\/2024\/07\/TLP100-1-150x93.jpg 150w\" sizes=\"(max-width: 970px) 100vw, 970px\" \/><br \/><img decoding=\"async\" class=\"alignnone wp-image-18303 size-full\" src=\"https:\/\/www.intekview.com\/wp-content\/uploads\/2024\/07\/TLP100-2.jpg\" alt=\"\" width=\"970\" height=\"301\" srcset=\"https:\/\/www.intekview.com\/wp-content\/uploads\/2024\/07\/TLP100-2.jpg 970w, https:\/\/www.intekview.com\/wp-content\/uploads\/2024\/07\/TLP100-2-400x124.jpg 400w, https:\/\/www.intekview.com\/wp-content\/uploads\/2024\/07\/TLP100-2-768x238.jpg 768w, https:\/\/www.intekview.com\/wp-content\/uploads\/2024\/07\/TLP100-2-860x267.jpg 860w, https:\/\/www.intekview.com\/wp-content\/uploads\/2024\/07\/TLP100-2-430x133.jpg 430w, https:\/\/www.intekview.com\/wp-content\/uploads\/2024\/07\/TLP100-2-700x217.jpg 700w, https:\/\/www.intekview.com\/wp-content\/uploads\/2024\/07\/TLP100-2-150x47.jpg 150w\" sizes=\"(max-width: 970px) 100vw, 970px\" \/><br \/><img loading=\"lazy\" decoding=\"async\" class=\"alignnone wp-image-18301 size-full\" src=\"https:\/\/www.intekview.com\/wp-content\/uploads\/2024\/07\/TLP100-3.jpg\" alt=\"\" width=\"970\" height=\"600\" srcset=\"https:\/\/www.intekview.com\/wp-content\/uploads\/2024\/07\/TLP100-3.jpg 970w, https:\/\/www.intekview.com\/wp-content\/uploads\/2024\/07\/TLP100-3-400x247.jpg 400w, https:\/\/www.intekview.com\/wp-content\/uploads\/2024\/07\/TLP100-3-768x475.jpg 768w, https:\/\/www.intekview.com\/wp-content\/uploads\/2024\/07\/TLP100-3-860x532.jpg 860w, https:\/\/www.intekview.com\/wp-content\/uploads\/2024\/07\/TLP100-3-430x266.jpg 430w, https:\/\/www.intekview.com\/wp-content\/uploads\/2024\/07\/TLP100-3-700x433.jpg 700w, https:\/\/www.intekview.com\/wp-content\/uploads\/2024\/07\/TLP100-3-150x93.jpg 150w\" sizes=\"(max-width: 970px) 100vw, 970px\" \/><br \/><img loading=\"lazy\" decoding=\"async\" class=\"alignnone wp-image-18299 size-full\" src=\"https:\/\/www.intekview.com\/wp-content\/uploads\/2024\/07\/TLP100-4.jpg\" alt=\"\" width=\"970\" height=\"301\" srcset=\"https:\/\/www.intekview.com\/wp-content\/uploads\/2024\/07\/TLP100-4.jpg 970w, https:\/\/www.intekview.com\/wp-content\/uploads\/2024\/07\/TLP100-4-400x124.jpg 400w, https:\/\/www.intekview.com\/wp-content\/uploads\/2024\/07\/TLP100-4-768x238.jpg 768w, https:\/\/www.intekview.com\/wp-content\/uploads\/2024\/07\/TLP100-4-860x267.jpg 860w, https:\/\/www.intekview.com\/wp-content\/uploads\/2024\/07\/TLP100-4-430x133.jpg 430w, https:\/\/www.intekview.com\/wp-content\/uploads\/2024\/07\/TLP100-4-700x217.jpg 700w, https:\/\/www.intekview.com\/wp-content\/uploads\/2024\/07\/TLP100-4-150x47.jpg 150w\" sizes=\"(max-width: 970px) 100vw, 970px\" \/><br \/><img loading=\"lazy\" decoding=\"async\" class=\"alignnone wp-image-18297 size-full\" src=\"https:\/\/www.intekview.com\/wp-content\/uploads\/2024\/07\/TLP100-5.jpg\" alt=\"\" width=\"970\" height=\"600\" srcset=\"https:\/\/www.intekview.com\/wp-content\/uploads\/2024\/07\/TLP100-5.jpg 970w, https:\/\/www.intekview.com\/wp-content\/uploads\/2024\/07\/TLP100-5-400x247.jpg 400w, https:\/\/www.intekview.com\/wp-content\/uploads\/2024\/07\/TLP100-5-768x475.jpg 768w, https:\/\/www.intekview.com\/wp-content\/uploads\/2024\/07\/TLP100-5-860x532.jpg 860w, https:\/\/www.intekview.com\/wp-content\/uploads\/2024\/07\/TLP100-5-430x266.jpg 430w, https:\/\/www.intekview.com\/wp-content\/uploads\/2024\/07\/TLP100-5-700x433.jpg 700w, https:\/\/www.intekview.com\/wp-content\/uploads\/2024\/07\/TLP100-5-150x93.jpg 150w\" sizes=\"(max-width: 970px) 100vw, 970px\" \/><\/p>\t\t\t\t\t\t\t\t<\/div>\n\t\t\t\t<\/div>\n\t\t\t\t\t<\/div>\n\t\t<\/div>\n\t\t\t\t\t<\/div>\n\t\t<\/section>\n\t\t\t\t<\/div>\n\t\t","protected":false},"excerpt":{"rendered":"<p>L&rsquo;imprimante d&rsquo;\u00e9tiquettes thermiques multiformat Intekview TLP100 est la solution id\u00e9ale pour r\u00e9pondre \u00e0 tous vos besoins en mati\u00e8re d&rsquo;\u00e9tiquetage. Cette imprimante puissante et polyvalente prend en charge tous les types d&rsquo;\u00e9tiquettes, jusqu&rsquo;\u00e0 4 x 6 pouces, <strong>et peut vous faire \u00e9conomiser jusqu&rsquo;\u00e0 50 % sur le co\u00fbt des \u00e9tiquettes avec des rubans de qualit\u00e9 sup\u00e9rieure.<\/strong><\/p>\n","protected":false},"featured_media":15577,"template":"","meta":[],"product_brand":[],"product_cat":[103,128],"product_tag":[],"class_list":{"0":"post-15771","1":"product","2":"type-product","3":"status-publish","4":"has-post-thumbnail","6":"product_cat-accessoires-informatiques","7":"product_cat-impression","9":"first","10":"instock","11":"shipping-taxable","12":"purchasable","13":"product-type-variable"},"_links":{"self":[{"href":"https:\/\/www.intekview.com\/fr\/wp-json\/wp\/v2\/product\/15771","targetHints":{"allow":["GET"]}}],"collection":[{"href":"https:\/\/www.intekview.com\/fr\/wp-json\/wp\/v2\/product"}],"about":[{"href":"https:\/\/www.intekview.com\/fr\/wp-json\/wp\/v2\/types\/product"}],"version-history":[{"count":15,"href":"https:\/\/www.intekview.com\/fr\/wp-json\/wp\/v2\/product\/15771\/revisions"}],"predecessor-version":[{"id":18683,"href":"https:\/\/www.intekview.com\/fr\/wp-json\/wp\/v2\/product\/15771\/revisions\/18683"}],"wp:featuredmedia":[{"embeddable":true,"href":"https:\/\/www.intekview.com\/fr\/wp-json\/wp\/v2\/media\/15577"}],"wp:attachment":[{"href":"https:\/\/www.intekview.com\/fr\/wp-json\/wp\/v2\/media?parent=15771"}],"wp:term":[{"taxonomy":"product_brand","embeddable":true,"href":"https:\/\/www.intekview.com\/fr\/wp-json\/wp\/v2\/product_brand?post=15771"},{"taxonomy":"product_cat","embeddable":true,"href":"https:\/\/www.intekview.com\/fr\/wp-json\/wp\/v2\/product_cat?post=15771"},{"taxonomy":"product_tag","embeddable":true,"href":"https:\/\/www.intekview.com\/fr\/wp-json\/wp\/v2\/product_tag?post=15771"}],"curies":[{"name":"wp","href":"https:\/\/api.w.org\/{rel}","templated":true}]}}