{"id":15755,"date":"2023-03-13T16:43:21","date_gmt":"2023-03-13T16:43:21","guid":{"rendered":"https:\/\/www.intekview.com\/product\/plateau-a-clavier-reglable-sous-le-bureau-kt1035l\/"},"modified":"2024-07-22T19:43:50","modified_gmt":"2024-07-22T19:43:50","slug":"plateau-a-clavier-reglable-sous-le-bureau-kt1035l","status":"publish","type":"product","link":"https:\/\/www.intekview.com\/fr\/product\/plateau-a-clavier-reglable-sous-le-bureau-kt1035l\/","title":{"rendered":"Plateau \u00e0 clavier r\u00e9glable sous le bureau &#8211; KT1035L"},"content":{"rendered":"\t\t<div data-elementor-type=\"wp-post\" data-elementor-id=\"15755\" class=\"elementor elementor-15755\">\n\t\t\t\t\t\t<section class=\"elementor-section elementor-top-section elementor-element elementor-element-4b3626ba elementor-section-content-top elementor-section-boxed elementor-section-height-default elementor-section-height-default wd-section-disabled\" data-id=\"4b3626ba\" data-element_type=\"section\" data-e-type=\"section\">\n\t\t\t\t\t\t<div class=\"elementor-container elementor-column-gap-default\">\n\t\t\t\t\t<div class=\"elementor-column elementor-col-50 elementor-top-column elementor-element elementor-element-7f5fbf69\" data-id=\"7f5fbf69\" data-element_type=\"column\" data-e-type=\"column\">\n\t\t\t<div class=\"elementor-widget-wrap elementor-element-populated\">\n\t\t\t\t\t\t<div class=\"elementor-element elementor-element-748d7c5f elementor-widget elementor-widget-wd_text_block\" data-id=\"748d7c5f\" data-element_type=\"widget\" data-e-type=\"widget\" data-widget_type=\"wd_text_block.default\">\n\t\t\t\t<div class=\"elementor-widget-container\">\n\t\t\t\t\t\t\t<div class=\"wd-text-block reset-last-child text-left\">\n\t\t\t\n\t\t\t<p class=\"product-details-code\">Code produit : KT1035L<\/p><div class=\"product-details-desc\"><p><strong>( Auparavant EINT35111LF )<\/strong><\/p><p>Le kit Summit Left Hand Keyboard Tray<br>Nouvelle version am\u00e9lior\u00e9e avec un nouveau m\u00e9canisme. Le plateau \u00e0 clavier Summit Right-Hand Sit-to-Stand comprend un m\u00e9canisme Cobra, un plateau et un repose-poignets. Avec ce kit de plateau de clavier, dont la hauteur est facilement r\u00e9glable, sans bouton ni levier de commande, votre clavier et votre souris seront toujours \u00e0 une hauteur id\u00e9ale. Vous adopterez une posture plus ergonomique, ce qui vous permettra d'\u00e9viter les probl\u00e8mes physiques tels que les TMS (troubles musculo-squelettiques) ou les microtraumatismes r\u00e9p\u00e9t\u00e9s (Repetitive Stress Injury). Sa taille et ses sp\u00e9cifications conviennent \u00e0 la plupart des postes de travail et sont indispensables pour un poste de travail plus ergonomique.<\/p><p><strong>Bras de clavier Tilt-A-Wheel Cobra\u2122 Original Mechanism<\/strong><br>Vous pouvez vous asseoir, vous tenir debout ou travailler dans une position interm\u00e9diaire. Le m\u00e9canisme Cobra\u2122 stylis\u00e9 place le clavier et la souris dans la position parfaite de l'utilisateur sur toute son impressionnante plage de r\u00e9glage en hauteur de 12\u00bd\" (317 mm). Il suffit de soulever le clavier pour le mettre en position et de le rel\u00e2cher, aucun bouton ou levier de r\u00e9glage n'est n\u00e9cessaire. Le Cobra\u2122 brille par sa capacit\u00e9 \u00e0 positionner le clavier plus pr\u00e8s du bord de votre surface de travail, plus pr\u00e8s que n'importe quel autre bras de clavier sur le march\u00e9. Les r\u00e9glages pratiques de l'inclinaison d'une seule main, +10\u00ba \/ -20\u00ba, se font rapidement et facilement en tournant la molette douce au toucher. La construction robuste du cadre en caisson offre une stabilit\u00e9 maximale du plateau de clavier d'un c\u00f4t\u00e9 \u00e0 l'autre, pour une sensation de qualit\u00e9 solide. Gr\u00e2ce \u00e0 nos conceptions brevet\u00e9es, \u00e0 nos plateaux et \u00e0 nos options de souris, il est facile d'assembler un syst\u00e8me de clavier qui offre une flexibilit\u00e9 maximale et un ajustement ergonomique personnalis\u00e9.<\/p><p>Sp\u00e9cifications du m\u00e9canisme :<\/p><ul><li>Verrouillage positif de l'inclinaison en option <\/li><li>Aucun bouton, levier ou poign\u00e9e \u00e0 cliquet n'est n\u00e9cessaire pour r\u00e9gler la hauteur ; il suffit de la soulever jusqu'\u00e0 la position souhait\u00e9e et de la rel\u00e2cher. <\/li><li>R\u00e9glage de la hauteur d'inclinaison \u00e0 l'aide d'un seul volant, sans boutons, leviers ou cliquets. <\/li><li>Construction robuste en acier avec rev\u00eatement durable en poudre textur\u00e9e noire<\/li><\/ul><p>Plateau pour clavier Sp\u00e9cifications :<\/p><ul><li>Fabriqu\u00e9 en stratifi\u00e9 massif 1\/4\" <\/li><li>Presque indestructible <\/li><li>Tapis et prot\u00e8ge-souris inclus<\/li><\/ul><p>Repose-poignets Caract\u00e9ristiques :<\/p><ul><li>Repose-poignets en mousse Ergosecure <\/li><li>Aide les poignets \u00e0 rester dans une position neutre. <\/li><li>Diminue la charge statique sur les membres sup\u00e9rieurs et le cou pendant l'utilisation du clavier <\/li><li>Dimensions : 19\" x 2 \u00bd\" Hauteur du profil de \u00bd\" \u00e0 7\/8\" <\/li><li>Recouvert de Lycra<\/li><\/ul><\/div>\n\t\t\t\t\t<\/div>\n\t\t\t\t\t\t<\/div>\n\t\t\t\t<\/div>\n\t\t\t\t\t<\/div>\n\t\t<\/div>\n\t\t\t\t<div class=\"elementor-column elementor-col-50 elementor-top-column elementor-element elementor-element-1e65c3f2\" data-id=\"1e65c3f2\" data-element_type=\"column\" data-e-type=\"column\">\n\t\t\t<div class=\"elementor-widget-wrap elementor-element-populated\">\n\t\t\t\t\t\t<section class=\"elementor-section elementor-inner-section elementor-element elementor-element-55f738ee elementor-section-content-top elementor-section-boxed elementor-section-height-default elementor-section-height-default wd-section-disabled\" data-id=\"55f738ee\" data-element_type=\"section\" data-e-type=\"section\">\n\t\t\t\t\t\t<div class=\"elementor-container elementor-column-gap-default\">\n\t\t\t\t\t<div class=\"elementor-column elementor-col-50 elementor-inner-column elementor-element elementor-element-47ceb066\" data-id=\"47ceb066\" data-element_type=\"column\" data-e-type=\"column\">\n\t\t\t<div class=\"elementor-widget-wrap elementor-element-populated\">\n\t\t\t\t\t\t<div class=\"elementor-element elementor-element-39cc72a7 elementor-widget elementor-widget-wd_infobox\" data-id=\"39cc72a7\" data-element_type=\"widget\" data-e-type=\"widget\" data-widget_type=\"wd_infobox.default\">\n\t\t\t\t<div class=\"elementor-widget-container\">\n\t\t\t\t\t\t\t<div class=\"info-box-wrapper\">\n\t\t\t<div class=\"wd-info-box text-center box-icon-align-top box-style-base color-scheme- cursor-pointer\" onclick=\"window.location.href='#'\">\n\t\t\t\t\t\t\t\t\t<div class=\"box-icon-wrapper  box-with-icon box-icon-simple\">\n\t\t\t\t\t\t<div class=\"info-box-icon\">\n\t\t\t\t\t\t\t\t\t\t\t\t\t\t\t<img decoding=\"async\" src=\"https:\/\/www.intekview.com\/wp-content\/uploads\/elementor\/thumbs\/icone_hauteur-q3bjfoxnfvyvssiultntr2coicdo5mp5xu6pfcaut0.png\" title=\"icone_hauteur\" alt=\"icone_hauteur\" loading=\"lazy\" \/>\t\t\t\t\t\t\t\t\t\t\t\t\t<\/div>\n\t\t\t\t\t<\/div>\n\t\t\t\t\n\t\t\t\t<div class=\"info-box-content\">\n\t\t\t\t\t\n\t\t\t\t\t\t\t\t\t\t\t<h4\t\t\t\t\t\tclass=\"info-box-title title box-title-style-default wd-fontsize-s\" data-elementor-setting-key=\"title\">\n\t\t\t\t\t\t\t\tAjustements possibles\t\t\t\t\t\t<\/h4>\n\t\t\t\t\t\n\t\t\t\t\t<div class=\"info-box-inner set-cont-mb-s reset-last-child\"\n\t\t\t\t\t\t data-elementor-setting-key=\"content\">\n\t\t\t\t\t\t<p>Plage de r\u00e9glage de la hauteur totale de 12\u00bd\", <br \/>7\" vers le haut ; 5\u00bd\" vers le bas <br \/>R\u00e9glage de l'angle de +10\u00b0 \u00e0 -20\u00b0 verrouillable<br \/>Rotation de 360<\/p>\n\t\t\t\t\t<\/div>\n\t\n\t\t\t\t\t\t\t\t\t<\/div>\n\t\t\t<\/div>\n\t\t<\/div>\n\t\t\t\t\t\t<\/div>\n\t\t\t\t<\/div>\n\t\t\t\t<div class=\"elementor-element elementor-element-b53dd9d elementor-widget elementor-widget-wd_infobox\" data-id=\"b53dd9d\" data-element_type=\"widget\" data-e-type=\"widget\" data-widget_type=\"wd_infobox.default\">\n\t\t\t\t<div class=\"elementor-widget-container\">\n\t\t\t\t\t\t\t<div class=\"info-box-wrapper\">\n\t\t\t<div class=\"wd-info-box text-center box-icon-align-top box-style-base color-scheme- cursor-pointer\" onclick=\"window.location.href='#'\">\n\t\t\t\t\t\t\t\t\t<div class=\"box-icon-wrapper  box-with-icon box-icon-simple\">\n\t\t\t\t\t\t<div class=\"info-box-icon\">\n\t\t\t\t\t\t\t\t\t\t\t\t\t\t\t<img decoding=\"async\" src=\"https:\/\/www.intekview.com\/wp-content\/uploads\/elementor\/thumbs\/icone_cables-q364q1a97o9z32fw2v02exehwm347wuhj9a8c5l8c4.png\" title=\"icone_cables\" alt=\"icone_cables\" loading=\"lazy\" \/>\t\t\t\t\t\t\t\t\t\t\t\t\t<\/div>\n\t\t\t\t\t<\/div>\n\t\t\t\t\n\t\t\t\t<div class=\"info-box-content\">\n\t\t\t\t\t\n\t\t\t\t\t\t\t\t\t\t\t<h4\t\t\t\t\t\tclass=\"info-box-title title box-title-style-default wd-fontsize-s\" data-elementor-setting-key=\"title\">\n\t\t\t\t\t\t\t\tGestion des c\u00e2bles\t\t\t\t\t\t<\/h4>\n\t\t\t\t\t\n\t\t\t\t\t<div class=\"info-box-inner set-cont-mb-s reset-last-child\"\n\t\t\t\t\t\t data-elementor-setting-key=\"content\">\n\t\t\t\t\t\t\t\t\t\t\t<\/div>\n\t\n\t\t\t\t\t\t\t\t\t<\/div>\n\t\t\t<\/div>\n\t\t<\/div>\n\t\t\t\t\t\t<\/div>\n\t\t\t\t<\/div>\n\t\t\t\t\t<\/div>\n\t\t<\/div>\n\t\t\t\t<div class=\"elementor-column elementor-col-50 elementor-top-column elementor-element elementor-element-22ed1721\" data-id=\"22ed1721\" data-element_type=\"column\" data-e-type=\"column\">\n\t\t\t<div class=\"elementor-widget-wrap elementor-element-populated\">\n\t\t\t\t\t\t<div class=\"elementor-element elementor-element-6828c702 elementor-widget elementor-widget-wd_infobox\" data-id=\"6828c702\" data-element_type=\"widget\" data-e-type=\"widget\" data-widget_type=\"wd_infobox.default\">\n\t\t\t\t<div class=\"elementor-widget-container\">\n\t\t\t\t\t\t\t<div class=\"info-box-wrapper\">\n\t\t\t<div class=\"wd-info-box text-center box-icon-align-top box-style-base color-scheme- cursor-pointer\" onclick=\"window.location.href='#'\">\n\t\t\t\t\t\t\t\t\t<div class=\"box-icon-wrapper  box-with-icon box-icon-simple\">\n\t\t\t\t\t\t<div class=\"info-box-icon\">\n\t\t\t\t\t\t\t\t\t\t\t\t\t\t\t<img decoding=\"async\" src=\"https:\/\/www.intekview.com\/wp-content\/uploads\/elementor\/thumbs\/icone_poids-q364qckbhopeydzi8zvl8uk118jisa39kt423h4i9g.png\" title=\"icone_poids\" alt=\"icone_poids\" loading=\"lazy\" \/>\t\t\t\t\t\t\t\t\t\t\t\t\t<\/div>\n\t\t\t\t\t<\/div>\n\t\t\t\t\n\t\t\t\t<div class=\"info-box-content\">\n\t\t\t\t\t\n\t\t\t\t\t\t\t\t\t\t\t<h4\t\t\t\t\t\tclass=\"info-box-title title box-title-style-default wd-fontsize-s\" data-elementor-setting-key=\"title\">\n\t\t\t\t\t\t\t\tCapacit\u00e9 de poids\t\t\t\t\t\t<\/h4>\n\t\t\t\t\t\n\t\t\t\t\t<div class=\"info-box-inner set-cont-mb-s reset-last-child\"\n\t\t\t\t\t\t data-elementor-setting-key=\"content\">\n\t\t\t\t\t\t<p style=\"text-align: center;\">2kg \/ 4lbs<\/p><\/p>\n\t\t\t\t\t<\/div>\n\t\n\t\t\t\t\t\t\t\t\t<\/div>\n\t\t\t<\/div>\n\t\t<\/div>\n\t\t\t\t\t\t<\/div>\n\t\t\t\t<\/div>\n\t\t\t\t<div class=\"elementor-element elementor-element-0c4bc60 elementor-widget elementor-widget-wd_infobox\" data-id=\"0c4bc60\" data-element_type=\"widget\" data-e-type=\"widget\" data-widget_type=\"wd_infobox.default\">\n\t\t\t\t<div class=\"elementor-widget-container\">\n\t\t\t\t\t\t\t<div class=\"info-box-wrapper\">\n\t\t\t<div class=\"wd-info-box text-center box-icon-align-top box-style-base color-scheme- cursor-pointer\" onclick=\"window.location.href='#'\">\n\t\t\t\t\t\t\t\t\t<div class=\"box-icon-wrapper  box-with-icon box-icon-simple\">\n\t\t\t\t\t\t<div class=\"info-box-icon\">\n\t\t\t\t\t\t\t\t\t\t\t\t\t\t\t<img decoding=\"async\" src=\"https:\/\/www.intekview.com\/wp-content\/uploads\/elementor\/thumbs\/icone_dimension-clavier-q3bnmlwsqak7uxb5d23g2zcy1gj805tpcsx7aojbsk.png\" title=\"icone_dimension-clavier\" alt=\"icone_dimension-clavier\" loading=\"lazy\" \/>\t\t\t\t\t\t\t\t\t\t\t\t\t<\/div>\n\t\t\t\t\t<\/div>\n\t\t\t\t\n\t\t\t\t<div class=\"info-box-content\">\n\t\t\t\t\t\n\t\t\t\t\t\t\t\t\t\t\t<h4\t\t\t\t\t\tclass=\"info-box-title title box-title-style-default wd-fontsize-s\" data-elementor-setting-key=\"title\">\n\t\t\t\t\t\t\t\tDimension\t\t\t\t\t\t<\/h4>\n\t\t\t\t\t\n\t\t\t\t\t<div class=\"info-box-inner set-cont-mb-s reset-last-child\"\n\t\t\t\t\t\t data-elementor-setting-key=\"content\">\n\t\t\t\t\t\t<p style=\"text-align: center;\"><strong>Plateau pour droitier 25\" x 10\" \u00be<br \/><\/strong>23\" EZ-Glide rail<\/p>\n<p style=\"text-align: center;\"><strong> <\/strong><\/p>\n\t\t\t\t\t<\/div>\n\t\n\t\t\t\t\t\t\t\t\t<\/div>\n\t\t\t<\/div>\n\t\t<\/div>\n\t\t\t\t\t\t<\/div>\n\t\t\t\t<\/div>\n\t\t\t\t\t<\/div>\n\t\t<\/div>\n\t\t\t\t\t<\/div>\n\t\t<\/section>\n\t\t\t\t\t<\/div>\n\t\t<\/div>\n\t\t\t\t\t<\/div>\n\t\t<\/section>\n\t\t\t\t<section class=\"elementor-section elementor-top-section elementor-element elementor-element-60c7cf5 elementor-section-content-top elementor-section-boxed elementor-section-height-default elementor-section-height-default wd-section-disabled\" data-id=\"60c7cf5\" data-element_type=\"section\" data-e-type=\"section\">\n\t\t\t\t\t\t<div class=\"elementor-container elementor-column-gap-default\">\n\t\t\t\t\t<div class=\"elementor-column elementor-col-100 elementor-top-column elementor-element elementor-element-7cc4062\" data-id=\"7cc4062\" data-element_type=\"column\" data-e-type=\"column\">\n\t\t\t<div class=\"elementor-widget-wrap elementor-element-populated\">\n\t\t\t\t\t\t<div class=\"elementor-element elementor-element-ff06a5c elementor-widget elementor-widget-wd_text_block\" data-id=\"ff06a5c\" data-element_type=\"widget\" data-e-type=\"widget\" data-widget_type=\"wd_text_block.default\">\n\t\t\t\t<div class=\"elementor-widget-container\">\n\t\t\t\t\t\t\t<div class=\"wd-text-block reset-last-child text-center\">\n\t\t\t\n\t\t\t<p><img fetchpriority=\"high\" decoding=\"async\" class=\"alignnone wp-image-18231 size-full\" src=\"https:\/\/www.intekview.com\/wp-content\/uploads\/2024\/07\/KT1035L-1.jpg\" alt=\"\" width=\"970\" height=\"600\" srcset=\"https:\/\/www.intekview.com\/wp-content\/uploads\/2024\/07\/KT1035L-1.jpg 970w, https:\/\/www.intekview.com\/wp-content\/uploads\/2024\/07\/KT1035L-1-400x247.jpg 400w, https:\/\/www.intekview.com\/wp-content\/uploads\/2024\/07\/KT1035L-1-768x475.jpg 768w, https:\/\/www.intekview.com\/wp-content\/uploads\/2024\/07\/KT1035L-1-860x532.jpg 860w, https:\/\/www.intekview.com\/wp-content\/uploads\/2024\/07\/KT1035L-1-430x266.jpg 430w, https:\/\/www.intekview.com\/wp-content\/uploads\/2024\/07\/KT1035L-1-700x433.jpg 700w, https:\/\/www.intekview.com\/wp-content\/uploads\/2024\/07\/KT1035L-1-150x93.jpg 150w\" sizes=\"(max-width: 970px) 100vw, 970px\" \/><br \/><img decoding=\"async\" class=\"alignnone wp-image-18239 size-full\" src=\"https:\/\/www.intekview.com\/wp-content\/uploads\/2024\/07\/KT1035L-2.jpg\" alt=\"\" width=\"970\" height=\"300\" srcset=\"https:\/\/www.intekview.com\/wp-content\/uploads\/2024\/07\/KT1035L-2.jpg 970w, https:\/\/www.intekview.com\/wp-content\/uploads\/2024\/07\/KT1035L-2-400x124.jpg 400w, https:\/\/www.intekview.com\/wp-content\/uploads\/2024\/07\/KT1035L-2-768x238.jpg 768w, https:\/\/www.intekview.com\/wp-content\/uploads\/2024\/07\/KT1035L-2-860x266.jpg 860w, https:\/\/www.intekview.com\/wp-content\/uploads\/2024\/07\/KT1035L-2-430x133.jpg 430w, https:\/\/www.intekview.com\/wp-content\/uploads\/2024\/07\/KT1035L-2-700x216.jpg 700w, https:\/\/www.intekview.com\/wp-content\/uploads\/2024\/07\/KT1035L-2-150x46.jpg 150w\" sizes=\"(max-width: 970px) 100vw, 970px\" \/><br \/><img decoding=\"async\" class=\"alignnone wp-image-18237 size-full\" src=\"https:\/\/www.intekview.com\/wp-content\/uploads\/2024\/07\/KT1035L-3.jpg\" alt=\"\" width=\"970\" height=\"599\" srcset=\"https:\/\/www.intekview.com\/wp-content\/uploads\/2024\/07\/KT1035L-3.jpg 970w, https:\/\/www.intekview.com\/wp-content\/uploads\/2024\/07\/KT1035L-3-400x247.jpg 400w, https:\/\/www.intekview.com\/wp-content\/uploads\/2024\/07\/KT1035L-3-768x474.jpg 768w, https:\/\/www.intekview.com\/wp-content\/uploads\/2024\/07\/KT1035L-3-860x531.jpg 860w, https:\/\/www.intekview.com\/wp-content\/uploads\/2024\/07\/KT1035L-3-430x266.jpg 430w, https:\/\/www.intekview.com\/wp-content\/uploads\/2024\/07\/KT1035L-3-700x432.jpg 700w, https:\/\/www.intekview.com\/wp-content\/uploads\/2024\/07\/KT1035L-3-150x93.jpg 150w\" sizes=\"(max-width: 970px) 100vw, 970px\" \/><br \/><img loading=\"lazy\" decoding=\"async\" class=\"alignnone wp-image-18235 size-full\" src=\"https:\/\/www.intekview.com\/wp-content\/uploads\/2024\/07\/KT1035L-4.jpg\" alt=\"\" width=\"970\" height=\"300\" srcset=\"https:\/\/www.intekview.com\/wp-content\/uploads\/2024\/07\/KT1035L-4.jpg 970w, https:\/\/www.intekview.com\/wp-content\/uploads\/2024\/07\/KT1035L-4-400x124.jpg 400w, https:\/\/www.intekview.com\/wp-content\/uploads\/2024\/07\/KT1035L-4-768x238.jpg 768w, https:\/\/www.intekview.com\/wp-content\/uploads\/2024\/07\/KT1035L-4-860x266.jpg 860w, https:\/\/www.intekview.com\/wp-content\/uploads\/2024\/07\/KT1035L-4-430x133.jpg 430w, https:\/\/www.intekview.com\/wp-content\/uploads\/2024\/07\/KT1035L-4-700x216.jpg 700w, https:\/\/www.intekview.com\/wp-content\/uploads\/2024\/07\/KT1035L-4-150x46.jpg 150w\" sizes=\"(max-width: 970px) 100vw, 970px\" \/><br \/><img loading=\"lazy\" decoding=\"async\" class=\"alignnone wp-image-18233 size-full\" src=\"https:\/\/www.intekview.com\/wp-content\/uploads\/2024\/07\/KT1035L-5.jpg\" alt=\"\" width=\"970\" height=\"599\" srcset=\"https:\/\/www.intekview.com\/wp-content\/uploads\/2024\/07\/KT1035L-5.jpg 970w, https:\/\/www.intekview.com\/wp-content\/uploads\/2024\/07\/KT1035L-5-400x247.jpg 400w, https:\/\/www.intekview.com\/wp-content\/uploads\/2024\/07\/KT1035L-5-768x474.jpg 768w, https:\/\/www.intekview.com\/wp-content\/uploads\/2024\/07\/KT1035L-5-860x531.jpg 860w, https:\/\/www.intekview.com\/wp-content\/uploads\/2024\/07\/KT1035L-5-430x266.jpg 430w, https:\/\/www.intekview.com\/wp-content\/uploads\/2024\/07\/KT1035L-5-700x432.jpg 700w, https:\/\/www.intekview.com\/wp-content\/uploads\/2024\/07\/KT1035L-5-150x93.jpg 150w\" sizes=\"(max-width: 970px) 100vw, 970px\" \/><\/p>\n\t\t\t\t\t<\/div>\n\t\t\t\t\t\t<\/div>\n\t\t\t\t<\/div>\n\t\t\t\t\t<\/div>\n\t\t<\/div>\n\t\t\t\t\t<\/div>\n\t\t<\/section>\n\t\t\t\t<\/div>\n\t\t","protected":false},"excerpt":{"rendered":"<p>Nous vous pr\u00e9sentons notre plateau \u00e0 clavier r\u00e9volutionnaire Kt1035L, con\u00e7u pour fournir la solution ergonomique ultime pour votre espace de travail. Notre plateau est le compl\u00e9ment id\u00e9al de tout bureau, vous permettant de travailler dans une position confortable et s\u00fbre pendant des p\u00e9riodes prolong\u00e9es.<\/p>\n","protected":false},"featured_media":15620,"template":"","meta":[],"product_brand":[],"product_cat":[110,113,111],"product_tag":[],"class_list":{"0":"post-15755","1":"product","2":"type-product","3":"status-publish","4":"has-post-thumbnail","6":"product_cat-accessoires-ergonomiques","7":"product_cat-gaucher","8":"product_cat-plateaux-a-clavier","10":"first","11":"instock","12":"shipping-taxable","13":"product-type-grouped"},"_links":{"self":[{"href":"https:\/\/www.intekview.com\/fr\/wp-json\/wp\/v2\/product\/15755","targetHints":{"allow":["GET"]}}],"collection":[{"href":"https:\/\/www.intekview.com\/fr\/wp-json\/wp\/v2\/product"}],"about":[{"href":"https:\/\/www.intekview.com\/fr\/wp-json\/wp\/v2\/types\/product"}],"version-history":[{"count":7,"href":"https:\/\/www.intekview.com\/fr\/wp-json\/wp\/v2\/product\/15755\/revisions"}],"predecessor-version":[{"id":18692,"href":"https:\/\/www.intekview.com\/fr\/wp-json\/wp\/v2\/product\/15755\/revisions\/18692"}],"wp:featuredmedia":[{"embeddable":true,"href":"https:\/\/www.intekview.com\/fr\/wp-json\/wp\/v2\/media\/15620"}],"wp:attachment":[{"href":"https:\/\/www.intekview.com\/fr\/wp-json\/wp\/v2\/media?parent=15755"}],"wp:term":[{"taxonomy":"product_brand","embeddable":true,"href":"https:\/\/www.intekview.com\/fr\/wp-json\/wp\/v2\/product_brand?post=15755"},{"taxonomy":"product_cat","embeddable":true,"href":"https:\/\/www.intekview.com\/fr\/wp-json\/wp\/v2\/product_cat?post=15755"},{"taxonomy":"product_tag","embeddable":true,"href":"https:\/\/www.intekview.com\/fr\/wp-json\/wp\/v2\/product_tag?post=15755"}],"curies":[{"name":"wp","href":"https:\/\/api.w.org\/{rel}","templated":true}]}}