{"id":15743,"date":"2023-03-13T20:33:52","date_gmt":"2023-03-13T20:33:52","guid":{"rendered":"https:\/\/www.intekview.com\/product\/intekview-mouse-wireless-right-hand-rechargeable-m100rwl\/"},"modified":"2024-07-22T20:08:57","modified_gmt":"2024-07-22T20:08:57","slug":"intekview-mouse-wireless-right-hand-rechargeable-m100rwl","status":"publish","type":"product","link":"https:\/\/www.intekview.com\/fr\/product\/intekview-mouse-wireless-right-hand-rechargeable-m100rwl\/","title":{"rendered":"Souris Sans fil Droiti\u00e8re Rechargeable"},"content":{"rendered":"\t\t<div data-elementor-type=\"wp-post\" data-elementor-id=\"15743\" class=\"elementor elementor-15743\">\n\t\t\t\t\t\t<section class=\"elementor-section elementor-top-section elementor-element elementor-element-40a49664 elementor-section-content-top elementor-section-boxed elementor-section-height-default elementor-section-height-default wd-section-disabled\" data-id=\"40a49664\" data-element_type=\"section\" data-e-type=\"section\">\n\t\t\t\t\t\t<div class=\"elementor-container elementor-column-gap-default\">\n\t\t\t\t\t<div class=\"elementor-column elementor-col-50 elementor-top-column elementor-element elementor-element-30eb7e25\" data-id=\"30eb7e25\" data-element_type=\"column\" data-e-type=\"column\">\n\t\t\t<div class=\"elementor-widget-wrap elementor-element-populated\">\n\t\t\t\t\t\t<div class=\"elementor-element elementor-element-442c4327 elementor-widget elementor-widget-wd_text_block\" data-id=\"442c4327\" data-element_type=\"widget\" data-e-type=\"widget\" data-widget_type=\"wd_text_block.default\">\n\t\t\t\t<div class=\"elementor-widget-container\">\n\t\t\t\t\t\t\t<div class=\"wd-text-block reset-last-child text-left\">\n\t\t\t\n\t\t\t<p class=\"product-details-code\">Code produit : M100RWL<\/p><div class=\"product-details-desc\"><p><strong>IntekView vertical sans fil pour droitier<br \/><\/strong>La souris verticale sans fil IntekView pour droitier a \u00e9t\u00e9 con\u00e7ue pour r\u00e9duire les risques de douleurs li\u00e9es aux mouvements de torsion du bras lors de l'utilisation d'une souris classique. Pour \u00e9viter toute blessure, la main doit \u00eatre compl\u00e8tement d\u00e9tendue. Les doigts doivent \u00e9galement \u00eatre d\u00e9tendus et la position de la main \u00e0 mi-chemin entre le poing ferm\u00e9 et la main tendue. La forme de la souris sans fil IntekView soutient votre main dans une position totalement d\u00e9tendue. Il \u00e9limine la torsion de l'avant-bras et la tension des tendons. Il a \u00e9galement \u00e9t\u00e9 not\u00e9 qu'il convenait aux mains des plus grandes aux plus petites.<br \/><br \/>Description : <\/p><ul><li>Rev\u00eatement en caoutchouc souple, offrant une excellente prise en main<\/li><li>Molette de d\u00e9filement en gel de silice, pr\u00e9cise et confortable<\/li><li>Fentes sp\u00e9cialement con\u00e7ues pour les doigts, qui soutiennent bien les doigts<\/li><li>Sa forme ergonomique \u00e9limine les torsions de l'avant-bras et offre une meilleure d\u00e9tente des doigts.<\/li><li>L'opposition entre la fente du pouce et les fentes des doigts contrebalance naturellement la pression des doigts, de sorte que la souris IntekView ne se d\u00e9place pas lat\u00e9ralement lorsque l'on clique avec une force normale.<\/li><\/ul><p>Sp\u00e9cifications : <\/p><ul><li>Droitier<\/li><li>Transmission sans fil \u00e0 2,4 GHz<\/li><li>3\/4\" (19mm) Nano receiver, 30\u2019 (10m) range<\/li><li>R\u00e9solution de suivi r\u00e9glable : 400\/800\/1600 DPI<\/li><li>Configuration requise : Windows 7, 8, 10 et 11, Linux et Mac<\/li><li>Dimensions: 4 3\/4\" (12cm) x 2 3\/4\" (7cm) x 2\u00be\" (7cm)<\/li><li>Homologations : cE , FCC , RoHS<\/li><\/ul><\/div>\n\t\t\t\t\t<\/div>\n\t\t\t\t\t\t<\/div>\n\t\t\t\t<\/div>\n\t\t\t\t<div class=\"elementor-element elementor-element-1588776 elementor-widget elementor-widget-wd_button\" data-id=\"1588776\" data-element_type=\"widget\" data-e-type=\"widget\" data-widget_type=\"wd_button.default\">\n\t\t\t\t<div class=\"elementor-widget-container\">\n\t\t\t\t\t\t\t<div class=\"wd-button-wrapper text-center\" >\n\t\t\t<a class=\"btn btn-style-default btn-style-rectangle btn-size-default btn-color-default btn-icon-pos-right\"  href=\"https:\/\/www.intekview.com\/wp-content\/uploads\/2023\/04\/FR-660-2023-IntekView-Poster.jpg\">\n\t\t\t\t<span class=\"wd-btn-text\" data-elementor-setting-key=\"text\">\n\t\t\t\t\tT\u00e9l\u00e9charger la brochure\t\t\t\t<\/span>\n\n\t\t\t\t\t\t\t<\/a>\n\t\t<\/div>\n\t\t\t\t\t\t<\/div>\n\t\t\t\t<\/div>\n\t\t\t\t\t<\/div>\n\t\t<\/div>\n\t\t\t\t<div class=\"elementor-column elementor-col-50 elementor-top-column elementor-element elementor-element-2ec00a7a\" data-id=\"2ec00a7a\" data-element_type=\"column\" data-e-type=\"column\">\n\t\t\t<div class=\"elementor-widget-wrap elementor-element-populated\">\n\t\t\t\t\t\t<section class=\"elementor-section elementor-inner-section elementor-element elementor-element-0da2bc0 elementor-section-boxed elementor-section-height-default elementor-section-height-default wd-section-disabled\" data-id=\"0da2bc0\" data-element_type=\"section\" data-e-type=\"section\">\n\t\t\t\t\t\t<div class=\"elementor-container elementor-column-gap-default\">\n\t\t\t\t\t<div class=\"elementor-column elementor-col-50 elementor-inner-column elementor-element elementor-element-56a0b1a\" data-id=\"56a0b1a\" data-element_type=\"column\" data-e-type=\"column\">\n\t\t\t<div class=\"elementor-widget-wrap elementor-element-populated\">\n\t\t\t\t\t\t<div class=\"elementor-element elementor-element-d9f3723 elementor-widget elementor-widget-wd_infobox\" data-id=\"d9f3723\" data-element_type=\"widget\" data-e-type=\"widget\" data-widget_type=\"wd_infobox.default\">\n\t\t\t\t<div class=\"elementor-widget-container\">\n\t\t\t\t\t\t\t<div class=\"info-box-wrapper\">\n\t\t\t<div class=\"wd-info-box text-center box-icon-align-top box-style-base color-scheme- cursor-pointer\" onclick=\"window.location.href='#'\">\n\t\t\t\t\t\t\t\t\t<div class=\"box-icon-wrapper  box-with-icon box-icon-simple\">\n\t\t\t\t\t\t<div class=\"info-box-icon\">\n\t\t\t\t\t\t\t\t\t\t\t\t\t\t\t<img decoding=\"async\" src=\"https:\/\/www.intekview.com\/wp-content\/uploads\/elementor\/thumbs\/souris-icone-q5cqi9a7sfo3gbcruott8tscfavbr4i9nxy4y2mp2s.png\" title=\"souris-icone\" alt=\"souris-icone\" loading=\"lazy\" \/>\t\t\t\t\t\t\t\t\t\t\t\t\t<\/div>\n\t\t\t\t\t<\/div>\n\t\t\t\t\n\t\t\t\t<div class=\"info-box-content\">\n\t\t\t\t\t\n\t\t\t\t\t\t\t\t\t\t\t<h4\t\t\t\t\t\tclass=\"info-box-title title box-title-style-default wd-fontsize-s\" data-elementor-setting-key=\"title\">\n\t\t\t\t\t\t\t\tDesign ergonomique\t\t\t\t\t\t<\/h4>\n\t\t\t\t\t\n\t\t\t\t\t<div class=\"info-box-inner set-cont-mb-s reset-last-child\"\n\t\t\t\t\t\t data-elementor-setting-key=\"content\">\n\t\t\t\t\t\t<p style=\"text-align: center;\">R\u00e9duit les risque de douleur cons\u00e9cutives <br \/>\u00e0 la torsion du bras<\/p>\n\t\t\t\t\t<\/div>\n\t\n\t\t\t\t\t\t\t\t\t<\/div>\n\t\t\t<\/div>\n\t\t<\/div>\n\t\t\t\t\t\t<\/div>\n\t\t\t\t<\/div>\n\t\t\t\t<div class=\"elementor-element elementor-element-21a98cd elementor-widget elementor-widget-wd_infobox\" data-id=\"21a98cd\" data-element_type=\"widget\" data-e-type=\"widget\" data-widget_type=\"wd_infobox.default\">\n\t\t\t\t<div class=\"elementor-widget-container\">\n\t\t\t\t\t\t\t<div class=\"info-box-wrapper\">\n\t\t\t<div class=\"wd-info-box text-center box-icon-align-top box-style-base color-scheme- cursor-pointer\" onclick=\"window.location.href='#'\">\n\t\t\t\t\t\t\t\t\t<div class=\"box-icon-wrapper  box-with-icon box-icon-simple\">\n\t\t\t\t\t\t<div class=\"info-box-icon\">\n\t\t\t\t\t\t\t\t\t\t\t\t\t\t\t<img decoding=\"async\" src=\"https:\/\/www.intekview.com\/wp-content\/uploads\/elementor\/thumbs\/droitier-icone-q5csj00kov8xxxox34sf7gyjesbxfvagbzgvyyrvjo.png\" title=\"droitier-icone\" alt=\"droitier-icone\" loading=\"lazy\" \/>\t\t\t\t\t\t\t\t\t\t\t\t\t<\/div>\n\t\t\t\t\t<\/div>\n\t\t\t\t\n\t\t\t\t<div class=\"info-box-content\">\n\t\t\t\t\t\n\t\t\t\t\t\t\t\t\t\t\t<h4\t\t\t\t\t\tclass=\"info-box-title title box-title-style-default wd-fontsize-s\" data-elementor-setting-key=\"title\">\n\t\t\t\t\t\t\t\tDroitier\t\t\t\t\t\t<\/h4>\n\t\t\t\t\t\n\t\t\t\t\t<div class=\"info-box-inner set-cont-mb-s reset-last-child\"\n\t\t\t\t\t\t data-elementor-setting-key=\"content\">\n\t\t\t\t\t\t\t\t\t\t\t<\/div>\n\t\n\t\t\t\t\t\t\t\t\t<\/div>\n\t\t\t<\/div>\n\t\t<\/div>\n\t\t\t\t\t\t<\/div>\n\t\t\t\t<\/div>\n\t\t\t\t\t<\/div>\n\t\t<\/div>\n\t\t\t\t<div class=\"elementor-column elementor-col-50 elementor-inner-column elementor-element elementor-element-24727e4\" data-id=\"24727e4\" data-element_type=\"column\" data-e-type=\"column\">\n\t\t\t<div class=\"elementor-widget-wrap elementor-element-populated\">\n\t\t\t\t\t\t<div class=\"elementor-element elementor-element-f2d975c elementor-widget elementor-widget-wd_infobox\" data-id=\"f2d975c\" data-element_type=\"widget\" data-e-type=\"widget\" data-widget_type=\"wd_infobox.default\">\n\t\t\t\t<div class=\"elementor-widget-container\">\n\t\t\t\t\t\t\t<div class=\"info-box-wrapper\">\n\t\t\t<div class=\"wd-info-box text-center box-icon-align-top box-style-base color-scheme- cursor-pointer\" onclick=\"window.location.href='#'\">\n\t\t\t\t\t\t\t\t\t<div class=\"box-icon-wrapper  box-with-icon box-icon-simple\">\n\t\t\t\t\t\t<div class=\"info-box-icon\">\n\t\t\t\t\t\t\t\t\t\t\t\t\t\t\t<img decoding=\"async\" src=\"https:\/\/www.intekview.com\/wp-content\/uploads\/elementor\/thumbs\/icone_dimension-clavier-q3bnmlwsqak7uxb5d23g2zcy1gj805tpcsx7aojbsk.png\" title=\"icone_dimension-clavier\" alt=\"icone_dimension-clavier\" loading=\"lazy\" \/>\t\t\t\t\t\t\t\t\t\t\t\t\t<\/div>\n\t\t\t\t\t<\/div>\n\t\t\t\t\n\t\t\t\t<div class=\"info-box-content\">\n\t\t\t\t\t\n\t\t\t\t\t\t\t\t\t\t\t<h4\t\t\t\t\t\tclass=\"info-box-title title box-title-style-default wd-fontsize-s\" data-elementor-setting-key=\"title\">\n\t\t\t\t\t\t\t\tDimensions\t\t\t\t\t\t<\/h4>\n\t\t\t\t\t\n\t\t\t\t\t<div class=\"info-box-inner set-cont-mb-s reset-last-child\"\n\t\t\t\t\t\t data-elementor-setting-key=\"content\">\n\t\t\t\t\t\t<p>4 3\/4\" x 2 3\/4\" x 2 3\/4\"<\/p>\n\t\t\t\t\t<\/div>\n\t\n\t\t\t\t\t\t\t\t\t<\/div>\n\t\t\t<\/div>\n\t\t<\/div>\n\t\t\t\t\t\t<\/div>\n\t\t\t\t<\/div>\n\t\t\t\t<div class=\"elementor-element elementor-element-50193c2 elementor-widget elementor-widget-wd_infobox\" data-id=\"50193c2\" data-element_type=\"widget\" data-e-type=\"widget\" data-widget_type=\"wd_infobox.default\">\n\t\t\t\t<div class=\"elementor-widget-container\">\n\t\t\t\t\t\t\t<div class=\"info-box-wrapper\">\n\t\t\t<div class=\"wd-info-box text-center box-icon-align-top box-style-base color-scheme- cursor-pointer\" onclick=\"window.location.href='#'\">\n\t\t\t\t\t\t\t\t\t<div class=\"box-icon-wrapper  box-with-icon box-icon-simple\">\n\t\t\t\t\t\t<div class=\"info-box-icon\">\n\t\t\t\t\t\t\t\t\t\t\t\t\t\t\t<img decoding=\"async\" src=\"https:\/\/www.intekview.com\/wp-content\/uploads\/elementor\/thumbs\/icone_apple-win-q5jjq7u6n4hb6g90rmgjy4erqaz9qgw9eaciutbr04.png\" title=\"icone_apple-win\" alt=\"icone_apple-win\" loading=\"lazy\" \/>\t\t\t\t\t\t\t\t\t\t\t\t\t<\/div>\n\t\t\t\t\t<\/div>\n\t\t\t\t\n\t\t\t\t<div class=\"info-box-content\">\n\t\t\t\t\t\n\t\t\t\t\t\t\t\t\t\t\t<h4\t\t\t\t\t\tclass=\"info-box-title title box-title-style-default wd-fontsize-s\" data-elementor-setting-key=\"title\">\n\t\t\t\t\t\t\t\tCompatible\t\t\t\t\t\t<\/h4>\n\t\t\t\t\t\n\t\t\t\t\t<div class=\"info-box-inner set-cont-mb-s reset-last-child\"\n\t\t\t\t\t\t data-elementor-setting-key=\"content\">\n\t\t\t\t\t\t\t\t\t\t\t<\/div>\n\t\n\t\t\t\t\t\t\t\t\t<\/div>\n\t\t\t<\/div>\n\t\t<\/div>\n\t\t\t\t\t\t<\/div>\n\t\t\t\t<\/div>\n\t\t\t\t<div class=\"elementor-element elementor-element-8068f2e elementor-widget elementor-widget-wd_infobox\" data-id=\"8068f2e\" data-element_type=\"widget\" data-e-type=\"widget\" data-widget_type=\"wd_infobox.default\">\n\t\t\t\t<div class=\"elementor-widget-container\">\n\t\t\t\t\t\t\t<div class=\"info-box-wrapper\">\n\t\t\t<div class=\"wd-info-box text-center box-icon-align-top box-style-base color-scheme- cursor-pointer\" onclick=\"window.location.href='#'\">\n\t\t\t\t\t\t\t\t\t<div class=\"box-icon-wrapper  box-with-icon box-icon-simple\">\n\t\t\t\t\t\t<div class=\"info-box-icon\">\n\t\t\t\t\t\t\t\t\t\t\t\t\t\t\t<img decoding=\"async\" src=\"https:\/\/www.intekview.com\/wp-content\/uploads\/elementor\/thumbs\/icone_rechargeable-q5jjs5e8ov4j1lfzhgiy2muvotgfk2kebumgdagm7o.png\" title=\"icone_rechargeable\" alt=\"icone_rechargeable\" loading=\"lazy\" \/>\t\t\t\t\t\t\t\t\t\t\t\t\t<\/div>\n\t\t\t\t\t<\/div>\n\t\t\t\t\n\t\t\t\t<div class=\"info-box-content\">\n\t\t\t\t\t\n\t\t\t\t\t\t\t\t\t\t\t<h4\t\t\t\t\t\tclass=\"info-box-title title box-title-style-default wd-fontsize-s\" data-elementor-setting-key=\"title\">\n\t\t\t\t\t\t\t\tRechargeable\t\t\t\t\t\t<\/h4>\n\t\t\t\t\t\n\t\t\t\t\t<div class=\"info-box-inner set-cont-mb-s reset-last-child\"\n\t\t\t\t\t\t data-elementor-setting-key=\"content\">\n\t\t\t\t\t\t\t\t\t\t\t<\/div>\n\t\n\t\t\t\t\t\t\t\t\t<\/div>\n\t\t\t<\/div>\n\t\t<\/div>\n\t\t\t\t\t\t<\/div>\n\t\t\t\t<\/div>\n\t\t\t\t\t<\/div>\n\t\t<\/div>\n\t\t\t\t\t<\/div>\n\t\t<\/section>\n\t\t\t\t\t<\/div>\n\t\t<\/div>\n\t\t\t\t\t<\/div>\n\t\t<\/section>\n\t\t\t\t<section class=\"elementor-section elementor-top-section elementor-element elementor-element-d24ffb3 elementor-section-content-top elementor-section-boxed elementor-section-height-default elementor-section-height-default wd-section-disabled\" data-id=\"d24ffb3\" data-element_type=\"section\" data-e-type=\"section\">\n\t\t\t\t\t\t<div class=\"elementor-container elementor-column-gap-default\">\n\t\t\t\t\t<div class=\"elementor-column elementor-col-100 elementor-top-column elementor-element elementor-element-9b38249\" data-id=\"9b38249\" data-element_type=\"column\" data-e-type=\"column\">\n\t\t\t<div class=\"elementor-widget-wrap elementor-element-populated\">\n\t\t\t\t\t\t<div class=\"elementor-element elementor-element-9d01d3a elementor-widget elementor-widget-wd_text_block\" data-id=\"9d01d3a\" data-element_type=\"widget\" data-e-type=\"widget\" data-widget_type=\"wd_text_block.default\">\n\t\t\t\t<div class=\"elementor-widget-container\">\n\t\t\t\t\t\t\t<div class=\"wd-text-block reset-last-child text-center\">\n\t\t\t\n\t\t\t<p><img fetchpriority=\"high\" decoding=\"async\" class=\"alignnone wp-image-18148 size-full\" src=\"https:\/\/www.intekview.com\/wp-content\/uploads\/2024\/07\/M100RWL-FR-1.jpg\" alt=\"\" width=\"972\" height=\"602\" srcset=\"https:\/\/www.intekview.com\/wp-content\/uploads\/2024\/07\/M100RWL-FR-1.jpg 972w, https:\/\/www.intekview.com\/wp-content\/uploads\/2024\/07\/M100RWL-FR-1-400x248.jpg 400w, https:\/\/www.intekview.com\/wp-content\/uploads\/2024\/07\/M100RWL-FR-1-768x476.jpg 768w, https:\/\/www.intekview.com\/wp-content\/uploads\/2024\/07\/M100RWL-FR-1-860x533.jpg 860w, https:\/\/www.intekview.com\/wp-content\/uploads\/2024\/07\/M100RWL-FR-1-430x266.jpg 430w, https:\/\/www.intekview.com\/wp-content\/uploads\/2024\/07\/M100RWL-FR-1-700x434.jpg 700w, https:\/\/www.intekview.com\/wp-content\/uploads\/2024\/07\/M100RWL-FR-1-150x93.jpg 150w\" sizes=\"(max-width: 972px) 100vw, 972px\" \/><br \/><img decoding=\"async\" class=\"alignnone wp-image-18156 size-full\" src=\"https:\/\/www.intekview.com\/wp-content\/uploads\/2024\/07\/M100RWL-FR-2.jpg\" alt=\"\" width=\"970\" height=\"300\" srcset=\"https:\/\/www.intekview.com\/wp-content\/uploads\/2024\/07\/M100RWL-FR-2.jpg 970w, https:\/\/www.intekview.com\/wp-content\/uploads\/2024\/07\/M100RWL-FR-2-400x124.jpg 400w, https:\/\/www.intekview.com\/wp-content\/uploads\/2024\/07\/M100RWL-FR-2-768x238.jpg 768w, https:\/\/www.intekview.com\/wp-content\/uploads\/2024\/07\/M100RWL-FR-2-860x266.jpg 860w, https:\/\/www.intekview.com\/wp-content\/uploads\/2024\/07\/M100RWL-FR-2-430x133.jpg 430w, https:\/\/www.intekview.com\/wp-content\/uploads\/2024\/07\/M100RWL-FR-2-700x216.jpg 700w, https:\/\/www.intekview.com\/wp-content\/uploads\/2024\/07\/M100RWL-FR-2-150x46.jpg 150w\" sizes=\"(max-width: 970px) 100vw, 970px\" \/><br \/><img decoding=\"async\" class=\"alignnone wp-image-18154 size-full\" src=\"https:\/\/www.intekview.com\/wp-content\/uploads\/2024\/07\/M100RWL-FR-3.jpg\" alt=\"\" width=\"972\" height=\"602\" srcset=\"https:\/\/www.intekview.com\/wp-content\/uploads\/2024\/07\/M100RWL-FR-3.jpg 972w, https:\/\/www.intekview.com\/wp-content\/uploads\/2024\/07\/M100RWL-FR-3-400x248.jpg 400w, https:\/\/www.intekview.com\/wp-content\/uploads\/2024\/07\/M100RWL-FR-3-768x476.jpg 768w, https:\/\/www.intekview.com\/wp-content\/uploads\/2024\/07\/M100RWL-FR-3-860x533.jpg 860w, https:\/\/www.intekview.com\/wp-content\/uploads\/2024\/07\/M100RWL-FR-3-430x266.jpg 430w, https:\/\/www.intekview.com\/wp-content\/uploads\/2024\/07\/M100RWL-FR-3-700x434.jpg 700w, https:\/\/www.intekview.com\/wp-content\/uploads\/2024\/07\/M100RWL-FR-3-150x93.jpg 150w\" sizes=\"(max-width: 972px) 100vw, 972px\" \/><br \/><img loading=\"lazy\" decoding=\"async\" class=\"alignnone wp-image-18152 size-full\" src=\"https:\/\/www.intekview.com\/wp-content\/uploads\/2024\/07\/M100RWL-FR-4.jpg\" alt=\"\" width=\"972\" height=\"602\" srcset=\"https:\/\/www.intekview.com\/wp-content\/uploads\/2024\/07\/M100RWL-FR-4.jpg 972w, https:\/\/www.intekview.com\/wp-content\/uploads\/2024\/07\/M100RWL-FR-4-400x248.jpg 400w, https:\/\/www.intekview.com\/wp-content\/uploads\/2024\/07\/M100RWL-FR-4-768x476.jpg 768w, https:\/\/www.intekview.com\/wp-content\/uploads\/2024\/07\/M100RWL-FR-4-860x533.jpg 860w, https:\/\/www.intekview.com\/wp-content\/uploads\/2024\/07\/M100RWL-FR-4-430x266.jpg 430w, https:\/\/www.intekview.com\/wp-content\/uploads\/2024\/07\/M100RWL-FR-4-700x434.jpg 700w, https:\/\/www.intekview.com\/wp-content\/uploads\/2024\/07\/M100RWL-FR-4-150x93.jpg 150w\" sizes=\"(max-width: 972px) 100vw, 972px\" \/><br \/><img loading=\"lazy\" decoding=\"async\" class=\"alignnone wp-image-18150 size-full\" src=\"https:\/\/www.intekview.com\/wp-content\/uploads\/2024\/07\/M100RWL-FR-5.jpg\" alt=\"\" width=\"970\" height=\"300\" srcset=\"https:\/\/www.intekview.com\/wp-content\/uploads\/2024\/07\/M100RWL-FR-5.jpg 970w, https:\/\/www.intekview.com\/wp-content\/uploads\/2024\/07\/M100RWL-FR-5-400x124.jpg 400w, https:\/\/www.intekview.com\/wp-content\/uploads\/2024\/07\/M100RWL-FR-5-768x238.jpg 768w, https:\/\/www.intekview.com\/wp-content\/uploads\/2024\/07\/M100RWL-FR-5-860x266.jpg 860w, https:\/\/www.intekview.com\/wp-content\/uploads\/2024\/07\/M100RWL-FR-5-430x133.jpg 430w, https:\/\/www.intekview.com\/wp-content\/uploads\/2024\/07\/M100RWL-FR-5-700x216.jpg 700w, https:\/\/www.intekview.com\/wp-content\/uploads\/2024\/07\/M100RWL-FR-5-150x46.jpg 150w\" sizes=\"(max-width: 970px) 100vw, 970px\" \/><\/p>\n\t\t\t\t\t<\/div>\n\t\t\t\t\t\t<\/div>\n\t\t\t\t<\/div>\n\t\t\t\t\t<\/div>\n\t\t<\/div>\n\t\t\t\t\t<\/div>\n\t\t<\/section>\n\t\t\t\t<\/div>\n\t\t","protected":false},"excerpt":{"rendered":"<p>Voici la souris verticale rechargeable sans fil avec USB-C, la solution ultime pour le confort, la commodit\u00e9 et l&rsquo;efficacit\u00e9. Cette souris \u00e9l\u00e9gante et moderne est con\u00e7ue pour r\u00e9duire la tension et l&rsquo;inconfort souvent associ\u00e9s aux souris plates traditionnelles, ce qui en fait le choix id\u00e9al pour tous ceux qui passent de longues heures \u00e0 travailler sur leur ordinateur.<\/p>\n","protected":false},"featured_media":15674,"template":"","meta":[],"product_brand":[],"product_cat":[109,107],"product_tag":[],"class_list":{"0":"post-15743","1":"product","2":"type-product","3":"status-publish","4":"has-post-thumbnail","6":"product_cat-sans-fil","7":"product_cat-souris","9":"first","10":"instock","11":"shipping-taxable","12":"purchasable","13":"product-type-simple"},"_links":{"self":[{"href":"https:\/\/www.intekview.com\/fr\/wp-json\/wp\/v2\/product\/15743","targetHints":{"allow":["GET"]}}],"collection":[{"href":"https:\/\/www.intekview.com\/fr\/wp-json\/wp\/v2\/product"}],"about":[{"href":"https:\/\/www.intekview.com\/fr\/wp-json\/wp\/v2\/types\/product"}],"version-history":[{"count":15,"href":"https:\/\/www.intekview.com\/fr\/wp-json\/wp\/v2\/product\/15743\/revisions"}],"predecessor-version":[{"id":18704,"href":"https:\/\/www.intekview.com\/fr\/wp-json\/wp\/v2\/product\/15743\/revisions\/18704"}],"wp:featuredmedia":[{"embeddable":true,"href":"https:\/\/www.intekview.com\/fr\/wp-json\/wp\/v2\/media\/15674"}],"wp:attachment":[{"href":"https:\/\/www.intekview.com\/fr\/wp-json\/wp\/v2\/media?parent=15743"}],"wp:term":[{"taxonomy":"product_brand","embeddable":true,"href":"https:\/\/www.intekview.com\/fr\/wp-json\/wp\/v2\/product_brand?post=15743"},{"taxonomy":"product_cat","embeddable":true,"href":"https:\/\/www.intekview.com\/fr\/wp-json\/wp\/v2\/product_cat?post=15743"},{"taxonomy":"product_tag","embeddable":true,"href":"https:\/\/www.intekview.com\/fr\/wp-json\/wp\/v2\/product_tag?post=15743"}],"curies":[{"name":"wp","href":"https:\/\/api.w.org\/{rel}","templated":true}]}}