{"id":15739,"date":"2023-03-13T20:54:27","date_gmt":"2023-03-13T20:54:27","guid":{"rendered":"https:\/\/www.intekview.com\/product\/intekview-mouse-wired-left-hand-eintmousewlh\/"},"modified":"2023-04-21T19:40:37","modified_gmt":"2023-04-21T19:40:37","slug":"intekview-mouse-wired-left-hand-eintmousewlh","status":"publish","type":"product","link":"https:\/\/www.intekview.com\/fr\/product\/intekview-mouse-wired-left-hand-eintmousewlh\/","title":{"rendered":"Souris avec fil gauch\u00e8re"},"content":{"rendered":"\t\t<div data-elementor-type=\"wp-post\" data-elementor-id=\"15739\" class=\"elementor elementor-15739\">\n\t\t\t\t\t\t<section class=\"elementor-section elementor-top-section elementor-element elementor-element-40a49664 elementor-section-content-top elementor-section-boxed elementor-section-height-default elementor-section-height-default wd-section-disabled\" data-id=\"40a49664\" data-element_type=\"section\" data-e-type=\"section\">\n\t\t\t\t\t\t<div class=\"elementor-container elementor-column-gap-default\">\n\t\t\t\t\t<div class=\"elementor-column elementor-col-50 elementor-top-column elementor-element elementor-element-30eb7e25\" data-id=\"30eb7e25\" data-element_type=\"column\" data-e-type=\"column\">\n\t\t\t<div class=\"elementor-widget-wrap elementor-element-populated\">\n\t\t\t\t\t\t<div class=\"elementor-element elementor-element-442c4327 elementor-widget elementor-widget-wd_text_block\" data-id=\"442c4327\" data-element_type=\"widget\" data-e-type=\"widget\" data-widget_type=\"wd_text_block.default\">\n\t\t\t\t<div class=\"elementor-widget-container\">\n\t\t\t\t\t\t\t<div class=\"wd-text-block reset-last-child text-left\">\n\t\t\t\n\t\t\t<p class=\"product-details-code\">Code produit : EINTMOUSEWLH<\/p><div class=\"product-details-desc\"><strong>Souris verticale Intekview pour gaucher <br><\/strong>La souris Vertical IntekView pour gaucher a \u00e9t\u00e9 con\u00e7ue pour r\u00e9duire le risque de douleur li\u00e9 au mouvement de torsion du bras lors de l'utilisation d'une souris classique. Pour \u00e9viter toute blessure, la main doit \u00eatre compl\u00e8tement d\u00e9tendue. Les doigts doivent \u00e9galement \u00eatre d\u00e9tendus et la position de la main \u00e0 mi-chemin entre le poing ferm\u00e9 et la main tendue. La forme de la souris IntekView soutient votre main dans une position totalement d\u00e9tendue. Il \u00e9limine la torsion de l'avant-bras et la tension des tendons. Il est \u00e9galement not\u00e9 qu'il convient aux mains des plus grandes aux plus petites. <br><br>Description : <br><ul><li>Rev\u00eatement en caoutchouc souple, offrant une excellente sensation en main. <\/li><li>La molette de d\u00e9filement en gel de silice est pr\u00e9cise et confortable. <\/li><li>Les fentes sp\u00e9cialement con\u00e7ues pour les doigts soutiennent bien les doigts. <\/li><li>Sa forme ergonomique \u00e9limine les torsions de l'avant-bras et offre une meilleure d\u00e9tente des doigts.<\/li><li>L'opposition de la fente du pouce \u00e0 celle du doigt contrebalance naturellement la pression du doigt, de sorte que la souris ne se d\u00e9place pas lat\u00e9ralement lorsque l'on clique avec une force normale. <\/li><li>La technologie laser permet un suivi plus pr\u00e9cis, plus r\u00e9actif et plus fluide. Travailler sur n'importe quelle surface. <\/li><\/ul>Sp\u00e9cifications : <br><ul><li>R\u00e9solution de suivi r\u00e9glable : 400 \/ 800 \/ 1600 \/ 3200 DPI.<\/li><li>Configuration requise : Windows\u00ae 98, 2000, 2003, Me, XP, Vista, Linux, Mac OSX 10.2 ou sup\u00e9rieur. <\/li><li>Dimensions: 4\u00be\" (12 cm) x 2\u00be\" (7 cm) x 2\u00be\" (7 cm) <\/li><li>Agr\u00e9ments d'agence : CE, FCC, RoH<\/li><\/ul><\/div>\n\t\t\t\t\t<\/div>\n\t\t\t\t\t\t<\/div>\n\t\t\t\t<\/div>\n\t\t\t\t<div class=\"elementor-element elementor-element-9bb1e6b elementor-widget elementor-widget-wd_button\" data-id=\"9bb1e6b\" data-element_type=\"widget\" data-e-type=\"widget\" data-widget_type=\"wd_button.default\">\n\t\t\t\t<div class=\"elementor-widget-container\">\n\t\t\t\t\t\t\t<div class=\"wd-button-wrapper text-center\" >\n\t\t\t<a class=\"btn btn-style-default btn-style-rectangle btn-size-default btn-color-default btn-icon-pos-right\"  href=\"https:\/\/heyzine.com\/flip-book\/d6ade53d28.html\">\n\t\t\t\t<span class=\"wd-btn-text\" data-elementor-setting-key=\"text\">\n\t\t\t\t\tT\u00e9l\u00e9charger la brochure\t\t\t\t<\/span>\n\n\t\t\t\t\t\t\t<\/a>\n\t\t<\/div>\n\t\t\t\t\t\t<\/div>\n\t\t\t\t<\/div>\n\t\t\t\t\t<\/div>\n\t\t<\/div>\n\t\t\t\t<div class=\"elementor-column elementor-col-50 elementor-top-column elementor-element elementor-element-2ec00a7a\" data-id=\"2ec00a7a\" data-element_type=\"column\" data-e-type=\"column\">\n\t\t\t<div class=\"elementor-widget-wrap elementor-element-populated\">\n\t\t\t\t\t\t<section class=\"elementor-section elementor-inner-section elementor-element elementor-element-e424640 elementor-section-boxed elementor-section-height-default elementor-section-height-default wd-section-disabled\" data-id=\"e424640\" data-element_type=\"section\" data-e-type=\"section\">\n\t\t\t\t\t\t<div class=\"elementor-container elementor-column-gap-default\">\n\t\t\t\t\t<div class=\"elementor-column elementor-col-50 elementor-inner-column elementor-element elementor-element-286e8fd\" data-id=\"286e8fd\" data-element_type=\"column\" data-e-type=\"column\">\n\t\t\t<div class=\"elementor-widget-wrap elementor-element-populated\">\n\t\t\t\t\t\t<div class=\"elementor-element elementor-element-05a3a4d elementor-widget elementor-widget-wd_infobox\" data-id=\"05a3a4d\" data-element_type=\"widget\" data-e-type=\"widget\" data-widget_type=\"wd_infobox.default\">\n\t\t\t\t<div class=\"elementor-widget-container\">\n\t\t\t\t\t\t\t<div class=\"info-box-wrapper\">\n\t\t\t<div class=\"wd-info-box text-center box-icon-align-top box-style-base color-scheme- cursor-pointer\" onclick=\"window.location.href='#'\">\n\t\t\t\t\t\t\t\t\t<div class=\"box-icon-wrapper  box-with-icon box-icon-simple\">\n\t\t\t\t\t\t<div class=\"info-box-icon\">\n\t\t\t\t\t\t\t\t\t\t\t\t\t\t\t<img decoding=\"async\" src=\"https:\/\/www.intekview.com\/wp-content\/uploads\/elementor\/thumbs\/souris-icone-q5cqi9a7sfo3gbcruott8tscfavbr4i9nxy4y2mp2s.png\" title=\"souris-icone\" alt=\"souris-icone\" loading=\"lazy\" \/>\t\t\t\t\t\t\t\t\t\t\t\t\t<\/div>\n\t\t\t\t\t<\/div>\n\t\t\t\t\n\t\t\t\t<div class=\"info-box-content\">\n\t\t\t\t\t\n\t\t\t\t\t\t\t\t\t\t\t<h4\t\t\t\t\t\tclass=\"info-box-title title box-title-style-default wd-fontsize-s\" data-elementor-setting-key=\"title\">\n\t\t\t\t\t\t\t\tDesign ergonomique\t\t\t\t\t\t<\/h4>\n\t\t\t\t\t\n\t\t\t\t\t<div class=\"info-box-inner set-cont-mb-s reset-last-child\"\n\t\t\t\t\t\t data-elementor-setting-key=\"content\">\n\t\t\t\t\t\t<p style=\"text-align: center;\">R\u00e9duit les risque de douleur cons\u00e9cutives <br \/>\u00e0 la torsion du bras<\/p>\n\t\t\t\t\t<\/div>\n\t\n\t\t\t\t\t\t\t\t\t<\/div>\n\t\t\t<\/div>\n\t\t<\/div>\n\t\t\t\t\t\t<\/div>\n\t\t\t\t<\/div>\n\t\t\t\t<div class=\"elementor-element elementor-element-86e7615 elementor-widget elementor-widget-wd_infobox\" data-id=\"86e7615\" data-element_type=\"widget\" data-e-type=\"widget\" data-widget_type=\"wd_infobox.default\">\n\t\t\t\t<div class=\"elementor-widget-container\">\n\t\t\t\t\t\t\t<div class=\"info-box-wrapper\">\n\t\t\t<div class=\"wd-info-box text-center box-icon-align-top box-style-base color-scheme- cursor-pointer\" onclick=\"window.location.href='#'\">\n\t\t\t\t\t\t\t\t\t<div class=\"box-icon-wrapper  box-with-icon box-icon-simple\">\n\t\t\t\t\t\t<div class=\"info-box-icon\">\n\t\t\t\t\t\t\t\t\t\t\t\t\t\t\t<img decoding=\"async\" src=\"https:\/\/www.intekview.com\/wp-content\/uploads\/elementor\/thumbs\/gaucher-icone-q5cqz6dmt2twfms120424k31czh6azobzoorxdjl2s.png\" title=\"gaucher-icone\" alt=\"gaucher-icone\" loading=\"lazy\" \/>\t\t\t\t\t\t\t\t\t\t\t\t\t<\/div>\n\t\t\t\t\t<\/div>\n\t\t\t\t\n\t\t\t\t<div class=\"info-box-content\">\n\t\t\t\t\t\n\t\t\t\t\t\t\t\t\t\t\t<h4\t\t\t\t\t\tclass=\"info-box-title title box-title-style-default wd-fontsize-s\" data-elementor-setting-key=\"title\">\n\t\t\t\t\t\t\t\tGaucher\t\t\t\t\t\t<\/h4>\n\t\t\t\t\t\n\t\t\t\t\t<div class=\"info-box-inner set-cont-mb-s reset-last-child\"\n\t\t\t\t\t\t data-elementor-setting-key=\"content\">\n\t\t\t\t\t\t\t\t\t\t\t<\/div>\n\t\n\t\t\t\t\t\t\t\t\t<\/div>\n\t\t\t<\/div>\n\t\t<\/div>\n\t\t\t\t\t\t<\/div>\n\t\t\t\t<\/div>\n\t\t\t\t\t<\/div>\n\t\t<\/div>\n\t\t\t\t<div class=\"elementor-column elementor-col-50 elementor-inner-column elementor-element elementor-element-6f1e429\" data-id=\"6f1e429\" data-element_type=\"column\" data-e-type=\"column\">\n\t\t\t<div class=\"elementor-widget-wrap elementor-element-populated\">\n\t\t\t\t\t\t<div class=\"elementor-element elementor-element-6ae8da1 elementor-widget elementor-widget-wd_infobox\" data-id=\"6ae8da1\" data-element_type=\"widget\" data-e-type=\"widget\" data-widget_type=\"wd_infobox.default\">\n\t\t\t\t<div class=\"elementor-widget-container\">\n\t\t\t\t\t\t\t<div class=\"info-box-wrapper\">\n\t\t\t<div class=\"wd-info-box text-center box-icon-align-top box-style-base color-scheme- cursor-pointer\" onclick=\"window.location.href='#'\">\n\t\t\t\t\t\t\t\t\t<div class=\"box-icon-wrapper  box-with-icon box-icon-simple\">\n\t\t\t\t\t\t<div class=\"info-box-icon\">\n\t\t\t\t\t\t\t\t\t\t\t\t\t\t\t<img decoding=\"async\" src=\"https:\/\/www.intekview.com\/wp-content\/uploads\/elementor\/thumbs\/icone_dimension-clavier-q3bnmlwsqak7uxb5d23g2zcy1gj805tpcsx7aojbsk.png\" title=\"icone_dimension-clavier\" alt=\"icone_dimension-clavier\" loading=\"lazy\" \/>\t\t\t\t\t\t\t\t\t\t\t\t\t<\/div>\n\t\t\t\t\t<\/div>\n\t\t\t\t\n\t\t\t\t<div class=\"info-box-content\">\n\t\t\t\t\t\n\t\t\t\t\t\t\t\t\t\t\t<h4\t\t\t\t\t\tclass=\"info-box-title title box-title-style-default wd-fontsize-s\" data-elementor-setting-key=\"title\">\n\t\t\t\t\t\t\t\tDimensions\t\t\t\t\t\t<\/h4>\n\t\t\t\t\t\n\t\t\t\t\t<div class=\"info-box-inner set-cont-mb-s reset-last-child\"\n\t\t\t\t\t\t data-elementor-setting-key=\"content\">\n\t\t\t\t\t\t<p>4 3\/4\" x 2 3\/4\" x 2 3\/4\"<\/p>\n\t\t\t\t\t<\/div>\n\t\n\t\t\t\t\t\t\t\t\t<\/div>\n\t\t\t<\/div>\n\t\t<\/div>\n\t\t\t\t\t\t<\/div>\n\t\t\t\t<\/div>\n\t\t\t\t<div class=\"elementor-element elementor-element-acb48bd elementor-widget elementor-widget-wd_infobox\" data-id=\"acb48bd\" data-element_type=\"widget\" data-e-type=\"widget\" data-widget_type=\"wd_infobox.default\">\n\t\t\t\t<div class=\"elementor-widget-container\">\n\t\t\t\t\t\t\t<div class=\"info-box-wrapper\">\n\t\t\t<div class=\"wd-info-box text-center box-icon-align-top box-style-base color-scheme- cursor-pointer\" onclick=\"window.location.href='#'\">\n\t\t\t\t\t\t\t\t\t<div class=\"box-icon-wrapper  box-with-icon box-icon-simple\">\n\t\t\t\t\t\t<div class=\"info-box-icon\">\n\t\t\t\t\t\t\t\t\t\t\t\t\t\t\t<img decoding=\"async\" src=\"https:\/\/www.intekview.com\/wp-content\/uploads\/elementor\/thumbs\/icone_USB-q5cfzz4hcptv1stwr6axsaa60vdi0ar4bmbg17ih6c.png\" title=\"icone_USB.png\" alt=\"icone_USB.png\" loading=\"lazy\" \/>\t\t\t\t\t\t\t\t\t\t\t\t\t<\/div>\n\t\t\t\t\t<\/div>\n\t\t\t\t\n\t\t\t\t<div class=\"info-box-content\">\n\t\t\t\t\t\n\t\t\t\t\t\t\t\t\t\t\t<h4\t\t\t\t\t\tclass=\"info-box-title title box-title-style-default wd-fontsize-s\" data-elementor-setting-key=\"title\">\n\t\t\t\t\t\t\t\tConnexion USB\t\t\t\t\t\t<\/h4>\n\t\t\t\t\t\n\t\t\t\t\t<div class=\"info-box-inner set-cont-mb-s reset-last-child\"\n\t\t\t\t\t\t data-elementor-setting-key=\"content\">\n\t\t\t\t\t\t<p style=\"text-align: center;\">Pr\u00eat \u00e0 l'emploi<br \/>400\/800\/1600\/3200 Dpi<\/p>\n\t\t\t\t\t<\/div>\n\t\n\t\t\t\t\t\t\t\t\t<\/div>\n\t\t\t<\/div>\n\t\t<\/div>\n\t\t\t\t\t\t<\/div>\n\t\t\t\t<\/div>\n\t\t\t\t<div class=\"elementor-element elementor-element-66529f1 elementor-widget elementor-widget-wd_infobox\" data-id=\"66529f1\" data-element_type=\"widget\" data-e-type=\"widget\" data-widget_type=\"wd_infobox.default\">\n\t\t\t\t<div class=\"elementor-widget-container\">\n\t\t\t\t\t\t\t<div class=\"info-box-wrapper\">\n\t\t\t<div class=\"wd-info-box text-center box-icon-align-top box-style-base color-scheme- cursor-pointer\" onclick=\"window.location.href='#'\">\n\t\t\t\t\t\t\t\t\t<div class=\"box-icon-wrapper  box-with-icon box-icon-simple\">\n\t\t\t\t\t\t<div class=\"info-box-icon\">\n\t\t\t\t\t\t\t\t\t\t\t\t\t\t\t<img decoding=\"async\" src=\"https:\/\/www.intekview.com\/wp-content\/uploads\/elementor\/thumbs\/icone-1-q5cem9fsi364t94e954uyvbphwig8h01rghjd2goa0.png\" title=\"icone.png\" alt=\"icone.png\" loading=\"lazy\" \/>\t\t\t\t\t\t\t\t\t\t\t\t\t<\/div>\n\t\t\t\t\t<\/div>\n\t\t\t\t\n\t\t\t\t<div class=\"info-box-content\">\n\t\t\t\t\t\n\t\t\t\t\t\t\t\t\t\t\t<h4\t\t\t\t\t\tclass=\"info-box-title title box-title-style-default wd-fontsize-s\" data-elementor-setting-key=\"title\">\n\t\t\t\t\t\t\t\tCompatible\t\t\t\t\t\t<\/h4>\n\t\t\t\t\t\n\t\t\t\t\t<div class=\"info-box-inner set-cont-mb-s reset-last-child\"\n\t\t\t\t\t\t data-elementor-setting-key=\"content\">\n\t\t\t\t\t\t\t\t\t\t\t<\/div>\n\t\n\t\t\t\t\t\t\t\t\t<\/div>\n\t\t\t<\/div>\n\t\t<\/div>\n\t\t\t\t\t\t<\/div>\n\t\t\t\t<\/div>\n\t\t\t\t\t<\/div>\n\t\t<\/div>\n\t\t\t\t\t<\/div>\n\t\t<\/section>\n\t\t\t\t\t<\/div>\n\t\t<\/div>\n\t\t\t\t\t<\/div>\n\t\t<\/section>\n\t\t\t\t<\/div>\n\t\t","protected":false},"excerpt":{"rendered":"<p>Voici la souris filaire verticale, la combinaison parfaite de confort, de pr\u00e9cision et de fiabilit\u00e9. Cette souris est con\u00e7ue pour offrir une position naturelle et d\u00e9tendue \u00e0 votre poignet et \u00e0 vos doigts, r\u00e9duisant ainsi la tension et l&rsquo;inconfort souvent associ\u00e9s aux souris plates traditionnelles.<\/p>\n","protected":false},"featured_media":15687,"template":"","meta":[],"product_brand":[],"product_cat":[108,107],"product_tag":[],"class_list":{"0":"post-15739","1":"product","2":"type-product","3":"status-publish","4":"has-post-thumbnail","6":"product_cat-avec-fil","7":"product_cat-souris","9":"first","10":"instock","11":"shipping-taxable","12":"purchasable","13":"product-type-simple"},"_links":{"self":[{"href":"https:\/\/www.intekview.com\/fr\/wp-json\/wp\/v2\/product\/15739","targetHints":{"allow":["GET"]}}],"collection":[{"href":"https:\/\/www.intekview.com\/fr\/wp-json\/wp\/v2\/product"}],"about":[{"href":"https:\/\/www.intekview.com\/fr\/wp-json\/wp\/v2\/types\/product"}],"version-history":[{"count":15,"href":"https:\/\/www.intekview.com\/fr\/wp-json\/wp\/v2\/product\/15739\/revisions"}],"predecessor-version":[{"id":16153,"href":"https:\/\/www.intekview.com\/fr\/wp-json\/wp\/v2\/product\/15739\/revisions\/16153"}],"wp:featuredmedia":[{"embeddable":true,"href":"https:\/\/www.intekview.com\/fr\/wp-json\/wp\/v2\/media\/15687"}],"wp:attachment":[{"href":"https:\/\/www.intekview.com\/fr\/wp-json\/wp\/v2\/media?parent=15739"}],"wp:term":[{"taxonomy":"product_brand","embeddable":true,"href":"https:\/\/www.intekview.com\/fr\/wp-json\/wp\/v2\/product_brand?post=15739"},{"taxonomy":"product_cat","embeddable":true,"href":"https:\/\/www.intekview.com\/fr\/wp-json\/wp\/v2\/product_cat?post=15739"},{"taxonomy":"product_tag","embeddable":true,"href":"https:\/\/www.intekview.com\/fr\/wp-json\/wp\/v2\/product_tag?post=15739"}],"curies":[{"name":"wp","href":"https:\/\/api.w.org\/{rel}","templated":true}]}}