{"id":15733,"date":"2023-03-14T13:42:51","date_gmt":"2023-03-14T13:42:51","guid":{"rendered":"https:\/\/www.intekview.com\/product\/clavier-filaire-intekview-slim-keyboard-v-2-canadien-francais-k730ew\/"},"modified":"2024-07-22T20:12:21","modified_gmt":"2024-07-22T20:12:21","slug":"clavier-filaire-intekview-slim-keyboard-v-2-canadien-francais-k730ew","status":"publish","type":"product","link":"https:\/\/www.intekview.com\/fr\/product\/clavier-filaire-intekview-slim-keyboard-v-2-canadien-francais-k730ew\/","title":{"rendered":"Clavier ultra mince V.2 Anglais avec fil &#8211; K730EW"},"content":{"rendered":"\t\t<div data-elementor-type=\"wp-post\" data-elementor-id=\"15733\" class=\"elementor elementor-15733\">\n\t\t\t\t\t\t<section class=\"elementor-section elementor-top-section elementor-element elementor-element-40a49664 elementor-section-content-top elementor-section-boxed elementor-section-height-default elementor-section-height-default wd-section-disabled\" data-id=\"40a49664\" data-element_type=\"section\" data-e-type=\"section\">\n\t\t\t\t\t\t<div class=\"elementor-container elementor-column-gap-default\">\n\t\t\t\t\t<div class=\"elementor-column elementor-col-50 elementor-top-column elementor-element elementor-element-30eb7e25\" data-id=\"30eb7e25\" data-element_type=\"column\" data-e-type=\"column\">\n\t\t\t<div class=\"elementor-widget-wrap elementor-element-populated\">\n\t\t\t\t\t\t<div class=\"elementor-element elementor-element-442c4327 elementor-widget elementor-widget-wd_text_block\" data-id=\"442c4327\" data-element_type=\"widget\" data-e-type=\"widget\" data-widget_type=\"wd_text_block.default\">\n\t\t\t\t<div class=\"elementor-widget-container\">\n\t\t\t\t\t\t\t<div class=\"wd-text-block reset-last-child text-left\">\n\t\t\t\n\t\t\t<p class=\"product-details-code\">Code produit : K730EW<\/p><div class=\"product-details-desc\"><p>(Pr\u00e9c\u00e9demment EINT730ENUSB)<\/p><p>Voici le nouveau clavier compact IntekView qui est ultra fin et deux fois moins \u00e9pais que les claviers traditionnels. Il s'agit du nouveau clavier standard sur le march\u00e9. Les touches sont positionn\u00e9es de mani\u00e8re ergonomique pour un standard parfait et vous permettent de vous sentir \u00e0 l'aise d\u00e8s la premi\u00e8re utilisation. En outre, vous disposez de 12 touches multim\u00e9dias pour vous simplifier la vie. Gr\u00e2ce \u00e0 sa taille, il r\u00e9duit l'amplitude de mouvement entre le clavier et la souris pour votre zone de confort.<\/p><p>Ce clavier est la nouvelle norme qui optimisera votre espace de travail avec style sans sacrifier le confort. La pr\u00e9sentation des cl\u00e9s est en version anglaise.<\/p><p>REMARQUE : \u00e9quivalent ou sup\u00e9rieur au clavier XSlim ERXSLIM<\/p><p>Sp\u00e9cifications :<\/p><ul><li>Poids : 0,27 kg (1 Lb)<\/li><li>Fort, adjustable-tilt legs<\/li><li>Cl\u00e9s de taille standard<\/li><li>Longueur du fil : 55\u2033 (139,7 cm)<\/li><li>Connexion USB sans fil pr\u00eate \u00e0 l'emploi<\/li><li>Dimension: 15\u00bd\u2033 \u00d7 5\u00bc\u2033 \u00d7 0.7\u2033 (27,94 cm \u00d7 10,16 cm \u00d7 1,90 cm)<\/li><\/ul><\/div>\n\t\t\t\t\t<\/div>\n\t\t\t\t\t\t<\/div>\n\t\t\t\t<\/div>\n\t\t\t\t<div class=\"elementor-element elementor-element-f3abeb8 elementor-widget elementor-widget-wd_button\" data-id=\"f3abeb8\" data-element_type=\"widget\" data-e-type=\"widget\" data-widget_type=\"wd_button.default\">\n\t\t\t\t<div class=\"elementor-widget-container\">\n\t\t\t\t\t\t\t<div class=\"wd-button-wrapper text-center\" >\n\t\t\t<a class=\"btn btn-style-default btn-style-rectangle btn-size-default btn-color-default btn-icon-pos-right\"  href=\"https:\/\/heyzine.com\/flip-book\/ba08b05f04.html\">\n\t\t\t\t<span class=\"wd-btn-text\" data-elementor-setting-key=\"text\">\n\t\t\t\t\tT\u00e9l\u00e9charger la brochure\t\t\t\t<\/span>\n\n\t\t\t\t\t\t\t<\/a>\n\t\t<\/div>\n\t\t\t\t\t\t<\/div>\n\t\t\t\t<\/div>\n\t\t\t\t\t<\/div>\n\t\t<\/div>\n\t\t\t\t<div class=\"elementor-column elementor-col-50 elementor-top-column elementor-element elementor-element-2ec00a7a\" data-id=\"2ec00a7a\" data-element_type=\"column\" data-e-type=\"column\">\n\t\t\t<div class=\"elementor-widget-wrap elementor-element-populated\">\n\t\t\t\t\t\t<section class=\"elementor-section elementor-inner-section elementor-element elementor-element-02d6960 elementor-section-boxed elementor-section-height-default elementor-section-height-default wd-section-disabled\" data-id=\"02d6960\" data-element_type=\"section\" data-e-type=\"section\">\n\t\t\t\t\t\t<div class=\"elementor-container elementor-column-gap-default\">\n\t\t\t\t\t<div class=\"elementor-column elementor-col-50 elementor-inner-column elementor-element elementor-element-48cc184\" data-id=\"48cc184\" data-element_type=\"column\" data-e-type=\"column\">\n\t\t\t<div class=\"elementor-widget-wrap elementor-element-populated\">\n\t\t\t\t\t\t<div class=\"elementor-element elementor-element-ea84d5f elementor-widget elementor-widget-wd_infobox\" data-id=\"ea84d5f\" data-element_type=\"widget\" data-e-type=\"widget\" data-widget_type=\"wd_infobox.default\">\n\t\t\t\t<div class=\"elementor-widget-container\">\n\t\t\t\t\t\t\t<div class=\"info-box-wrapper\">\n\t\t\t<div class=\"wd-info-box text-center box-icon-align-top box-style-base color-scheme- cursor-pointer\" onclick=\"window.location.href='#'\">\n\t\t\t\t\t\t\t\t\t<div class=\"box-icon-wrapper  box-with-icon box-icon-simple\">\n\t\t\t\t\t\t<div class=\"info-box-icon\">\n\t\t\t\t\t\t\t\t\t\t\t\t\t\t\t<img decoding=\"async\" src=\"https:\/\/www.intekview.com\/wp-content\/uploads\/elementor\/thumbs\/icone-clavier-q5ay9wfiyu862e6ke5s6bcc3d46lwqlz2u6lar6o38.png\" title=\"icone-clavier\" alt=\"icone-clavier\" loading=\"lazy\" \/>\t\t\t\t\t\t\t\t\t\t\t\t\t<\/div>\n\t\t\t\t\t<\/div>\n\t\t\t\t\n\t\t\t\t<div class=\"info-box-content\">\n\t\t\t\t\t\n\t\t\t\t\t\t\t\t\t\t\t<h4\t\t\t\t\t\tclass=\"info-box-title title box-title-style-default wd-fontsize-s\" data-elementor-setting-key=\"title\">\n\t\t\t\t\t\t\t\tClavier anglais\t\t\t\t\t\t<\/h4>\n\t\t\t\t\t\n\t\t\t\t\t<div class=\"info-box-inner set-cont-mb-s reset-last-child\"\n\t\t\t\t\t\t data-elementor-setting-key=\"content\">\n\t\t\t\t\t\t<p style=\"text-align: center;\">Pieds r\u00e9glables et robustes<br \/>Touches de taille standard<br \/>12 touches multim\u00e9dias<\/p>\n\t\t\t\t\t<\/div>\n\t\n\t\t\t\t\t\t\t\t\t<\/div>\n\t\t\t<\/div>\n\t\t<\/div>\n\t\t\t\t\t\t<\/div>\n\t\t\t\t<\/div>\n\t\t\t\t<div class=\"elementor-element elementor-element-17aa1b8 elementor-widget elementor-widget-wd_infobox\" data-id=\"17aa1b8\" data-element_type=\"widget\" data-e-type=\"widget\" data-widget_type=\"wd_infobox.default\">\n\t\t\t\t<div class=\"elementor-widget-container\">\n\t\t\t\t\t\t\t<div class=\"info-box-wrapper\">\n\t\t\t<div class=\"wd-info-box text-center box-icon-align-top box-style-base color-scheme- cursor-pointer\" onclick=\"window.location.href='#'\">\n\t\t\t\t\t\t\t\t\t<div class=\"box-icon-wrapper  box-with-icon box-icon-simple\">\n\t\t\t\t\t\t<div class=\"info-box-icon\">\n\t\t\t\t\t\t\t\t\t\t\t\t\t\t\t<img decoding=\"async\" src=\"https:\/\/www.intekview.com\/wp-content\/uploads\/elementor\/thumbs\/icone_USB-q5cf157s3q5ctzfa54ame2p9kv1us2h6v81pu35nqs.png\" title=\"icone_USB\" alt=\"icone_USB\" loading=\"lazy\" \/>\t\t\t\t\t\t\t\t\t\t\t\t\t<\/div>\n\t\t\t\t\t<\/div>\n\t\t\t\t\n\t\t\t\t<div class=\"info-box-content\">\n\t\t\t\t\t\n\t\t\t\t\t\t\t\t\t\t\t<h4\t\t\t\t\t\tclass=\"info-box-title title box-title-style-default wd-fontsize-s\" data-elementor-setting-key=\"title\">\n\t\t\t\t\t\t\t\tConnexion USB\t\t\t\t\t\t<\/h4>\n\t\t\t\t\t\n\t\t\t\t\t<div class=\"info-box-inner set-cont-mb-s reset-last-child\"\n\t\t\t\t\t\t data-elementor-setting-key=\"content\">\n\t\t\t\t\t\t<p>Pr\u00eat \u00e0 l'emploi<br \/>Longueur du fil : 55\"<\/p>\n\t\t\t\t\t<\/div>\n\t\n\t\t\t\t\t\t\t\t\t<\/div>\n\t\t\t<\/div>\n\t\t<\/div>\n\t\t\t\t\t\t<\/div>\n\t\t\t\t<\/div>\n\t\t\t\t\t<\/div>\n\t\t<\/div>\n\t\t\t\t<div class=\"elementor-column elementor-col-50 elementor-inner-column elementor-element elementor-element-f77b5d9\" data-id=\"f77b5d9\" data-element_type=\"column\" data-e-type=\"column\">\n\t\t\t<div class=\"elementor-widget-wrap elementor-element-populated\">\n\t\t\t\t\t\t<div class=\"elementor-element elementor-element-d791c12 elementor-widget elementor-widget-wd_infobox\" data-id=\"d791c12\" data-element_type=\"widget\" data-e-type=\"widget\" data-widget_type=\"wd_infobox.default\">\n\t\t\t\t<div class=\"elementor-widget-container\">\n\t\t\t\t\t\t\t<div class=\"info-box-wrapper\">\n\t\t\t<div class=\"wd-info-box text-center box-icon-align-top box-style-base color-scheme- cursor-pointer\" onclick=\"window.location.href='#'\">\n\t\t\t\t\t\t\t\t\t<div class=\"box-icon-wrapper  box-with-icon box-icon-simple\">\n\t\t\t\t\t\t<div class=\"info-box-icon\">\n\t\t\t\t\t\t\t\t\t\t\t\t\t\t\t<img decoding=\"async\" src=\"https:\/\/www.intekview.com\/wp-content\/uploads\/elementor\/thumbs\/icone_dimension-clavier-q3bnmlwsqak7uxb5d23g2zcy1gj805tpcsx7aojbsk.png\" title=\"icone_dimension-clavier\" alt=\"icone_dimension-clavier\" loading=\"lazy\" \/>\t\t\t\t\t\t\t\t\t\t\t\t\t<\/div>\n\t\t\t\t\t<\/div>\n\t\t\t\t\n\t\t\t\t<div class=\"info-box-content\">\n\t\t\t\t\t\n\t\t\t\t\t\t\t\t\t\t\t<h4\t\t\t\t\t\tclass=\"info-box-title title box-title-style-default wd-fontsize-s\" data-elementor-setting-key=\"title\">\n\t\t\t\t\t\t\t\tDimensions\t\t\t\t\t\t<\/h4>\n\t\t\t\t\t\n\t\t\t\t\t<div class=\"info-box-inner set-cont-mb-s reset-last-child\"\n\t\t\t\t\t\t data-elementor-setting-key=\"content\">\n\t\t\t\t\t\t<p style=\"text-align: center;\">Clavier compact<br \/>15 1\/2\" x 5 1\/4\" x 0.7\"<\/p>\n\t\t\t\t\t<\/div>\n\t\n\t\t\t\t\t\t\t\t\t<\/div>\n\t\t\t<\/div>\n\t\t<\/div>\n\t\t\t\t\t\t<\/div>\n\t\t\t\t<\/div>\n\t\t\t\t<div class=\"elementor-element elementor-element-1271278 elementor-widget elementor-widget-wd_infobox\" data-id=\"1271278\" data-element_type=\"widget\" data-e-type=\"widget\" data-widget_type=\"wd_infobox.default\">\n\t\t\t\t<div class=\"elementor-widget-container\">\n\t\t\t\t\t\t\t<div class=\"info-box-wrapper\">\n\t\t\t<div class=\"wd-info-box text-center box-icon-align-top box-style-base color-scheme- cursor-pointer\" onclick=\"window.location.href='#'\">\n\t\t\t\t\t\t\t\t\t<div class=\"box-icon-wrapper  box-with-icon box-icon-simple\">\n\t\t\t\t\t\t<div class=\"info-box-icon\">\n\t\t\t\t\t\t\t\t\t\t\t\t\t\t\t<img decoding=\"async\" src=\"https:\/\/www.intekview.com\/wp-content\/uploads\/elementor\/thumbs\/icone_poids-q364qckbhopeydzi8zvl8uk118jisa39kt423h4i9g.png\" title=\"icone_poids\" alt=\"icone_poids\" loading=\"lazy\" \/>\t\t\t\t\t\t\t\t\t\t\t\t\t<\/div>\n\t\t\t\t\t<\/div>\n\t\t\t\t\n\t\t\t\t<div class=\"info-box-content\">\n\t\t\t\t\t\n\t\t\t\t\t\t\t\t\t\t\t<h4\t\t\t\t\t\tclass=\"info-box-title title box-title-style-default wd-fontsize-s\" data-elementor-setting-key=\"title\">\n\t\t\t\t\t\t\t\tPoids\t\t\t\t\t\t<\/h4>\n\t\t\t\t\t\n\t\t\t\t\t<div class=\"info-box-inner set-cont-mb-s reset-last-child\"\n\t\t\t\t\t\t data-elementor-setting-key=\"content\">\n\t\t\t\t\t\t<p>0.27kg\/1lbs<\/p>\n\t\t\t\t\t<\/div>\n\t\n\t\t\t\t\t\t\t\t\t<\/div>\n\t\t\t<\/div>\n\t\t<\/div>\n\t\t\t\t\t\t<\/div>\n\t\t\t\t<\/div>\n\t\t\t\t\t<\/div>\n\t\t<\/div>\n\t\t\t\t\t<\/div>\n\t\t<\/section>\n\t\t\t\t<div class=\"elementor-element elementor-element-5d779d2 elementor-widget elementor-widget-image\" data-id=\"5d779d2\" data-element_type=\"widget\" data-e-type=\"widget\" data-widget_type=\"image.default\">\n\t\t\t\t<div class=\"elementor-widget-container\">\n\t\t\t\t\t\t\t\t\t\t\t\t\t\t\t<img fetchpriority=\"high\" decoding=\"async\" width=\"1300\" height=\"798\" src=\"https:\/\/www.intekview.com\/wp-content\/uploads\/2023\/04\/K730EW-1.png\" class=\"attachment-large size-large wp-image-16066\" alt=\"\" srcset=\"https:\/\/www.intekview.com\/wp-content\/uploads\/2023\/04\/K730EW-1.png 1300w, https:\/\/www.intekview.com\/wp-content\/uploads\/2023\/04\/K730EW-1-400x246.png 400w, https:\/\/www.intekview.com\/wp-content\/uploads\/2023\/04\/K730EW-1-768x471.png 768w, https:\/\/www.intekview.com\/wp-content\/uploads\/2023\/04\/K730EW-1-860x528.png 860w, https:\/\/www.intekview.com\/wp-content\/uploads\/2023\/04\/K730EW-1-430x264.png 430w, https:\/\/www.intekview.com\/wp-content\/uploads\/2023\/04\/K730EW-1-700x430.png 700w, https:\/\/www.intekview.com\/wp-content\/uploads\/2023\/04\/K730EW-1-150x92.png 150w\" sizes=\"(max-width: 1300px) 100vw, 1300px\" \/>\t\t\t\t\t\t\t\t\t\t\t\t\t\t\t<\/div>\n\t\t\t\t<\/div>\n\t\t\t\t<div class=\"elementor-element elementor-element-268ea6a elementor-widget elementor-widget-image\" data-id=\"268ea6a\" data-element_type=\"widget\" data-e-type=\"widget\" data-widget_type=\"image.default\">\n\t\t\t\t<div class=\"elementor-widget-container\">\n\t\t\t\t\t\t\t\t\t\t\t\t\t\t\t<img decoding=\"async\" src=\"https:\/\/www.intekview.com\/wp-content\/uploads\/elementor\/thumbs\/icone-q5azic8uosgerppm3tqs961sxl955gmzgotl6ej7xk.png\" title=\"icone\" alt=\"icone\" loading=\"lazy\" \/>\t\t\t\t\t\t\t\t\t\t\t\t\t\t\t<\/div>\n\t\t\t\t<\/div>\n\t\t\t\t\t<\/div>\n\t\t<\/div>\n\t\t\t\t\t<\/div>\n\t\t<\/section>\n\t\t\t\t<section class=\"elementor-section elementor-top-section elementor-element elementor-element-f1d2d99 elementor-section-content-top elementor-section-boxed elementor-section-height-default elementor-section-height-default wd-section-disabled\" data-id=\"f1d2d99\" data-element_type=\"section\" data-e-type=\"section\">\n\t\t\t\t\t\t<div class=\"elementor-container elementor-column-gap-default\">\n\t\t\t\t\t<div class=\"elementor-column elementor-col-100 elementor-top-column elementor-element elementor-element-918d19b\" data-id=\"918d19b\" data-element_type=\"column\" data-e-type=\"column\">\n\t\t\t<div class=\"elementor-widget-wrap elementor-element-populated\">\n\t\t\t\t\t\t<div class=\"elementor-element elementor-element-7668b42 elementor-widget elementor-widget-wd_text_block\" data-id=\"7668b42\" data-element_type=\"widget\" data-e-type=\"widget\" data-widget_type=\"wd_text_block.default\">\n\t\t\t\t<div class=\"elementor-widget-container\">\n\t\t\t\t\t\t\t<div class=\"wd-text-block reset-last-child text-center\">\n\t\t\t\n\t\t\t<p><img decoding=\"async\" class=\"alignnone wp-image-18120 size-full\" src=\"https:\/\/www.intekview.com\/wp-content\/uploads\/2024\/07\/K730EW-1-FR.jpg\" alt=\"\" width=\"970\" height=\"600\" srcset=\"https:\/\/www.intekview.com\/wp-content\/uploads\/2024\/07\/K730EW-1-FR.jpg 970w, https:\/\/www.intekview.com\/wp-content\/uploads\/2024\/07\/K730EW-1-FR-400x247.jpg 400w, https:\/\/www.intekview.com\/wp-content\/uploads\/2024\/07\/K730EW-1-FR-768x475.jpg 768w, https:\/\/www.intekview.com\/wp-content\/uploads\/2024\/07\/K730EW-1-FR-860x532.jpg 860w, https:\/\/www.intekview.com\/wp-content\/uploads\/2024\/07\/K730EW-1-FR-430x266.jpg 430w, https:\/\/www.intekview.com\/wp-content\/uploads\/2024\/07\/K730EW-1-FR-700x433.jpg 700w, https:\/\/www.intekview.com\/wp-content\/uploads\/2024\/07\/K730EW-1-FR-150x93.jpg 150w\" sizes=\"(max-width: 970px) 100vw, 970px\" \/><img decoding=\"async\" class=\"alignnone wp-image-18118 size-full\" src=\"https:\/\/www.intekview.com\/wp-content\/uploads\/2024\/07\/K730EW-2-FR.jpg\" alt=\"\" width=\"970\" height=\"300\" srcset=\"https:\/\/www.intekview.com\/wp-content\/uploads\/2024\/07\/K730EW-2-FR.jpg 970w, https:\/\/www.intekview.com\/wp-content\/uploads\/2024\/07\/K730EW-2-FR-400x124.jpg 400w, https:\/\/www.intekview.com\/wp-content\/uploads\/2024\/07\/K730EW-2-FR-768x238.jpg 768w, https:\/\/www.intekview.com\/wp-content\/uploads\/2024\/07\/K730EW-2-FR-860x266.jpg 860w, https:\/\/www.intekview.com\/wp-content\/uploads\/2024\/07\/K730EW-2-FR-430x133.jpg 430w, https:\/\/www.intekview.com\/wp-content\/uploads\/2024\/07\/K730EW-2-FR-700x216.jpg 700w, https:\/\/www.intekview.com\/wp-content\/uploads\/2024\/07\/K730EW-2-FR-150x46.jpg 150w\" sizes=\"(max-width: 970px) 100vw, 970px\" \/><img loading=\"lazy\" decoding=\"async\" class=\"alignnone wp-image-18116 size-full\" src=\"https:\/\/www.intekview.com\/wp-content\/uploads\/2024\/07\/K730EW-3-FR.jpg\" alt=\"\" width=\"970\" height=\"599\" srcset=\"https:\/\/www.intekview.com\/wp-content\/uploads\/2024\/07\/K730EW-3-FR.jpg 970w, https:\/\/www.intekview.com\/wp-content\/uploads\/2024\/07\/K730EW-3-FR-400x247.jpg 400w, https:\/\/www.intekview.com\/wp-content\/uploads\/2024\/07\/K730EW-3-FR-768x474.jpg 768w, https:\/\/www.intekview.com\/wp-content\/uploads\/2024\/07\/K730EW-3-FR-860x531.jpg 860w, https:\/\/www.intekview.com\/wp-content\/uploads\/2024\/07\/K730EW-3-FR-430x266.jpg 430w, https:\/\/www.intekview.com\/wp-content\/uploads\/2024\/07\/K730EW-3-FR-700x432.jpg 700w, https:\/\/www.intekview.com\/wp-content\/uploads\/2024\/07\/K730EW-3-FR-150x93.jpg 150w\" sizes=\"(max-width: 970px) 100vw, 970px\" \/><img loading=\"lazy\" decoding=\"async\" class=\"alignnone wp-image-18114 size-full\" src=\"https:\/\/www.intekview.com\/wp-content\/uploads\/2024\/07\/K730EW-4-FR.jpg\" alt=\"\" width=\"970\" height=\"599\" srcset=\"https:\/\/www.intekview.com\/wp-content\/uploads\/2024\/07\/K730EW-4-FR.jpg 970w, https:\/\/www.intekview.com\/wp-content\/uploads\/2024\/07\/K730EW-4-FR-400x247.jpg 400w, https:\/\/www.intekview.com\/wp-content\/uploads\/2024\/07\/K730EW-4-FR-768x474.jpg 768w, https:\/\/www.intekview.com\/wp-content\/uploads\/2024\/07\/K730EW-4-FR-860x531.jpg 860w, https:\/\/www.intekview.com\/wp-content\/uploads\/2024\/07\/K730EW-4-FR-430x266.jpg 430w, https:\/\/www.intekview.com\/wp-content\/uploads\/2024\/07\/K730EW-4-FR-700x432.jpg 700w, https:\/\/www.intekview.com\/wp-content\/uploads\/2024\/07\/K730EW-4-FR-150x93.jpg 150w\" sizes=\"(max-width: 970px) 100vw, 970px\" \/><\/p>\n\t\t\t\t\t<\/div>\n\t\t\t\t\t\t<\/div>\n\t\t\t\t<\/div>\n\t\t\t\t\t<\/div>\n\t\t<\/div>\n\t\t\t\t\t<\/div>\n\t\t<\/section>\n\t\t\t\t<\/div>\n\t\t","protected":false},"excerpt":{"rendered":"<p>Voici le K730EW, un clavier filaire ultra-mince con\u00e7u dans un souci d&rsquo;ergonomie. Ce clavier pr\u00e9sente un design \u00e9l\u00e9gant et sophistiqu\u00e9 qui s&rsquo;int\u00e8gre parfaitement \u00e0 tout espace de travail, tout en offrant le confort et le soutien n\u00e9cessaires pour des sessions de frappe prolong\u00e9es.<\/p>\n","protected":false},"featured_media":15701,"template":"","meta":[],"product_brand":[],"product_cat":[103,105,104],"product_tag":[],"class_list":{"0":"post-15733","1":"product","2":"type-product","3":"status-publish","4":"has-post-thumbnail","6":"product_cat-accessoires-informatiques","7":"product_cat-anglais","8":"product_cat-claviers","10":"first","11":"instock","12":"shipping-taxable","13":"purchasable","14":"product-type-simple"},"_links":{"self":[{"href":"https:\/\/www.intekview.com\/fr\/wp-json\/wp\/v2\/product\/15733","targetHints":{"allow":["GET"]}}],"collection":[{"href":"https:\/\/www.intekview.com\/fr\/wp-json\/wp\/v2\/product"}],"about":[{"href":"https:\/\/www.intekview.com\/fr\/wp-json\/wp\/v2\/types\/product"}],"version-history":[{"count":20,"href":"https:\/\/www.intekview.com\/fr\/wp-json\/wp\/v2\/product\/15733\/revisions"}],"predecessor-version":[{"id":18707,"href":"https:\/\/www.intekview.com\/fr\/wp-json\/wp\/v2\/product\/15733\/revisions\/18707"}],"wp:featuredmedia":[{"embeddable":true,"href":"https:\/\/www.intekview.com\/fr\/wp-json\/wp\/v2\/media\/15701"}],"wp:attachment":[{"href":"https:\/\/www.intekview.com\/fr\/wp-json\/wp\/v2\/media?parent=15733"}],"wp:term":[{"taxonomy":"product_brand","embeddable":true,"href":"https:\/\/www.intekview.com\/fr\/wp-json\/wp\/v2\/product_brand?post=15733"},{"taxonomy":"product_cat","embeddable":true,"href":"https:\/\/www.intekview.com\/fr\/wp-json\/wp\/v2\/product_cat?post=15733"},{"taxonomy":"product_tag","embeddable":true,"href":"https:\/\/www.intekview.com\/fr\/wp-json\/wp\/v2\/product_tag?post=15733"}],"curies":[{"name":"wp","href":"https:\/\/api.w.org\/{rel}","templated":true}]}}